{"id":18802,"date":"2025-03-20T19:29:12","date_gmt":"2025-03-20T19:29:12","guid":{"rendered":"https:\/\/neylaropadedanza.es\/product\/elmira\/"},"modified":"2025-03-20T19:29:12","modified_gmt":"2025-03-20T19:29:12","slug":"elmira","status":"publish","type":"product","link":"https:\/\/neylaropadedanza.es\/fr\/product\/elmira\/","title":{"rendered":"Elmira"},"content":{"rendered":"<h3 data-start=\"111\" data-end=\"184\"><strong data-start=\"115\" data-end=\"182\">Costume de Danse du Ventre Elmira \u2013 \u00c9l\u00e9gance et Mouvement<\/strong><\/h3>\n<p data-start=\"86\" data-end=\"200\">\ud83c\udf89 <strong data-start=\"89\" data-end=\"118\">R\u00e9ductions sur quantit\u00e9 !<\/strong> \ud83c\udf89 Si vous faites partie d\u2019un groupe, profitez de nos remises sp\u00e9ciales :<\/p>\n<p data-start=\"202\" data-end=\"326\">\u2705 <strong data-start=\"204\" data-end=\"222\">5 costumes ou plus<\/strong> \u2192 3 % de r\u00e9duction<br data-start=\"240\" data-end=\"243\">\u2705 <strong data-start=\"245\" data-end=\"264\">10 costumes ou plus <\/strong>\u2192 5 % de r\u00e9duction<br data-start=\"282\" data-end=\"285\">\u2705 <strong data-start=\"287\" data-end=\"306\">15 costumes ou plus <\/strong>\u2192 8 % de r\u00e9duction<\/p>\n<p data-start=\"328\" data-end=\"415\">Contactez-nous pour plus d\u2019informations et obtenez votre costume personnalis\u00e9 au meilleur prix.<\/p>\n<p data-start=\"186\" data-end=\"448\"><span style=\"text-align: justify;\">D\u00e9couvrez le charme du costume de danse du ventre <\/span><strong style=\"text-align: justify;\" data-start=\"237\" data-end=\"247\">Elmira<\/strong><span style=\"text-align: justify;\">, con\u00e7u pour sublimer chaque mouvement avec fluidit\u00e9 et sophistication. Cet ensemble deux pi\u00e8ces est le choix parfait pour les groupes de danseuses recherchant un style harmonieux et dynamique.Descubre el encanto del traje de danza del vientre Elmira <\/span><\/p>\n<p style=\"text-align: justify;\" data-start=\"450\" data-end=\"705\"><strong>Le soutien-gorge \u00e9gyptien d\u00e9cor\u00e9 de strass<\/strong> apporte une \u00e9tincelle sp\u00e9ciale, mettant en valeur le buste avec un design \u00e9l\u00e9gant et flatteur. Sa structure offre un maintien sans sacrifier le confort, vous permettant de bouger librement \u00e0 chaque tour et ondulation. <\/p>\n<p style=\"text-align: justify;\" data-start=\"707\" data-end=\"1049\"><strong data-start=\"710\" data-end=\"762\">La jupe ajust\u00e9e avec une fente et trois godets<\/strong> ajoute une chute spectaculaire. Avec deux panneaux lat\u00e9raux et un panneau arri\u00e8re, ces inserts en tissu fluide cr\u00e9ent un effet visuel saisissant lors de la danse, apportant du volume et du mouvement \u00e0 chaque pas. Le design \u00e9quilibre sensualit\u00e9 et sophistication, rendant chaque chor\u00e9graphie encore plus expressive.  <\/p>\n<p style=\"text-align: justify;\" data-start=\"1051\" data-end=\"1267\">Chaque costume est fait <strong data-start=\"1062\" data-end=\"1089\">sur mesure<\/strong>, garantissant un ajustement parfait pour chaque danseuse. Nous ne travaillons pas avec des tailles standard, mais adaptons chaque mod\u00e8le aux besoins et mesures sp\u00e9cifiques de celle qui le porte. <\/p>\n<p style=\"text-align: justify;\" data-start=\"1269\" data-end=\"1538\">De plus, <strong data-start=\"1281\" data-end=\"1343\">les d\u00e9lais de livraison sont convenus directement avec le client<\/strong>, en fonction de la disponibilit\u00e9 et de la quantit\u00e9 d\u2019unit\u00e9s demand\u00e9es. Si vous avez besoin de votre costume pour une date pr\u00e9cise, veuillez nous contacter \u00e0 l\u2019avance afin de coordonner la livraison sans probl\u00e8me. <\/p>\n<p style=\"text-align: justify;\" data-start=\"1540\" data-end=\"1746\">Si vous cherchez un costume qui allie tradition et modernit\u00e9, <strong data-start=\"1595\" data-end=\"1605\">Elmira<\/strong> est votre meilleure option. \u00c9levez votre pr\u00e9sence \u00e0 chaque cours de danse du ventre avec cet ensemble impressionnant, sp\u00e9cialement con\u00e7u pour vous. <\/p>\n","protected":false},"excerpt":{"rendered":"<p>Produit sur mesure. Pour conna\u00eetre les d\u00e9lais de livraison, veuillez nous contacter \u00e0 l\u2019avance \u00e0 shop@neyladancewear.com <\/p>\n<p data-start=\"186\" data-end=\"448\">R\u00e9ductions sur quantit\u00e9 ! Si vous faites partie d\u2019un groupe, vous pouvez b\u00e9n\u00e9ficier d\u2019une remise : <\/p>\n<table style=\"border-collapse: collapse; width: 61.8327%;\">\n<tbody>\n<tr>\n<td style=\"width: 35.3764%;\">5 costumes ou plus<\/td>\n<td style=\"width: 35.9677%;\">3 % de r\u00e9duction<\/td>\n<\/tr>\n<tr>\n<td style=\"width: 35.3764%;\">5 costumes ou plus<\/td>\n<td style=\"width: 35.9677%;\">3 % de r\u00e9duction<\/td>\n<\/tr>\n<tr>\n<td style=\"width: 35.3764%;\">15 costumes ou plus<\/td>\n<td style=\"width: 35.9677%;\">8 % de r\u00e9duction<\/td>\n<\/tr>\n<\/tbody>\n<\/table>\n<p>&nbsp;<\/p>\n","protected":false},"featured_media":18642,"comment_status":"open","ping_status":"closed","template":"","meta":{"content-type":"","_monsterinsights_skip_tracking":false,"_monsterinsights_sitenote_active":false,"_monsterinsights_sitenote_note":"","_monsterinsights_sitenote_category":0,"_uf_show_specific_survey":0,"_uf_disable_surveys":false},"product_brand":[],"product_cat":[985,987],"product_tag":[1359,1104,1428,1434,1120,1411,1423,1084,1462,1299,1450],"class_list":{"0":"post-18802","1":"product","2":"type-product","3":"status-publish","4":"has-post-thumbnail","6":"product_cat-costumes-fr","7":"product_cat-neyla-basics-groupes","8":"product_tag-costume-de-danse-du-ventre","9":"product_tag-costume-de-danse-orientale","10":"product_tag-costume-de-danse-orientale-fr-3","11":"product_tag-costume-egyptien","12":"product_tag-danse-du-ventre","13":"product_tag-jupe-avec-godets","14":"product_tag-mode-pour-danseuses","15":"product_tag-soutien-gorge-egyptien","16":"product_tag-top-orne-de-strass","17":"product_tag-vetements-de-danse-orientale","18":"product_tag-vetements-pour-danser-la-danse-du-ventre","19":"product_shipping_class-standard-fr","21":"first","22":"outofstock","23":"sale","24":"taxable","25":"shipping-taxable","26":"purchasable","27":"product-type-simple","28":"add-to-wishlist-after_add_to_cart"},"yoast_head":"<!-- This site is optimized with the Yoast SEO plugin v26.6 - https:\/\/yoast.com\/wordpress\/plugins\/seo\/ -->\n<title>Elmira - Neyla Dancewear - V\u00eatements de danse du ventre<\/title>\n<meta name=\"description\" content=\"D\u00e9couvrez Elmira, un costume de danse du ventre fait sur mesure. Avec un soutien-gorge \u00e9gyptien orn\u00e9 de strass et une jupe avec godets, il est id\u00e9al pour les cours et les groupes.\" \/>\n<meta name=\"robots\" content=\"index, follow, max-snippet:-1, max-image-preview:large, max-video-preview:-1\" \/>\n<link rel=\"canonical\" href=\"https:\/\/neylaropadedanza.es\/fr\/product\/elmira\/\" \/>\n<meta property=\"og:locale\" content=\"fr_FR\" \/>\n<meta property=\"og:type\" content=\"article\" \/>\n<meta property=\"og:title\" content=\"Elmira - Neyla Dancewear - V\u00eatements de danse du ventre\" \/>\n<meta property=\"og:description\" content=\"D\u00e9couvrez Elmira, un costume de danse du ventre fait sur mesure. Avec un soutien-gorge \u00e9gyptien orn\u00e9 de strass et une jupe avec godets, il est id\u00e9al pour les cours et les groupes.\" \/>\n<meta property=\"og:url\" content=\"https:\/\/neylaropadedanza.es\/fr\/product\/elmira\/\" \/>\n<meta property=\"og:site_name\" content=\"Neyla Dancewear\" \/>\n<meta property=\"article:publisher\" content=\"https:\/\/www.facebook.com\/neyladancewear\/\" \/>\n<meta property=\"og:image\" content=\"https:\/\/neylaropadedanza.com\/wp-content\/uploads\/2025\/03\/Ropa-de-Danza-del-Vientre-42-1.jpg\" \/>\n\t<meta property=\"og:image:width\" content=\"869\" \/>\n\t<meta property=\"og:image:height\" content=\"1100\" \/>\n\t<meta property=\"og:image:type\" content=\"image\/jpeg\" \/>\n<meta name=\"twitter:card\" content=\"summary_large_image\" \/>\n<meta name=\"twitter:label1\" content=\"Dur\u00e9e de lecture estim\u00e9e\" \/>\n\t<meta name=\"twitter:data1\" content=\"2 minutes\" \/>\n<script type=\"application\/ld+json\" class=\"yoast-schema-graph\">{\"@context\":\"https:\/\/schema.org\",\"@graph\":[{\"@type\":\"WebPage\",\"@id\":\"https:\/\/neylaropadedanza.es\/fr\/product\/elmira\/\",\"url\":\"https:\/\/neylaropadedanza.es\/fr\/product\/elmira\/\",\"name\":\"Elmira - Neyla Dancewear - V\u00eatements de danse du ventre\",\"isPartOf\":{\"@id\":\"https:\/\/neylaropadedanza.com\/#website\"},\"primaryImageOfPage\":{\"@id\":\"https:\/\/neylaropadedanza.es\/fr\/product\/elmira\/#primaryimage\"},\"image\":{\"@id\":\"https:\/\/neylaropadedanza.es\/fr\/product\/elmira\/#primaryimage\"},\"thumbnailUrl\":\"https:\/\/neylaropadedanza.es\/wp-content\/uploads\/2025\/03\/Ropa-de-Danza-del-Vientre-42-1.jpg\",\"datePublished\":\"2025-03-20T19:29:12+00:00\",\"description\":\"D\u00e9couvrez Elmira, un costume de danse du ventre fait sur mesure. Avec un soutien-gorge \u00e9gyptien orn\u00e9 de strass et une jupe avec godets, il est id\u00e9al pour les cours et les groupes.\",\"breadcrumb\":{\"@id\":\"https:\/\/neylaropadedanza.es\/fr\/product\/elmira\/#breadcrumb\"},\"inLanguage\":\"fr-FR\",\"potentialAction\":[{\"@type\":\"ReadAction\",\"target\":[\"https:\/\/neylaropadedanza.es\/fr\/product\/elmira\/\"]}]},{\"@type\":\"ImageObject\",\"inLanguage\":\"fr-FR\",\"@id\":\"https:\/\/neylaropadedanza.es\/fr\/product\/elmira\/#primaryimage\",\"url\":\"https:\/\/neylaropadedanza.es\/wp-content\/uploads\/2025\/03\/Ropa-de-Danza-del-Vientre-42-1.jpg\",\"contentUrl\":\"https:\/\/neylaropadedanza.es\/wp-content\/uploads\/2025\/03\/Ropa-de-Danza-del-Vientre-42-1.jpg\",\"width\":869,\"height\":1100,\"caption\":\"Costume de danse orientale avec strass et jupe \u00e9l\u00e9gante pour spectacle.\"},{\"@type\":\"BreadcrumbList\",\"@id\":\"https:\/\/neylaropadedanza.es\/fr\/product\/elmira\/#breadcrumb\",\"itemListElement\":[{\"@type\":\"ListItem\",\"position\":1,\"name\":\"Home\",\"item\":\"https:\/\/neylaropadedanza.es\/fr\/\"},{\"@type\":\"ListItem\",\"position\":2,\"name\":\"Produits\",\"item\":\"https:\/\/neylaropadedanza.es\/fr\/shop\/\"},{\"@type\":\"ListItem\",\"position\":3,\"name\":\"Elmira\"}]},{\"@type\":\"WebSite\",\"@id\":\"https:\/\/neylaropadedanza.com\/#website\",\"url\":\"https:\/\/neylaropadedanza.com\/\",\"name\":\"NeylaRopaDeDanza\",\"description\":\"Ropa de Danza del Vientre, danza oriental, trajes, ropa de ensayo y mucho m\u00e1s!\",\"publisher\":{\"@id\":\"https:\/\/neylaropadedanza.com\/#organization\"},\"potentialAction\":[{\"@type\":\"SearchAction\",\"target\":{\"@type\":\"EntryPoint\",\"urlTemplate\":\"https:\/\/neylaropadedanza.com\/?s={search_term_string}\"},\"query-input\":{\"@type\":\"PropertyValueSpecification\",\"valueRequired\":true,\"valueName\":\"search_term_string\"}}],\"inLanguage\":\"fr-FR\"},{\"@type\":\"Organization\",\"@id\":\"https:\/\/neylaropadedanza.com\/#organization\",\"name\":\"NeylaRopaDeDanza\",\"url\":\"https:\/\/neylaropadedanza.com\/\",\"logo\":{\"@type\":\"ImageObject\",\"inLanguage\":\"fr-FR\",\"@id\":\"https:\/\/neylaropadedanza.com\/#\/schema\/logo\/image\/\",\"url\":\"https:\/\/neylaropadedanza.es\/wp-content\/uploads\/2025\/04\/Neyla-Blanc.webp\",\"contentUrl\":\"https:\/\/neylaropadedanza.es\/wp-content\/uploads\/2025\/04\/Neyla-Blanc.webp\",\"width\":1970,\"height\":936,\"caption\":\"NeylaRopaDeDanza\"},\"image\":{\"@id\":\"https:\/\/neylaropadedanza.com\/#\/schema\/logo\/image\/\"},\"sameAs\":[\"https:\/\/www.facebook.com\/neyladancewear\/\",\"https:\/\/www.instagram.com\/neyladancewear\/\",\"https:\/\/www.youtube.com\/channel\/UCKlqrANcZD0QqKXzpy4taWA?view_as=subscriber\"]}]}<\/script>\n<!-- \/ Yoast SEO plugin. -->","yoast_head_json":{"title":"Elmira - Neyla Dancewear - V\u00eatements de danse du ventre","description":"D\u00e9couvrez Elmira, un costume de danse du ventre fait sur mesure. Avec un soutien-gorge \u00e9gyptien orn\u00e9 de strass et une jupe avec godets, il est id\u00e9al pour les cours et les groupes.","robots":{"index":"index","follow":"follow","max-snippet":"max-snippet:-1","max-image-preview":"max-image-preview:large","max-video-preview":"max-video-preview:-1"},"canonical":"https:\/\/neylaropadedanza.es\/fr\/product\/elmira\/","og_locale":"fr_FR","og_type":"article","og_title":"Elmira - Neyla Dancewear - V\u00eatements de danse du ventre","og_description":"D\u00e9couvrez Elmira, un costume de danse du ventre fait sur mesure. Avec un soutien-gorge \u00e9gyptien orn\u00e9 de strass et une jupe avec godets, il est id\u00e9al pour les cours et les groupes.","og_url":"https:\/\/neylaropadedanza.es\/fr\/product\/elmira\/","og_site_name":"Neyla Dancewear","article_publisher":"https:\/\/www.facebook.com\/neyladancewear\/","og_image":[{"width":869,"height":1100,"url":"https:\/\/neylaropadedanza.com\/wp-content\/uploads\/2025\/03\/Ropa-de-Danza-del-Vientre-42-1.jpg","type":"image\/jpeg"}],"twitter_card":"summary_large_image","twitter_misc":{"Dur\u00e9e de lecture estim\u00e9e":"2 minutes"},"schema":{"@context":"https:\/\/schema.org","@graph":[{"@type":"WebPage","@id":"https:\/\/neylaropadedanza.es\/fr\/product\/elmira\/","url":"https:\/\/neylaropadedanza.es\/fr\/product\/elmira\/","name":"Elmira - Neyla Dancewear - V\u00eatements de danse du ventre","isPartOf":{"@id":"https:\/\/neylaropadedanza.com\/#website"},"primaryImageOfPage":{"@id":"https:\/\/neylaropadedanza.es\/fr\/product\/elmira\/#primaryimage"},"image":{"@id":"https:\/\/neylaropadedanza.es\/fr\/product\/elmira\/#primaryimage"},"thumbnailUrl":"https:\/\/neylaropadedanza.es\/wp-content\/uploads\/2025\/03\/Ropa-de-Danza-del-Vientre-42-1.jpg","datePublished":"2025-03-20T19:29:12+00:00","description":"D\u00e9couvrez Elmira, un costume de danse du ventre fait sur mesure. Avec un soutien-gorge \u00e9gyptien orn\u00e9 de strass et une jupe avec godets, il est id\u00e9al pour les cours et les groupes.","breadcrumb":{"@id":"https:\/\/neylaropadedanza.es\/fr\/product\/elmira\/#breadcrumb"},"inLanguage":"fr-FR","potentialAction":[{"@type":"ReadAction","target":["https:\/\/neylaropadedanza.es\/fr\/product\/elmira\/"]}]},{"@type":"ImageObject","inLanguage":"fr-FR","@id":"https:\/\/neylaropadedanza.es\/fr\/product\/elmira\/#primaryimage","url":"https:\/\/neylaropadedanza.es\/wp-content\/uploads\/2025\/03\/Ropa-de-Danza-del-Vientre-42-1.jpg","contentUrl":"https:\/\/neylaropadedanza.es\/wp-content\/uploads\/2025\/03\/Ropa-de-Danza-del-Vientre-42-1.jpg","width":869,"height":1100,"caption":"Costume de danse orientale avec strass et jupe \u00e9l\u00e9gante pour spectacle."},{"@type":"BreadcrumbList","@id":"https:\/\/neylaropadedanza.es\/fr\/product\/elmira\/#breadcrumb","itemListElement":[{"@type":"ListItem","position":1,"name":"Home","item":"https:\/\/neylaropadedanza.es\/fr\/"},{"@type":"ListItem","position":2,"name":"Produits","item":"https:\/\/neylaropadedanza.es\/fr\/shop\/"},{"@type":"ListItem","position":3,"name":"Elmira"}]},{"@type":"WebSite","@id":"https:\/\/neylaropadedanza.com\/#website","url":"https:\/\/neylaropadedanza.com\/","name":"NeylaRopaDeDanza","description":"Ropa de Danza del Vientre, danza oriental, trajes, ropa de ensayo y mucho m\u00e1s!","publisher":{"@id":"https:\/\/neylaropadedanza.com\/#organization"},"potentialAction":[{"@type":"SearchAction","target":{"@type":"EntryPoint","urlTemplate":"https:\/\/neylaropadedanza.com\/?s={search_term_string}"},"query-input":{"@type":"PropertyValueSpecification","valueRequired":true,"valueName":"search_term_string"}}],"inLanguage":"fr-FR"},{"@type":"Organization","@id":"https:\/\/neylaropadedanza.com\/#organization","name":"NeylaRopaDeDanza","url":"https:\/\/neylaropadedanza.com\/","logo":{"@type":"ImageObject","inLanguage":"fr-FR","@id":"https:\/\/neylaropadedanza.com\/#\/schema\/logo\/image\/","url":"https:\/\/neylaropadedanza.es\/wp-content\/uploads\/2025\/04\/Neyla-Blanc.webp","contentUrl":"https:\/\/neylaropadedanza.es\/wp-content\/uploads\/2025\/04\/Neyla-Blanc.webp","width":1970,"height":936,"caption":"NeylaRopaDeDanza"},"image":{"@id":"https:\/\/neylaropadedanza.com\/#\/schema\/logo\/image\/"},"sameAs":["https:\/\/www.facebook.com\/neyladancewear\/","https:\/\/www.instagram.com\/neyladancewear\/","https:\/\/www.youtube.com\/channel\/UCKlqrANcZD0QqKXzpy4taWA?view_as=subscriber"]}]}},"_links":{"self":[{"href":"https:\/\/neylaropadedanza.es\/fr\/wp-json\/wp\/v2\/product\/18802","targetHints":{"allow":["GET"]}}],"collection":[{"href":"https:\/\/neylaropadedanza.es\/fr\/wp-json\/wp\/v2\/product"}],"about":[{"href":"https:\/\/neylaropadedanza.es\/fr\/wp-json\/wp\/v2\/types\/product"}],"replies":[{"embeddable":true,"href":"https:\/\/neylaropadedanza.es\/fr\/wp-json\/wp\/v2\/comments?post=18802"}],"version-history":[{"count":0,"href":"https:\/\/neylaropadedanza.es\/fr\/wp-json\/wp\/v2\/product\/18802\/revisions"}],"wp:featuredmedia":[{"embeddable":true,"href":"https:\/\/neylaropadedanza.es\/fr\/wp-json\/wp\/v2\/media\/18642"}],"wp:attachment":[{"href":"https:\/\/neylaropadedanza.es\/fr\/wp-json\/wp\/v2\/media?parent=18802"}],"wp:term":[{"taxonomy":"product_brand","embeddable":true,"href":"https:\/\/neylaropadedanza.es\/fr\/wp-json\/wp\/v2\/product_brand?post=18802"},{"taxonomy":"product_cat","embeddable":true,"href":"https:\/\/neylaropadedanza.es\/fr\/wp-json\/wp\/v2\/product_cat?post=18802"},{"taxonomy":"product_tag","embeddable":true,"href":"https:\/\/neylaropadedanza.es\/fr\/wp-json\/wp\/v2\/product_tag?post=18802"}],"curies":[{"name":"wp","href":"https:\/\/api.w.org\/{rel}","templated":true}]}}