{"id":18756,"date":"2025-05-02T13:57:58","date_gmt":"2025-05-02T13:57:58","guid":{"rendered":"https:\/\/neylaropadedanza.es\/product\/ceinture-ornee-de-strass-fleur-de-lotus\/"},"modified":"2025-07-14T20:10:46","modified_gmt":"2025-07-14T20:10:46","slug":"ceinture-ornee-de-strass-fleur-de-lotus","status":"publish","type":"product","link":"https:\/\/neylaropadedanza.es\/fr\/product\/ceinture-ornee-de-strass-fleur-de-lotus\/","title":{"rendered":"Ceinture orn\u00e9e de strass Fleur de Lotus"},"content":{"rendered":"<h2 style=\"text-align: justify;\" data-start=\"270\" data-end=\"355\"><strong data-start=\"270\" data-end=\"355\">Ceinture orn\u00e9e de strass Fleur de Lotus \u2013 Lumi\u00e8re, \u00e9l\u00e9gance et pr\u00e9sence sc\u00e9nique<\/strong><\/h2>\n<p class=\"\" style=\"text-align: justify;\" data-start=\"357\" data-end=\"670\">Ce spectaculaire ceinture orn\u00e9e de strass a \u00e9t\u00e9 soigneusement s\u00e9lectionn\u00e9e par <strong data-start=\"436\" data-end=\"455\">Neyla Dancewear<\/strong> pour sublimer la silhouette et apporter une touche \u00e9clatante \u00e0 toute tenue de danse du ventre. Con\u00e7ue pour les danseuses qui souhaitent briller sur sc\u00e8ne, cet accessoire allie esth\u00e9tique, brillance et fluidit\u00e9 de mouvement. <\/p>\n<p class=\"\" style=\"text-align: justify;\" data-start=\"672\" data-end=\"1050\">Elle est compos\u00e9e d\u2019\u00e9l\u00e9ments en cristal \u00e0 effet iris\u00e9, dans des tons multicolores, dispos\u00e9s dans un design ornemental aux formes florales, avec des gouttes suspendues et des d\u00e9tails circulaires qui captent la lumi\u00e8re sous tous les angles. Sa structure articul\u00e9e s\u2019adapte en douceur au contour de la taille ou des hanches, et son fermoir r\u00e9glable permet un usage polyvalent et confortable. <\/p>\n<p class=\"\" style=\"text-align: justify;\" data-start=\"1052\" data-end=\"1393\">Parfaite pour des styles tels que la <strong data-start=\"1079\" data-end=\"1097\">danse orientale<\/strong>, l<strong data-start=\"1099\" data-end=\"1116\">a danse \u00e9gyptienne<\/strong>, <strong data-start=\"1118\" data-end=\"1135\">le tribal fusion<\/strong> et d\u2019autres disciplines sc\u00e9niques, cette ceinture apporte un dynamisme visuel \u00e0 chaque vibration, rotation ou d\u00e9placement. C\u2019est une pi\u00e8ce essentielle pour renforcer l\u2019impact visuel de vos prestations, que ce soit lors d\u2019\u00e9v\u00e9nements professionnels, de s\u00e9ances photo ou de pr\u00e9sentations. <\/p>\n<p class=\"\" style=\"text-align: justify;\" data-start=\"1395\" data-end=\"1650\">Vous pouvez la combiner avec des jupes unies, des tenues transparentes, des ensembles d\u2019entra\u00eenement ou des costumes de sc\u00e8ne plus \u00e9labor\u00e9s. Son design \u00e9l\u00e9gant et audacieux en fait un accessoire indispensable dans la garde-robe de toute danseuse orientale. <\/p>\n<p class=\"\" style=\"text-align: justify;\" data-start=\"1652\" data-end=\"1764\"><strong data-start=\"1652\" data-end=\"1671\">Neyla Dancewear<\/strong> s\u00e9lectionne des pi\u00e8ces de haute qualit\u00e9 qui accompagnent votre danse avec s\u00e9curit\u00e9, style et distinction.<\/p>\n","protected":false},"excerpt":{"rendered":"<p>Ceinture orn\u00e9e de strass Fleur de Lotus \u2013 Lumi\u00e8re, \u00e9l\u00e9gance et pr\u00e9sence sc\u00e9nique Ce spectaculaire ceinture orn\u00e9e de strass a \u00e9t\u00e9 soigneusement s\u00e9lectionn\u00e9e par Neyla Dancewear pour sublimer la silhouette et apporter une touche \u00e9clatante \u00e0 toute tenue de danse du ventre. Con\u00e7ue pour les danseuses qui souhaitent briller sur sc\u00e8ne, cet accessoire allie esth\u00e9tique, [&hellip;]<\/p>\n","protected":false},"featured_media":18736,"comment_status":"open","ping_status":"closed","template":"","meta":{"content-type":"","_monsterinsights_skip_tracking":false,"_monsterinsights_sitenote_active":false,"_monsterinsights_sitenote_note":"","_monsterinsights_sitenote_category":0,"_uf_show_specific_survey":0,"_uf_disable_surveys":false},"product_brand":[],"product_cat":[950,957],"product_tag":[996,997,999,1000,994],"class_list":{"0":"post-18756","1":"product","2":"type-product","3":"status-publish","4":"has-post-thumbnail","6":"product_cat-accessoires","7":"product_cat-ceintures-en-strass","8":"product_tag-accessoire-pour-danseuses","9":"product_tag-bijoux-de-danse-orientale","10":"product_tag-ceinture-de-danse-du-ventre-ornee-de-strass","11":"product_tag-ceinture-en-strass-de-danse","12":"product_tag-neyla-dancewear-fr","14":"first","15":"outofstock","16":"sale","17":"taxable","18":"shipping-taxable","19":"purchasable","20":"product-type-simple","21":"add-to-wishlist-after_add_to_cart"},"yoast_head":"<!-- This site is optimized with the Yoast SEO plugin v26.6 - https:\/\/yoast.com\/wordpress\/plugins\/seo\/ -->\n<title>Ceinture orn\u00e9e de strass Fleur de Lotus - Neyla Dancewear<\/title>\n<meta name=\"robots\" content=\"index, follow, max-snippet:-1, max-image-preview:large, max-video-preview:-1\" \/>\n<link rel=\"canonical\" href=\"https:\/\/neylaropadedanza.es\/fr\/product\/ceinture-ornee-de-strass-fleur-de-lotus\/\" \/>\n<meta property=\"og:locale\" content=\"fr_FR\" \/>\n<meta property=\"og:type\" content=\"article\" \/>\n<meta property=\"og:title\" content=\"Ceinture orn\u00e9e de strass Fleur de Lotus - Neyla Dancewear\" \/>\n<meta property=\"og:description\" content=\"Ceinture orn\u00e9e de strass Fleur de Lotus \u2013 Lumi\u00e8re, \u00e9l\u00e9gance et pr\u00e9sence sc\u00e9nique Ce spectaculaire ceinture orn\u00e9e de strass a \u00e9t\u00e9 soigneusement s\u00e9lectionn\u00e9e par Neyla Dancewear pour sublimer la silhouette et apporter une touche \u00e9clatante \u00e0 toute tenue de danse du ventre. Con\u00e7ue pour les danseuses qui souhaitent briller sur sc\u00e8ne, cet accessoire allie esth\u00e9tique, [&hellip;]\" \/>\n<meta property=\"og:url\" content=\"https:\/\/neylaropadedanza.es\/fr\/product\/ceinture-ornee-de-strass-fleur-de-lotus\/\" \/>\n<meta property=\"og:site_name\" content=\"Neyla Dancewear\" \/>\n<meta property=\"article:publisher\" content=\"https:\/\/www.facebook.com\/neyladancewear\/\" \/>\n<meta property=\"article:modified_time\" content=\"2025-07-14T20:10:46+00:00\" \/>\n<meta property=\"og:image\" content=\"https:\/\/neylaropadedanza.com\/wp-content\/uploads\/2025\/05\/Ropa-de-Danza-del-Vientre-18.jpg\" \/>\n\t<meta property=\"og:image:width\" content=\"1150\" \/>\n\t<meta property=\"og:image:height\" content=\"1100\" \/>\n\t<meta property=\"og:image:type\" content=\"image\/jpeg\" \/>\n<meta name=\"twitter:card\" content=\"summary_large_image\" \/>\n<meta name=\"twitter:label1\" content=\"Dur\u00e9e de lecture estim\u00e9e\" \/>\n\t<meta name=\"twitter:data1\" content=\"1 minute\" \/>\n<script type=\"application\/ld+json\" class=\"yoast-schema-graph\">{\"@context\":\"https:\/\/schema.org\",\"@graph\":[{\"@type\":\"WebPage\",\"@id\":\"https:\/\/neylaropadedanza.es\/fr\/product\/ceinture-ornee-de-strass-fleur-de-lotus\/\",\"url\":\"https:\/\/neylaropadedanza.es\/fr\/product\/ceinture-ornee-de-strass-fleur-de-lotus\/\",\"name\":\"Ceinture orn\u00e9e de strass Fleur de Lotus - Neyla Dancewear\",\"isPartOf\":{\"@id\":\"https:\/\/neylaropadedanza.com\/#website\"},\"primaryImageOfPage\":{\"@id\":\"https:\/\/neylaropadedanza.es\/fr\/product\/ceinture-ornee-de-strass-fleur-de-lotus\/#primaryimage\"},\"image\":{\"@id\":\"https:\/\/neylaropadedanza.es\/fr\/product\/ceinture-ornee-de-strass-fleur-de-lotus\/#primaryimage\"},\"thumbnailUrl\":\"https:\/\/neylaropadedanza.es\/wp-content\/uploads\/2025\/05\/Ropa-de-Danza-del-Vientre-18.jpg\",\"datePublished\":\"2025-05-02T13:57:58+00:00\",\"dateModified\":\"2025-07-14T20:10:46+00:00\",\"breadcrumb\":{\"@id\":\"https:\/\/neylaropadedanza.es\/fr\/product\/ceinture-ornee-de-strass-fleur-de-lotus\/#breadcrumb\"},\"inLanguage\":\"fr-FR\",\"potentialAction\":[{\"@type\":\"ReadAction\",\"target\":[\"https:\/\/neylaropadedanza.es\/fr\/product\/ceinture-ornee-de-strass-fleur-de-lotus\/\"]}]},{\"@type\":\"ImageObject\",\"inLanguage\":\"fr-FR\",\"@id\":\"https:\/\/neylaropadedanza.es\/fr\/product\/ceinture-ornee-de-strass-fleur-de-lotus\/#primaryimage\",\"url\":\"https:\/\/neylaropadedanza.es\/wp-content\/uploads\/2025\/05\/Ropa-de-Danza-del-Vientre-18.jpg\",\"contentUrl\":\"https:\/\/neylaropadedanza.es\/wp-content\/uploads\/2025\/05\/Ropa-de-Danza-del-Vientre-18.jpg\",\"width\":1150,\"height\":1100,\"caption\":\"Ceinture de danse du ventre orn\u00e9e de strass avec cristaux en forme de fleur et de goutte.\"},{\"@type\":\"BreadcrumbList\",\"@id\":\"https:\/\/neylaropadedanza.es\/fr\/product\/ceinture-ornee-de-strass-fleur-de-lotus\/#breadcrumb\",\"itemListElement\":[{\"@type\":\"ListItem\",\"position\":1,\"name\":\"Home\",\"item\":\"https:\/\/neylaropadedanza.es\/fr\/\"},{\"@type\":\"ListItem\",\"position\":2,\"name\":\"Produits\",\"item\":\"https:\/\/neylaropadedanza.es\/fr\/shop\/\"},{\"@type\":\"ListItem\",\"position\":3,\"name\":\"Ceinture orn\u00e9e de strass Fleur de Lotus\"}]},{\"@type\":\"WebSite\",\"@id\":\"https:\/\/neylaropadedanza.com\/#website\",\"url\":\"https:\/\/neylaropadedanza.com\/\",\"name\":\"NeylaRopaDeDanza\",\"description\":\"Ropa de Danza del Vientre, danza oriental, trajes, ropa de ensayo y mucho m\u00e1s!\",\"publisher\":{\"@id\":\"https:\/\/neylaropadedanza.com\/#organization\"},\"potentialAction\":[{\"@type\":\"SearchAction\",\"target\":{\"@type\":\"EntryPoint\",\"urlTemplate\":\"https:\/\/neylaropadedanza.com\/?s={search_term_string}\"},\"query-input\":{\"@type\":\"PropertyValueSpecification\",\"valueRequired\":true,\"valueName\":\"search_term_string\"}}],\"inLanguage\":\"fr-FR\"},{\"@type\":\"Organization\",\"@id\":\"https:\/\/neylaropadedanza.com\/#organization\",\"name\":\"NeylaRopaDeDanza\",\"url\":\"https:\/\/neylaropadedanza.com\/\",\"logo\":{\"@type\":\"ImageObject\",\"inLanguage\":\"fr-FR\",\"@id\":\"https:\/\/neylaropadedanza.com\/#\/schema\/logo\/image\/\",\"url\":\"https:\/\/neylaropadedanza.es\/wp-content\/uploads\/2025\/04\/Neyla-Blanc.webp\",\"contentUrl\":\"https:\/\/neylaropadedanza.es\/wp-content\/uploads\/2025\/04\/Neyla-Blanc.webp\",\"width\":1970,\"height\":936,\"caption\":\"NeylaRopaDeDanza\"},\"image\":{\"@id\":\"https:\/\/neylaropadedanza.com\/#\/schema\/logo\/image\/\"},\"sameAs\":[\"https:\/\/www.facebook.com\/neyladancewear\/\",\"https:\/\/www.instagram.com\/neyladancewear\/\",\"https:\/\/www.youtube.com\/channel\/UCKlqrANcZD0QqKXzpy4taWA?view_as=subscriber\"]}]}<\/script>\n<!-- \/ Yoast SEO plugin. -->","yoast_head_json":{"title":"Ceinture orn\u00e9e de strass Fleur de Lotus - Neyla Dancewear","robots":{"index":"index","follow":"follow","max-snippet":"max-snippet:-1","max-image-preview":"max-image-preview:large","max-video-preview":"max-video-preview:-1"},"canonical":"https:\/\/neylaropadedanza.es\/fr\/product\/ceinture-ornee-de-strass-fleur-de-lotus\/","og_locale":"fr_FR","og_type":"article","og_title":"Ceinture orn\u00e9e de strass Fleur de Lotus - Neyla Dancewear","og_description":"Ceinture orn\u00e9e de strass Fleur de Lotus \u2013 Lumi\u00e8re, \u00e9l\u00e9gance et pr\u00e9sence sc\u00e9nique Ce spectaculaire ceinture orn\u00e9e de strass a \u00e9t\u00e9 soigneusement s\u00e9lectionn\u00e9e par Neyla Dancewear pour sublimer la silhouette et apporter une touche \u00e9clatante \u00e0 toute tenue de danse du ventre. Con\u00e7ue pour les danseuses qui souhaitent briller sur sc\u00e8ne, cet accessoire allie esth\u00e9tique, [&hellip;]","og_url":"https:\/\/neylaropadedanza.es\/fr\/product\/ceinture-ornee-de-strass-fleur-de-lotus\/","og_site_name":"Neyla Dancewear","article_publisher":"https:\/\/www.facebook.com\/neyladancewear\/","article_modified_time":"2025-07-14T20:10:46+00:00","og_image":[{"width":1150,"height":1100,"url":"https:\/\/neylaropadedanza.com\/wp-content\/uploads\/2025\/05\/Ropa-de-Danza-del-Vientre-18.jpg","type":"image\/jpeg"}],"twitter_card":"summary_large_image","twitter_misc":{"Dur\u00e9e de lecture estim\u00e9e":"1 minute"},"schema":{"@context":"https:\/\/schema.org","@graph":[{"@type":"WebPage","@id":"https:\/\/neylaropadedanza.es\/fr\/product\/ceinture-ornee-de-strass-fleur-de-lotus\/","url":"https:\/\/neylaropadedanza.es\/fr\/product\/ceinture-ornee-de-strass-fleur-de-lotus\/","name":"Ceinture orn\u00e9e de strass Fleur de Lotus - Neyla Dancewear","isPartOf":{"@id":"https:\/\/neylaropadedanza.com\/#website"},"primaryImageOfPage":{"@id":"https:\/\/neylaropadedanza.es\/fr\/product\/ceinture-ornee-de-strass-fleur-de-lotus\/#primaryimage"},"image":{"@id":"https:\/\/neylaropadedanza.es\/fr\/product\/ceinture-ornee-de-strass-fleur-de-lotus\/#primaryimage"},"thumbnailUrl":"https:\/\/neylaropadedanza.es\/wp-content\/uploads\/2025\/05\/Ropa-de-Danza-del-Vientre-18.jpg","datePublished":"2025-05-02T13:57:58+00:00","dateModified":"2025-07-14T20:10:46+00:00","breadcrumb":{"@id":"https:\/\/neylaropadedanza.es\/fr\/product\/ceinture-ornee-de-strass-fleur-de-lotus\/#breadcrumb"},"inLanguage":"fr-FR","potentialAction":[{"@type":"ReadAction","target":["https:\/\/neylaropadedanza.es\/fr\/product\/ceinture-ornee-de-strass-fleur-de-lotus\/"]}]},{"@type":"ImageObject","inLanguage":"fr-FR","@id":"https:\/\/neylaropadedanza.es\/fr\/product\/ceinture-ornee-de-strass-fleur-de-lotus\/#primaryimage","url":"https:\/\/neylaropadedanza.es\/wp-content\/uploads\/2025\/05\/Ropa-de-Danza-del-Vientre-18.jpg","contentUrl":"https:\/\/neylaropadedanza.es\/wp-content\/uploads\/2025\/05\/Ropa-de-Danza-del-Vientre-18.jpg","width":1150,"height":1100,"caption":"Ceinture de danse du ventre orn\u00e9e de strass avec cristaux en forme de fleur et de goutte."},{"@type":"BreadcrumbList","@id":"https:\/\/neylaropadedanza.es\/fr\/product\/ceinture-ornee-de-strass-fleur-de-lotus\/#breadcrumb","itemListElement":[{"@type":"ListItem","position":1,"name":"Home","item":"https:\/\/neylaropadedanza.es\/fr\/"},{"@type":"ListItem","position":2,"name":"Produits","item":"https:\/\/neylaropadedanza.es\/fr\/shop\/"},{"@type":"ListItem","position":3,"name":"Ceinture orn\u00e9e de strass Fleur de Lotus"}]},{"@type":"WebSite","@id":"https:\/\/neylaropadedanza.com\/#website","url":"https:\/\/neylaropadedanza.com\/","name":"NeylaRopaDeDanza","description":"Ropa de Danza del Vientre, danza oriental, trajes, ropa de ensayo y mucho m\u00e1s!","publisher":{"@id":"https:\/\/neylaropadedanza.com\/#organization"},"potentialAction":[{"@type":"SearchAction","target":{"@type":"EntryPoint","urlTemplate":"https:\/\/neylaropadedanza.com\/?s={search_term_string}"},"query-input":{"@type":"PropertyValueSpecification","valueRequired":true,"valueName":"search_term_string"}}],"inLanguage":"fr-FR"},{"@type":"Organization","@id":"https:\/\/neylaropadedanza.com\/#organization","name":"NeylaRopaDeDanza","url":"https:\/\/neylaropadedanza.com\/","logo":{"@type":"ImageObject","inLanguage":"fr-FR","@id":"https:\/\/neylaropadedanza.com\/#\/schema\/logo\/image\/","url":"https:\/\/neylaropadedanza.es\/wp-content\/uploads\/2025\/04\/Neyla-Blanc.webp","contentUrl":"https:\/\/neylaropadedanza.es\/wp-content\/uploads\/2025\/04\/Neyla-Blanc.webp","width":1970,"height":936,"caption":"NeylaRopaDeDanza"},"image":{"@id":"https:\/\/neylaropadedanza.com\/#\/schema\/logo\/image\/"},"sameAs":["https:\/\/www.facebook.com\/neyladancewear\/","https:\/\/www.instagram.com\/neyladancewear\/","https:\/\/www.youtube.com\/channel\/UCKlqrANcZD0QqKXzpy4taWA?view_as=subscriber"]}]}},"_links":{"self":[{"href":"https:\/\/neylaropadedanza.es\/fr\/wp-json\/wp\/v2\/product\/18756","targetHints":{"allow":["GET"]}}],"collection":[{"href":"https:\/\/neylaropadedanza.es\/fr\/wp-json\/wp\/v2\/product"}],"about":[{"href":"https:\/\/neylaropadedanza.es\/fr\/wp-json\/wp\/v2\/types\/product"}],"replies":[{"embeddable":true,"href":"https:\/\/neylaropadedanza.es\/fr\/wp-json\/wp\/v2\/comments?post=18756"}],"version-history":[{"count":0,"href":"https:\/\/neylaropadedanza.es\/fr\/wp-json\/wp\/v2\/product\/18756\/revisions"}],"wp:featuredmedia":[{"embeddable":true,"href":"https:\/\/neylaropadedanza.es\/fr\/wp-json\/wp\/v2\/media\/18736"}],"wp:attachment":[{"href":"https:\/\/neylaropadedanza.es\/fr\/wp-json\/wp\/v2\/media?parent=18756"}],"wp:term":[{"taxonomy":"product_brand","embeddable":true,"href":"https:\/\/neylaropadedanza.es\/fr\/wp-json\/wp\/v2\/product_brand?post=18756"},{"taxonomy":"product_cat","embeddable":true,"href":"https:\/\/neylaropadedanza.es\/fr\/wp-json\/wp\/v2\/product_cat?post=18756"},{"taxonomy":"product_tag","embeddable":true,"href":"https:\/\/neylaropadedanza.es\/fr\/wp-json\/wp\/v2\/product_tag?post=18756"}],"curies":[{"name":"wp","href":"https:\/\/api.w.org\/{rel}","templated":true}]}}