{"id":1530,"date":"2025-04-24T11:53:35","date_gmt":"2025-04-24T11:53:35","guid":{"rendered":"https:\/\/neylaropadedanza.es\/qui-sommes-nous\/"},"modified":"2025-05-09T18:37:15","modified_gmt":"2025-05-09T18:37:15","slug":"qui-sommes-nous","status":"publish","type":"page","link":"https:\/\/neylaropadedanza.es\/fr\/qui-sommes-nous\/","title":{"rendered":"Qui sommes-nous ?"},"content":{"rendered":"\t\t<div data-elementor-type=\"wp-page\" data-elementor-id=\"1530\" class=\"elementor elementor-1530 elementor-940\" data-elementor-post-type=\"page\">\n\t\t\t\t<div class=\"elementor-element elementor-element-974626a e-con-full e-flex e-con e-parent\" data-id=\"974626a\" data-element_type=\"container\" data-e-type=\"container\">\n\t\t<div class=\"elementor-element elementor-element-35147ae e-con-full e-flex e-con e-child\" data-id=\"35147ae\" data-element_type=\"container\" data-e-type=\"container\">\n\t\t<div class=\"elementor-element elementor-element-3024972 e-con-full e-flex e-con e-child\" data-id=\"3024972\" data-element_type=\"container\" data-e-type=\"container\" data-settings=\"{&quot;background_background&quot;:&quot;classic&quot;}\">\n\t\t\t\t<div class=\"elementor-element elementor-element-bf752b7 elementor-widget elementor-widget-heading\" data-id=\"bf752b7\" data-element_type=\"widget\" data-e-type=\"widget\" data-widget_type=\"heading.default\">\n\t\t\t\t<div class=\"elementor-widget-container\">\n\t\t\t\t\t<h1 class=\"elementor-heading-title elementor-size-default\">Qui sommes-nous ?<\/h1>\t\t\t\t<\/div>\n\t\t\t\t<\/div>\n\t\t\t\t<\/div>\n\t\t\t\t<\/div>\n\t\t\t\t<\/div>\n\t\t<div class=\"elementor-element elementor-element-0aa241a e-con-full e-flex e-con e-parent\" data-id=\"0aa241a\" data-element_type=\"container\" data-e-type=\"container\">\n\t\t\t\t<div class=\"elementor-element elementor-element-ac86257 elementor-widget elementor-widget-text-editor\" data-id=\"ac86257\" data-element_type=\"widget\" data-e-type=\"widget\" data-widget_type=\"text-editor.default\">\n\t\t\t\t<div class=\"elementor-widget-container\">\n\t\t\t\t\t\t\t\t\t<h4>Bref historique :<\/h4><p>Neyla Ropa de Danza est n\u00e9 en f\u00e9vrier 2015, \u00e0 Barcelone, entre les mains de Laura Fern\u00e1ndez-Rajal, danseuse et donc amoureuse de la danse orientale. Elle a appris \u00e0 coudre avec sa grand-m\u00e8re, puis elle a commenc\u00e9 \u00e0 concevoir ses propres costumes. Ce fut un tel succ\u00e8s qu\u2019ils ont eu en classe, il a d\u00e9cid\u00e9 de commencer \u00e0 coudre pour d\u2019autres camarades et amis jusqu\u2019\u00e0 ce que finalement cr\u00e9\u00e9 l\u2019entreprise Neyla V\u00eatements de danse.<\/p><p>Au cours de ces presque trois ann\u00e9es, Neyla Ropa de Danza a beaucoup grandi et chaque jour sont plus connus les costumes et v\u00eatements d\u2019essai qui con\u00e7oit la marque dans tout le pays.<\/p><p>L\u2019\u00e9t\u00e9 2016, Cristina Santamaria appara\u00eet, une cliente de Neyla Ropa de Danza qui a r\u00e9alis\u00e9 le grand potentiel que poss\u00e9dait Laura et ses cr\u00e9ations. Finalement, elle s\u2019est associ\u00e9e avec Laura pour commencer un chemin ensemble avec de grands projets et des id\u00e9es. Le premier d\u2019entre eux cr\u00e9er le site Neyla Ropa De Danza<\/p>\t\t\t\t\t\t\t\t<\/div>\n\t\t\t\t<\/div>\n\t\t\t\t<div class=\"elementor-element elementor-element-62c53bd elementor-widget elementor-widget-image\" data-id=\"62c53bd\" data-element_type=\"widget\" data-e-type=\"widget\" data-widget_type=\"image.default\">\n\t\t\t\t<div class=\"elementor-widget-container\">\n\t\t\t\t\t\t\t\t\t\t\t\t\t\t\t<img fetchpriority=\"high\" decoding=\"async\" width=\"768\" height=\"576\" src=\"https:\/\/neylaropadedanza.es\/wp-content\/uploads\/2025\/04\/quienes_somos_.webp\" class=\"attachment-large size-large wp-image-947\" alt=\"\" srcset=\"https:\/\/neylaropadedanza.es\/wp-content\/uploads\/2025\/04\/quienes_somos_.webp 768w, https:\/\/neylaropadedanza.es\/wp-content\/uploads\/2025\/04\/quienes_somos_-300x225.webp 300w, https:\/\/neylaropadedanza.es\/wp-content\/uploads\/2025\/04\/quienes_somos_-600x450.webp 600w\" sizes=\"(max-width: 768px) 100vw, 768px\" \/>\t\t\t\t\t\t\t\t\t\t\t\t\t\t\t<\/div>\n\t\t\t\t<\/div>\n\t\t\t\t<div class=\"elementor-element elementor-element-81caa4d elementor-widget elementor-widget-text-editor\" data-id=\"81caa4d\" data-element_type=\"widget\" data-e-type=\"widget\" data-widget_type=\"text-editor.default\">\n\t\t\t\t<div class=\"elementor-widget-container\">\n\t\t\t\t\t\t\t\t\t<p>Donc, Laura est notre grande designer et confectionneur et Cristina prendra soin du site! Contactez-nous si vous avez des questions ou suggestions!<\/p><p>Nous vous laissons la vid\u00e9o du d\u00e9fil\u00e9 de notre collection 2018 -2019, ne manquez pas!<\/p>\t\t\t\t\t\t\t\t<\/div>\n\t\t\t\t<\/div>\n\t\t\t\t<div class=\"elementor-element elementor-element-2076237 elementor-widget elementor-widget-video\" data-id=\"2076237\" data-element_type=\"widget\" data-e-type=\"widget\" data-settings=\"{&quot;youtube_url&quot;:&quot;https:\\\/\\\/www.youtube.com\\\/watch?v=AxBuc22YFI0&quot;,&quot;video_type&quot;:&quot;youtube&quot;,&quot;controls&quot;:&quot;yes&quot;}\" data-widget_type=\"video.default\">\n\t\t\t\t<div class=\"elementor-widget-container\">\n\t\t\t\t\t\t\t<div class=\"elementor-wrapper elementor-open-inline\">\n\t\t\t<div class=\"elementor-video\"><\/div>\t\t<\/div>\n\t\t\t\t\t\t<\/div>\n\t\t\t\t<\/div>\n\t\t\t\t<div class=\"elementor-element elementor-element-becd51e elementor-widget elementor-widget-text-editor\" data-id=\"becd51e\" data-element_type=\"widget\" data-e-type=\"widget\" data-widget_type=\"text-editor.default\">\n\t\t\t\t<div class=\"elementor-widget-container\">\n\t\t\t\t\t\t\t\t\t<h3>Mission<\/h3><p>Notre mission est de fournir \u00e0 toutes nos danseuses des v\u00eatements con\u00e7us \u00e0 Barcelone, de qualit\u00e9 et avec un design unique et exclusif, accompagn\u00e9 par notre amour et passion pour la danse!<\/p><p>Ainsi, avec ce site nous avons commenc\u00e9 notre aventure et nous esp\u00e9rons avoir tout le monde!<\/p><p>Nous vous invitons \u00e0 laisser vos commentaires ou de nous contacter par notre email <strong>atencionalcliente@neylaropadedanza.es<\/strong>, ou bien via notre <strong><a href=\"https:\/\/www.neylaropadedanza.es\/contacto\/\">formulaire de contact<\/a><\/strong>. <\/p>\t\t\t\t\t\t\t\t<\/div>\n\t\t\t\t<\/div>\n\t\t\t\t<div class=\"elementor-element elementor-element-d6f8c5d elementor-widget elementor-widget-image\" data-id=\"d6f8c5d\" data-element_type=\"widget\" data-e-type=\"widget\" data-widget_type=\"image.default\">\n\t\t\t\t<div class=\"elementor-widget-container\">\n\t\t\t\t\t\t\t\t\t\t\t\t\t\t\t<img decoding=\"async\" width=\"768\" height=\"512\" src=\"https:\/\/neylaropadedanza.es\/wp-content\/uploads\/2025\/04\/quienes_somos.webp\" class=\"attachment-large size-large wp-image-950\" alt=\"\" srcset=\"https:\/\/neylaropadedanza.es\/wp-content\/uploads\/2025\/04\/quienes_somos.webp 768w, https:\/\/neylaropadedanza.es\/wp-content\/uploads\/2025\/04\/quienes_somos-300x200.webp 300w, https:\/\/neylaropadedanza.es\/wp-content\/uploads\/2025\/04\/quienes_somos-600x400.webp 600w\" sizes=\"(max-width: 768px) 100vw, 768px\" \/>\t\t\t\t\t\t\t\t\t\t\t\t\t\t\t<\/div>\n\t\t\t\t<\/div>\n\t\t\t\t<\/div>\n\t\t\t\t<\/div>\n\t\t","protected":false},"excerpt":{"rendered":"<p>Qui sommes-nous ? Bref historique : Neyla Ropa de Danza est n\u00e9 en f\u00e9vrier 2015, \u00e0 Barcelone, entre les mains de Laura Fern\u00e1ndez-Rajal, danseuse et donc amoureuse de la danse orientale. Elle a appris \u00e0 coudre avec sa grand-m\u00e8re, puis elle a commenc\u00e9 \u00e0 concevoir ses propres costumes. Ce fut un tel succ\u00e8s qu\u2019ils ont [&hellip;]<\/p>\n","protected":false},"author":1,"featured_media":0,"parent":0,"menu_order":0,"comment_status":"closed","ping_status":"closed","template":"elementor_header_footer","meta":{"content-type":"","_monsterinsights_skip_tracking":false,"_monsterinsights_sitenote_active":false,"_monsterinsights_sitenote_note":"","_monsterinsights_sitenote_category":0,"_uf_show_specific_survey":0,"_uf_disable_surveys":false,"footnotes":""},"class_list":["post-1530","page","type-page","status-publish","hentry"],"yoast_head":"<!-- This site is optimized with the Yoast SEO plugin v27.4 - https:\/\/yoast.com\/product\/yoast-seo-wordpress\/ -->\n<title>Qui sommes-nous ? - Neyla Dancewear<\/title>\n<meta name=\"robots\" content=\"index, follow, max-snippet:-1, max-image-preview:large, max-video-preview:-1\" \/>\n<link rel=\"canonical\" href=\"https:\/\/neylaropadedanza.es\/fr\/qui-sommes-nous\/\" \/>\n<meta property=\"og:locale\" content=\"fr_FR\" \/>\n<meta property=\"og:type\" content=\"article\" \/>\n<meta property=\"og:title\" content=\"Qui sommes-nous ? - Neyla Dancewear\" \/>\n<meta property=\"og:description\" content=\"Qui sommes-nous ? Bref historique : Neyla Ropa de Danza est n\u00e9 en f\u00e9vrier 2015, \u00e0 Barcelone, entre les mains de Laura Fern\u00e1ndez-Rajal, danseuse et donc amoureuse de la danse orientale. Elle a appris \u00e0 coudre avec sa grand-m\u00e8re, puis elle a commenc\u00e9 \u00e0 concevoir ses propres costumes. Ce fut un tel succ\u00e8s qu\u2019ils ont [&hellip;]\" \/>\n<meta property=\"og:url\" content=\"https:\/\/neylaropadedanza.es\/fr\/qui-sommes-nous\/\" \/>\n<meta property=\"og:site_name\" content=\"Neyla Dancewear\" \/>\n<meta property=\"article:publisher\" content=\"https:\/\/www.facebook.com\/neyladancewear\/\" \/>\n<meta property=\"article:modified_time\" content=\"2025-05-09T18:37:15+00:00\" \/>\n<meta property=\"og:image\" content=\"https:\/\/neylaropadedanza.es\/wp-content\/uploads\/2025\/04\/quienes_somos_.webp\" \/>\n<meta name=\"twitter:card\" content=\"summary_large_image\" \/>\n<meta name=\"twitter:label1\" content=\"Dur\u00e9e de lecture estim\u00e9e\" \/>\n\t<meta name=\"twitter:data1\" content=\"1 minute\" \/>\n<script type=\"application\/ld+json\" class=\"yoast-schema-graph\">{\"@context\":\"https:\\\/\\\/schema.org\",\"@graph\":[{\"@type\":\"WebPage\",\"@id\":\"https:\\\/\\\/neylaropadedanza.es\\\/fr\\\/qui-sommes-nous\\\/\",\"url\":\"https:\\\/\\\/neylaropadedanza.es\\\/fr\\\/qui-sommes-nous\\\/\",\"name\":\"Qui sommes-nous ? - Neyla Dancewear\",\"isPartOf\":{\"@id\":\"https:\\\/\\\/neylaropadedanza.com\\\/#website\"},\"primaryImageOfPage\":{\"@id\":\"https:\\\/\\\/neylaropadedanza.es\\\/fr\\\/qui-sommes-nous\\\/#primaryimage\"},\"image\":{\"@id\":\"https:\\\/\\\/neylaropadedanza.es\\\/fr\\\/qui-sommes-nous\\\/#primaryimage\"},\"thumbnailUrl\":\"https:\\\/\\\/neylaropadedanza.es\\\/wp-content\\\/uploads\\\/2025\\\/04\\\/quienes_somos_.webp\",\"datePublished\":\"2025-04-24T11:53:35+00:00\",\"dateModified\":\"2025-05-09T18:37:15+00:00\",\"breadcrumb\":{\"@id\":\"https:\\\/\\\/neylaropadedanza.es\\\/fr\\\/qui-sommes-nous\\\/#breadcrumb\"},\"inLanguage\":\"fr-FR\",\"potentialAction\":[{\"@type\":\"ReadAction\",\"target\":[\"https:\\\/\\\/neylaropadedanza.es\\\/fr\\\/qui-sommes-nous\\\/\"]}]},{\"@type\":\"ImageObject\",\"inLanguage\":\"fr-FR\",\"@id\":\"https:\\\/\\\/neylaropadedanza.es\\\/fr\\\/qui-sommes-nous\\\/#primaryimage\",\"url\":\"https:\\\/\\\/neylaropadedanza.es\\\/wp-content\\\/uploads\\\/2025\\\/04\\\/quienes_somos_.webp\",\"contentUrl\":\"https:\\\/\\\/neylaropadedanza.es\\\/wp-content\\\/uploads\\\/2025\\\/04\\\/quienes_somos_.webp\"},{\"@type\":\"BreadcrumbList\",\"@id\":\"https:\\\/\\\/neylaropadedanza.es\\\/fr\\\/qui-sommes-nous\\\/#breadcrumb\",\"itemListElement\":[{\"@type\":\"ListItem\",\"position\":1,\"name\":\"Home\",\"item\":\"https:\\\/\\\/neylaropadedanza.es\\\/fr\\\/\"},{\"@type\":\"ListItem\",\"position\":2,\"name\":\"Qui sommes-nous ?\"}]},{\"@type\":\"WebSite\",\"@id\":\"https:\\\/\\\/neylaropadedanza.com\\\/#website\",\"url\":\"https:\\\/\\\/neylaropadedanza.com\\\/\",\"name\":\"NeylaRopaDeDanza\",\"description\":\"Ropa de Danza del Vientre, danza oriental, trajes, ropa de ensayo y mucho m\u00e1s!\",\"publisher\":{\"@id\":\"https:\\\/\\\/neylaropadedanza.com\\\/#organization\"},\"potentialAction\":[{\"@type\":\"SearchAction\",\"target\":{\"@type\":\"EntryPoint\",\"urlTemplate\":\"https:\\\/\\\/neylaropadedanza.com\\\/?s={search_term_string}\"},\"query-input\":{\"@type\":\"PropertyValueSpecification\",\"valueRequired\":true,\"valueName\":\"search_term_string\"}}],\"inLanguage\":\"fr-FR\"},{\"@type\":\"Organization\",\"@id\":\"https:\\\/\\\/neylaropadedanza.com\\\/#organization\",\"name\":\"NeylaRopaDeDanza\",\"url\":\"https:\\\/\\\/neylaropadedanza.com\\\/\",\"logo\":{\"@type\":\"ImageObject\",\"inLanguage\":\"fr-FR\",\"@id\":\"https:\\\/\\\/neylaropadedanza.com\\\/#\\\/schema\\\/logo\\\/image\\\/\",\"url\":\"https:\\\/\\\/neylaropadedanza.es\\\/wp-content\\\/uploads\\\/2025\\\/04\\\/Neyla-Blanc.webp\",\"contentUrl\":\"https:\\\/\\\/neylaropadedanza.es\\\/wp-content\\\/uploads\\\/2025\\\/04\\\/Neyla-Blanc.webp\",\"width\":1970,\"height\":936,\"caption\":\"NeylaRopaDeDanza\"},\"image\":{\"@id\":\"https:\\\/\\\/neylaropadedanza.com\\\/#\\\/schema\\\/logo\\\/image\\\/\"},\"sameAs\":[\"https:\\\/\\\/www.facebook.com\\\/neyladancewear\\\/\",\"https:\\\/\\\/www.instagram.com\\\/neyladancewear\\\/\",\"https:\\\/\\\/www.youtube.com\\\/channel\\\/UCKlqrANcZD0QqKXzpy4taWA?view_as=subscriber\"]}]}<\/script>\n<!-- \/ Yoast SEO plugin. -->","yoast_head_json":{"title":"Qui sommes-nous ? - Neyla Dancewear","robots":{"index":"index","follow":"follow","max-snippet":"max-snippet:-1","max-image-preview":"max-image-preview:large","max-video-preview":"max-video-preview:-1"},"canonical":"https:\/\/neylaropadedanza.es\/fr\/qui-sommes-nous\/","og_locale":"fr_FR","og_type":"article","og_title":"Qui sommes-nous ? - Neyla Dancewear","og_description":"Qui sommes-nous ? Bref historique : Neyla Ropa de Danza est n\u00e9 en f\u00e9vrier 2015, \u00e0 Barcelone, entre les mains de Laura Fern\u00e1ndez-Rajal, danseuse et donc amoureuse de la danse orientale. Elle a appris \u00e0 coudre avec sa grand-m\u00e8re, puis elle a commenc\u00e9 \u00e0 concevoir ses propres costumes. Ce fut un tel succ\u00e8s qu\u2019ils ont [&hellip;]","og_url":"https:\/\/neylaropadedanza.es\/fr\/qui-sommes-nous\/","og_site_name":"Neyla Dancewear","article_publisher":"https:\/\/www.facebook.com\/neyladancewear\/","article_modified_time":"2025-05-09T18:37:15+00:00","og_image":[{"url":"https:\/\/neylaropadedanza.es\/wp-content\/uploads\/2025\/04\/quienes_somos_.webp","type":"","width":"","height":""}],"twitter_card":"summary_large_image","twitter_misc":{"Dur\u00e9e de lecture estim\u00e9e":"1 minute"},"schema":{"@context":"https:\/\/schema.org","@graph":[{"@type":"WebPage","@id":"https:\/\/neylaropadedanza.es\/fr\/qui-sommes-nous\/","url":"https:\/\/neylaropadedanza.es\/fr\/qui-sommes-nous\/","name":"Qui sommes-nous ? - Neyla Dancewear","isPartOf":{"@id":"https:\/\/neylaropadedanza.com\/#website"},"primaryImageOfPage":{"@id":"https:\/\/neylaropadedanza.es\/fr\/qui-sommes-nous\/#primaryimage"},"image":{"@id":"https:\/\/neylaropadedanza.es\/fr\/qui-sommes-nous\/#primaryimage"},"thumbnailUrl":"https:\/\/neylaropadedanza.es\/wp-content\/uploads\/2025\/04\/quienes_somos_.webp","datePublished":"2025-04-24T11:53:35+00:00","dateModified":"2025-05-09T18:37:15+00:00","breadcrumb":{"@id":"https:\/\/neylaropadedanza.es\/fr\/qui-sommes-nous\/#breadcrumb"},"inLanguage":"fr-FR","potentialAction":[{"@type":"ReadAction","target":["https:\/\/neylaropadedanza.es\/fr\/qui-sommes-nous\/"]}]},{"@type":"ImageObject","inLanguage":"fr-FR","@id":"https:\/\/neylaropadedanza.es\/fr\/qui-sommes-nous\/#primaryimage","url":"https:\/\/neylaropadedanza.es\/wp-content\/uploads\/2025\/04\/quienes_somos_.webp","contentUrl":"https:\/\/neylaropadedanza.es\/wp-content\/uploads\/2025\/04\/quienes_somos_.webp"},{"@type":"BreadcrumbList","@id":"https:\/\/neylaropadedanza.es\/fr\/qui-sommes-nous\/#breadcrumb","itemListElement":[{"@type":"ListItem","position":1,"name":"Home","item":"https:\/\/neylaropadedanza.es\/fr\/"},{"@type":"ListItem","position":2,"name":"Qui sommes-nous ?"}]},{"@type":"WebSite","@id":"https:\/\/neylaropadedanza.com\/#website","url":"https:\/\/neylaropadedanza.com\/","name":"NeylaRopaDeDanza","description":"Ropa de Danza del Vientre, danza oriental, trajes, ropa de ensayo y mucho m\u00e1s!","publisher":{"@id":"https:\/\/neylaropadedanza.com\/#organization"},"potentialAction":[{"@type":"SearchAction","target":{"@type":"EntryPoint","urlTemplate":"https:\/\/neylaropadedanza.com\/?s={search_term_string}"},"query-input":{"@type":"PropertyValueSpecification","valueRequired":true,"valueName":"search_term_string"}}],"inLanguage":"fr-FR"},{"@type":"Organization","@id":"https:\/\/neylaropadedanza.com\/#organization","name":"NeylaRopaDeDanza","url":"https:\/\/neylaropadedanza.com\/","logo":{"@type":"ImageObject","inLanguage":"fr-FR","@id":"https:\/\/neylaropadedanza.com\/#\/schema\/logo\/image\/","url":"https:\/\/neylaropadedanza.es\/wp-content\/uploads\/2025\/04\/Neyla-Blanc.webp","contentUrl":"https:\/\/neylaropadedanza.es\/wp-content\/uploads\/2025\/04\/Neyla-Blanc.webp","width":1970,"height":936,"caption":"NeylaRopaDeDanza"},"image":{"@id":"https:\/\/neylaropadedanza.com\/#\/schema\/logo\/image\/"},"sameAs":["https:\/\/www.facebook.com\/neyladancewear\/","https:\/\/www.instagram.com\/neyladancewear\/","https:\/\/www.youtube.com\/channel\/UCKlqrANcZD0QqKXzpy4taWA?view_as=subscriber"]}]}},"_links":{"self":[{"href":"https:\/\/neylaropadedanza.es\/fr\/wp-json\/wp\/v2\/pages\/1530","targetHints":{"allow":["GET"]}}],"collection":[{"href":"https:\/\/neylaropadedanza.es\/fr\/wp-json\/wp\/v2\/pages"}],"about":[{"href":"https:\/\/neylaropadedanza.es\/fr\/wp-json\/wp\/v2\/types\/page"}],"author":[{"embeddable":true,"href":"https:\/\/neylaropadedanza.es\/fr\/wp-json\/wp\/v2\/users\/1"}],"replies":[{"embeddable":true,"href":"https:\/\/neylaropadedanza.es\/fr\/wp-json\/wp\/v2\/comments?post=1530"}],"version-history":[{"count":2,"href":"https:\/\/neylaropadedanza.es\/fr\/wp-json\/wp\/v2\/pages\/1530\/revisions"}],"predecessor-version":[{"id":1732,"href":"https:\/\/neylaropadedanza.es\/fr\/wp-json\/wp\/v2\/pages\/1530\/revisions\/1732"}],"wp:attachment":[{"href":"https:\/\/neylaropadedanza.es\/fr\/wp-json\/wp\/v2\/media?parent=1530"}],"curies":[{"name":"wp","href":"https:\/\/api.w.org\/{rel}","templated":true}]}}