{"id":1514,"date":"2025-04-23T10:09:09","date_gmt":"2025-04-23T10:09:09","guid":{"rendered":"https:\/\/neylaropadedanza.es\/accessoires\/"},"modified":"2025-05-19T11:39:45","modified_gmt":"2025-05-19T11:39:45","slug":"accessoires","status":"publish","type":"page","link":"https:\/\/neylaropadedanza.es\/fr\/accessoires\/","title":{"rendered":"Accessoires"},"content":{"rendered":"\t\t<div data-elementor-type=\"wp-page\" data-elementor-id=\"1514\" class=\"elementor elementor-1514 elementor-653\" data-elementor-post-type=\"page\">\n\t\t\t\t<div class=\"elementor-element elementor-element-49f8bd39 e-con-full e-flex e-con e-parent\" data-id=\"49f8bd39\" data-element_type=\"container\" data-settings=\"{&quot;background_background&quot;:&quot;classic&quot;}\">\n\t\t<div class=\"elementor-element elementor-element-39f1fa01 e-con-full e-flex e-con e-child\" data-id=\"39f1fa01\" data-element_type=\"container\" data-settings=\"{&quot;background_background&quot;:&quot;classic&quot;}\">\n\t\t\t\t<div class=\"elementor-element elementor-element-c80db84 elementor-widget elementor-widget-heading\" data-id=\"c80db84\" data-element_type=\"widget\" data-widget_type=\"heading.default\">\n\t\t\t\t<div class=\"elementor-widget-container\">\n\t\t\t\t\t<h1 class=\"elementor-heading-title elementor-size-default\">ACCESSOIRES<\/h1>\t\t\t\t<\/div>\n\t\t\t\t<\/div>\n\t\t\t\t<div class=\"elementor-element elementor-element-7ad3ac4 elementor-widget elementor-widget-heading\" data-id=\"7ad3ac4\" data-element_type=\"widget\" data-widget_type=\"heading.default\">\n\t\t\t\t<div class=\"elementor-widget-container\">\n\t\t\t\t\t<h2 class=\"elementor-heading-title elementor-size-default\">ACCESSOIRES \u2013 Neyla Dancewear<br><br>Chez Neyla Dancewear, nos accessoires sont soigneusement s\u00e9lectionn\u00e9s pour sublimer votre tenue de danse avec \u00e9l\u00e9gance et qualit\u00e9. Nous vous proposons les meilleurs accessoires pour la danse orientale, que ce soit pour le style classique, le tribal fusion ou d\u2019autres variantes. Vous ne trouvez pas ce que vous cherchez ? Contactez-nous, nous serons ravis de vous aider !  \n\nDans cette cat\u00e9gorie, vous d\u00e9couvrirez <br><br>\nVOILES EN SOIE 100% NATURAL<br>Voiles 100 % soie naturelle, s\u00e9lectionn\u00e9s avec rigueur pour leur qualit\u00e9 exceptionnelle. Disponibles dans une grande vari\u00e9t\u00e9 de couleurs et de finitions. Tarifs sp\u00e9ciaux pour les groupes disponibles.<br><br>   <br><br>\nCEINTURES EN STRASS<br> Apportez une touche de brillance et de glamour \u00e0 votre costume avec nos ceintures en strass de haute qualit\u00e9. Parfaites pour briller sur sc\u00e8ne.  <br><br>\nBIJOUX<br>Colliers, bracelets, parures et bijoux en strass pour donner la touche finale \u00e0 votre tenue de danse orientale. Un large choix pour illuminer votre style.  <br><br>\nCHAUSSURES DE DANSE<br> Il est essentiel de danser avec confort et s\u00e9curit\u00e9. Retrouvez des chaussures de danse id\u00e9ales pour vos r\u00e9p\u00e9titions et spectacles.  <br><br>\nDo It Yourself (DIY) :<br>Envie de cr\u00e9er ou personnaliser votre propre tenue ? D\u00e9couvrez notre s\u00e9lection de mat\u00e9riaux DIY : coques de soutien-gorge \u00e0 l\u2019\u00e9gyptienne, strass, ornements\u2026 tout pour fabriquer votre costume de r\u00eave.  <\/h2>\t\t\t\t<\/div>\n\t\t\t\t<\/div>\n\t\t\t\t<\/div>\n\t\t\t\t<\/div>\n\t\t<div class=\"elementor-element elementor-element-a2897e2 e-con-full e-flex e-con e-parent\" data-id=\"a2897e2\" data-element_type=\"container\">\n\t\t\t\t<\/div>\n\t\t\t\t<\/div>\n\t\t","protected":false},"excerpt":{"rendered":"<p>ACCESSOIRES ACCESSOIRES \u2013 Neyla Dancewear Chez Neyla Dancewear, nos accessoires sont soigneusement s\u00e9lectionn\u00e9s pour sublimer votre tenue de danse avec \u00e9l\u00e9gance et qualit\u00e9. Nous vous proposons les meilleurs accessoires pour la danse orientale, que ce soit pour le style classique, le tribal fusion ou d\u2019autres variantes. Vous ne trouvez pas ce que vous cherchez ? [&hellip;]<\/p>\n","protected":false},"author":1,"featured_media":0,"parent":0,"menu_order":0,"comment_status":"closed","ping_status":"closed","template":"elementor_header_footer","meta":{"content-type":"","_monsterinsights_skip_tracking":false,"_monsterinsights_sitenote_active":false,"_monsterinsights_sitenote_note":"","_monsterinsights_sitenote_category":0,"_uf_show_specific_survey":0,"_uf_disable_surveys":false,"footnotes":""},"class_list":["post-1514","page","type-page","status-publish","hentry"],"yoast_head":"<!-- This site is optimized with the Yoast SEO plugin v26.6 - https:\/\/yoast.com\/wordpress\/plugins\/seo\/ -->\n<title>Accessoires - Neyla Dancewear<\/title>\n<meta name=\"robots\" content=\"index, follow, max-snippet:-1, max-image-preview:large, max-video-preview:-1\" \/>\n<link rel=\"canonical\" href=\"https:\/\/neylaropadedanza.es\/fr\/accessoires\/\" \/>\n<meta property=\"og:locale\" content=\"fr_FR\" \/>\n<meta property=\"og:type\" content=\"article\" \/>\n<meta property=\"og:title\" content=\"Accessoires - Neyla Dancewear\" \/>\n<meta property=\"og:description\" content=\"ACCESSOIRES ACCESSOIRES \u2013 Neyla Dancewear Chez Neyla Dancewear, nos accessoires sont soigneusement s\u00e9lectionn\u00e9s pour sublimer votre tenue de danse avec \u00e9l\u00e9gance et qualit\u00e9. Nous vous proposons les meilleurs accessoires pour la danse orientale, que ce soit pour le style classique, le tribal fusion ou d\u2019autres variantes. Vous ne trouvez pas ce que vous cherchez ? [&hellip;]\" \/>\n<meta property=\"og:url\" content=\"https:\/\/neylaropadedanza.es\/fr\/accessoires\/\" \/>\n<meta property=\"og:site_name\" content=\"Neyla Dancewear\" \/>\n<meta property=\"article:publisher\" content=\"https:\/\/www.facebook.com\/neyladancewear\/\" \/>\n<meta property=\"article:modified_time\" content=\"2025-05-19T11:39:45+00:00\" \/>\n<meta name=\"twitter:card\" content=\"summary_large_image\" \/>\n<meta name=\"twitter:label1\" content=\"Dur\u00e9e de lecture estim\u00e9e\" \/>\n\t<meta name=\"twitter:data1\" content=\"1 minute\" \/>\n<script type=\"application\/ld+json\" class=\"yoast-schema-graph\">{\"@context\":\"https:\/\/schema.org\",\"@graph\":[{\"@type\":\"WebPage\",\"@id\":\"https:\/\/neylaropadedanza.es\/fr\/accessoires\/\",\"url\":\"https:\/\/neylaropadedanza.es\/fr\/accessoires\/\",\"name\":\"Accessoires - Neyla Dancewear\",\"isPartOf\":{\"@id\":\"https:\/\/neylaropadedanza.com\/#website\"},\"datePublished\":\"2025-04-23T10:09:09+00:00\",\"dateModified\":\"2025-05-19T11:39:45+00:00\",\"breadcrumb\":{\"@id\":\"https:\/\/neylaropadedanza.es\/fr\/accessoires\/#breadcrumb\"},\"inLanguage\":\"fr-FR\",\"potentialAction\":[{\"@type\":\"ReadAction\",\"target\":[\"https:\/\/neylaropadedanza.es\/fr\/accessoires\/\"]}]},{\"@type\":\"BreadcrumbList\",\"@id\":\"https:\/\/neylaropadedanza.es\/fr\/accessoires\/#breadcrumb\",\"itemListElement\":[{\"@type\":\"ListItem\",\"position\":1,\"name\":\"Home\",\"item\":\"https:\/\/neylaropadedanza.es\/fr\/\"},{\"@type\":\"ListItem\",\"position\":2,\"name\":\"Accessoires\"}]},{\"@type\":\"WebSite\",\"@id\":\"https:\/\/neylaropadedanza.com\/#website\",\"url\":\"https:\/\/neylaropadedanza.com\/\",\"name\":\"NeylaRopaDeDanza\",\"description\":\"Ropa de Danza del Vientre, danza oriental, trajes, ropa de ensayo y mucho m\u00e1s!\",\"publisher\":{\"@id\":\"https:\/\/neylaropadedanza.com\/#organization\"},\"potentialAction\":[{\"@type\":\"SearchAction\",\"target\":{\"@type\":\"EntryPoint\",\"urlTemplate\":\"https:\/\/neylaropadedanza.com\/?s={search_term_string}\"},\"query-input\":{\"@type\":\"PropertyValueSpecification\",\"valueRequired\":true,\"valueName\":\"search_term_string\"}}],\"inLanguage\":\"fr-FR\"},{\"@type\":\"Organization\",\"@id\":\"https:\/\/neylaropadedanza.com\/#organization\",\"name\":\"NeylaRopaDeDanza\",\"url\":\"https:\/\/neylaropadedanza.com\/\",\"logo\":{\"@type\":\"ImageObject\",\"inLanguage\":\"fr-FR\",\"@id\":\"https:\/\/neylaropadedanza.com\/#\/schema\/logo\/image\/\",\"url\":\"https:\/\/neylaropadedanza.es\/wp-content\/uploads\/2025\/04\/Neyla-Blanc.webp\",\"contentUrl\":\"https:\/\/neylaropadedanza.es\/wp-content\/uploads\/2025\/04\/Neyla-Blanc.webp\",\"width\":1970,\"height\":936,\"caption\":\"NeylaRopaDeDanza\"},\"image\":{\"@id\":\"https:\/\/neylaropadedanza.com\/#\/schema\/logo\/image\/\"},\"sameAs\":[\"https:\/\/www.facebook.com\/neyladancewear\/\",\"https:\/\/www.instagram.com\/neyladancewear\/\",\"https:\/\/www.youtube.com\/channel\/UCKlqrANcZD0QqKXzpy4taWA?view_as=subscriber\"]}]}<\/script>\n<!-- \/ Yoast SEO plugin. -->","yoast_head_json":{"title":"Accessoires - Neyla Dancewear","robots":{"index":"index","follow":"follow","max-snippet":"max-snippet:-1","max-image-preview":"max-image-preview:large","max-video-preview":"max-video-preview:-1"},"canonical":"https:\/\/neylaropadedanza.es\/fr\/accessoires\/","og_locale":"fr_FR","og_type":"article","og_title":"Accessoires - Neyla Dancewear","og_description":"ACCESSOIRES ACCESSOIRES \u2013 Neyla Dancewear Chez Neyla Dancewear, nos accessoires sont soigneusement s\u00e9lectionn\u00e9s pour sublimer votre tenue de danse avec \u00e9l\u00e9gance et qualit\u00e9. Nous vous proposons les meilleurs accessoires pour la danse orientale, que ce soit pour le style classique, le tribal fusion ou d\u2019autres variantes. Vous ne trouvez pas ce que vous cherchez ? [&hellip;]","og_url":"https:\/\/neylaropadedanza.es\/fr\/accessoires\/","og_site_name":"Neyla Dancewear","article_publisher":"https:\/\/www.facebook.com\/neyladancewear\/","article_modified_time":"2025-05-19T11:39:45+00:00","twitter_card":"summary_large_image","twitter_misc":{"Dur\u00e9e de lecture estim\u00e9e":"1 minute"},"schema":{"@context":"https:\/\/schema.org","@graph":[{"@type":"WebPage","@id":"https:\/\/neylaropadedanza.es\/fr\/accessoires\/","url":"https:\/\/neylaropadedanza.es\/fr\/accessoires\/","name":"Accessoires - Neyla Dancewear","isPartOf":{"@id":"https:\/\/neylaropadedanza.com\/#website"},"datePublished":"2025-04-23T10:09:09+00:00","dateModified":"2025-05-19T11:39:45+00:00","breadcrumb":{"@id":"https:\/\/neylaropadedanza.es\/fr\/accessoires\/#breadcrumb"},"inLanguage":"fr-FR","potentialAction":[{"@type":"ReadAction","target":["https:\/\/neylaropadedanza.es\/fr\/accessoires\/"]}]},{"@type":"BreadcrumbList","@id":"https:\/\/neylaropadedanza.es\/fr\/accessoires\/#breadcrumb","itemListElement":[{"@type":"ListItem","position":1,"name":"Home","item":"https:\/\/neylaropadedanza.es\/fr\/"},{"@type":"ListItem","position":2,"name":"Accessoires"}]},{"@type":"WebSite","@id":"https:\/\/neylaropadedanza.com\/#website","url":"https:\/\/neylaropadedanza.com\/","name":"NeylaRopaDeDanza","description":"Ropa de Danza del Vientre, danza oriental, trajes, ropa de ensayo y mucho m\u00e1s!","publisher":{"@id":"https:\/\/neylaropadedanza.com\/#organization"},"potentialAction":[{"@type":"SearchAction","target":{"@type":"EntryPoint","urlTemplate":"https:\/\/neylaropadedanza.com\/?s={search_term_string}"},"query-input":{"@type":"PropertyValueSpecification","valueRequired":true,"valueName":"search_term_string"}}],"inLanguage":"fr-FR"},{"@type":"Organization","@id":"https:\/\/neylaropadedanza.com\/#organization","name":"NeylaRopaDeDanza","url":"https:\/\/neylaropadedanza.com\/","logo":{"@type":"ImageObject","inLanguage":"fr-FR","@id":"https:\/\/neylaropadedanza.com\/#\/schema\/logo\/image\/","url":"https:\/\/neylaropadedanza.es\/wp-content\/uploads\/2025\/04\/Neyla-Blanc.webp","contentUrl":"https:\/\/neylaropadedanza.es\/wp-content\/uploads\/2025\/04\/Neyla-Blanc.webp","width":1970,"height":936,"caption":"NeylaRopaDeDanza"},"image":{"@id":"https:\/\/neylaropadedanza.com\/#\/schema\/logo\/image\/"},"sameAs":["https:\/\/www.facebook.com\/neyladancewear\/","https:\/\/www.instagram.com\/neyladancewear\/","https:\/\/www.youtube.com\/channel\/UCKlqrANcZD0QqKXzpy4taWA?view_as=subscriber"]}]}},"_links":{"self":[{"href":"https:\/\/neylaropadedanza.es\/fr\/wp-json\/wp\/v2\/pages\/1514","targetHints":{"allow":["GET"]}}],"collection":[{"href":"https:\/\/neylaropadedanza.es\/fr\/wp-json\/wp\/v2\/pages"}],"about":[{"href":"https:\/\/neylaropadedanza.es\/fr\/wp-json\/wp\/v2\/types\/page"}],"author":[{"embeddable":true,"href":"https:\/\/neylaropadedanza.es\/fr\/wp-json\/wp\/v2\/users\/1"}],"replies":[{"embeddable":true,"href":"https:\/\/neylaropadedanza.es\/fr\/wp-json\/wp\/v2\/comments?post=1514"}],"version-history":[{"count":6,"href":"https:\/\/neylaropadedanza.es\/fr\/wp-json\/wp\/v2\/pages\/1514\/revisions"}],"predecessor-version":[{"id":17338,"href":"https:\/\/neylaropadedanza.es\/fr\/wp-json\/wp\/v2\/pages\/1514\/revisions\/17338"}],"wp:attachment":[{"href":"https:\/\/neylaropadedanza.es\/fr\/wp-json\/wp\/v2\/media?parent=1514"}],"curies":[{"name":"wp","href":"https:\/\/api.w.org\/{rel}","templated":true}]}}