{"id":1493,"date":"2025-04-29T11:24:53","date_gmt":"2025-04-29T11:24:53","guid":{"rendered":"https:\/\/neylaropadedanza.es\/guide-des-mesures\/"},"modified":"2025-05-09T18:37:37","modified_gmt":"2025-05-09T18:37:37","slug":"guide-des-mesures","status":"publish","type":"page","link":"https:\/\/neylaropadedanza.es\/fr\/guide-des-mesures\/","title":{"rendered":"Guide des mesures"},"content":{"rendered":"\t\t<div data-elementor-type=\"wp-page\" data-elementor-id=\"1493\" class=\"elementor elementor-1493 elementor-1007\" data-elementor-post-type=\"page\">\n\t\t\t\t<div class=\"elementor-element elementor-element-474f152 e-con-full e-flex e-con e-parent\" data-id=\"474f152\" data-element_type=\"container\" data-e-type=\"container\">\n\t\t<div class=\"elementor-element elementor-element-8aa0a8f e-con-full e-flex e-con e-child\" data-id=\"8aa0a8f\" data-element_type=\"container\" data-e-type=\"container\" data-settings=\"{&quot;background_background&quot;:&quot;classic&quot;}\">\n\t\t\t\t<div class=\"elementor-element elementor-element-68ffc94 elementor-widget elementor-widget-heading\" data-id=\"68ffc94\" data-element_type=\"widget\" data-e-type=\"widget\" data-widget_type=\"heading.default\">\n\t\t\t\t<div class=\"elementor-widget-container\">\n\t\t\t\t\t<h1 class=\"elementor-heading-title elementor-size-default\">Guide des mesures<\/h1>\t\t\t\t<\/div>\n\t\t\t\t<\/div>\n\t\t\t\t<\/div>\n\t\t\t\t<\/div>\n\t\t<div class=\"elementor-element elementor-element-3c384bd e-flex e-con-boxed e-con e-parent\" data-id=\"3c384bd\" data-element_type=\"container\" data-e-type=\"container\">\n\t\t\t\t\t<div class=\"e-con-inner\">\n\t\t\t\t<div class=\"elementor-element elementor-element-39f733b elementor-widget-mobile__width-inherit elementor-widget elementor-widget-heading\" data-id=\"39f733b\" data-element_type=\"widget\" data-e-type=\"widget\" data-widget_type=\"heading.default\">\n\t\t\t\t<div class=\"elementor-widget-container\">\n\t\t\t\t\t<h2 class=\"elementor-heading-title elementor-size-default\">Comment Prendre Vos Mesures \u2013 NEYLA Dancewear<\/h2>\t\t\t\t<\/div>\n\t\t\t\t<\/div>\n\t\t\t\t<div class=\"elementor-element elementor-element-786172a elementor-widget elementor-widget-text-editor\" data-id=\"786172a\" data-element_type=\"widget\" data-e-type=\"widget\" data-widget_type=\"text-editor.default\">\n\t\t\t\t<div class=\"elementor-widget-container\">\n\t\t\t\t\t\t\t\t\t<p class=\"\" data-start=\"1299\" data-end=\"1558\">L\u2019une des questions les plus fr\u00e9quentes que nous recevons est : <strong data-start=\"1353\" data-end=\"1397\">Comment prendre correctement mes mesures ?<br><\/strong> Chez <strong data-start=\"1401\" data-end=\"1420\">NEYLA Dancewear<\/strong>, nous voulons vous aider \u00e0 prendre vos mesures de mani\u00e8re simple et pr\u00e9cise, afin que vos costumes de <strong data-start=\"1473\" data-end=\"1494\">danse orientale<\/strong>, tenues d&rsquo;entra\u00eenement ou tout v\u00eatement sur mesure vous aillent parfaitement.<\/p>\n<p class=\"\" data-start=\"1560\" data-end=\"1806\">Nous mettons \u00e0 votre disposition un <strong data-start=\"1577\" data-end=\"1601\">mod\u00e8le de prise de mesures<\/strong> qui vous guidera \u00e9tape par \u00e9tape une fois votre commande pass\u00e9e. Ces informations nous permettent d\u2019ajuster chaque pi\u00e8ce \u00e0 vos mensurations pour un r\u00e9sultat confortable, esth\u00e9tique et professionnel, aussi bien sur sc\u00e8ne qu\u2019en cours. <\/p>\n<p class=\"\" data-start=\"1808\" data-end=\"1995\"><img decoding=\"async\" class=\"emoji\" role=\"img\" draggable=\"false\" src=\"https:\/\/s.w.org\/images\/core\/emoji\/15.1.0\/svg\/1f539.svg\" alt=\"\ud83d\udd39\"> <strong data-start=\"1811\" data-end=\"1839\">Vous avez un doute ?<br data-start=\"1887\" data-end=\"1890\"><\/strong> N\u2019h\u00e9sitez pas \u00e0 nous contacter \u00e0 l\u2019adresse <strong data-start=\"1911\" data-end=\"1938\">shop@neyladancewear.com<\/strong> ou via le <strong data-start=\"1953\" data-end=\"1979\">formulaire de contact<\/strong> sur cette page.<\/p>\n<p class=\"\" data-start=\"1997\" data-end=\"2141\"><img decoding=\"async\" class=\"emoji\" role=\"img\" draggable=\"false\" src=\"https:\/\/s.w.org\/images\/core\/emoji\/15.1.0\/svg\/1f4f9.svg\" alt=\"\ud83d\udcf9\"> Et si vous avez besoin d\u2019aide pour une mesure en particulier, demandez-nous un <strong data-start=\"2076\" data-end=\"2094\">tutoriel vid\u00e9o.<\/strong> Nous serons ravies de vous l\u2019envoyer pour vous accompagner dans le processus. <\/p>\n<p class=\"\" data-start=\"2143\" data-end=\"2238\">Un bon costume commence par de bonnes mesures. Faites confiance \u00e0 NEYLA pour un ajustement parfait et personnalis\u00e9. <\/p>\t\t\t\t\t\t\t\t<\/div>\n\t\t\t\t<\/div>\n\t\t\t\t<div class=\"elementor-element elementor-element-f4b7b22 elementor-widget elementor-widget-image\" data-id=\"f4b7b22\" data-element_type=\"widget\" data-e-type=\"widget\" data-widget_type=\"image.default\">\n\t\t\t\t<div class=\"elementor-widget-container\">\n\t\t\t\t\t\t\t\t\t\t\t\t\t\t\t<img fetchpriority=\"high\" decoding=\"async\" width=\"2205\" height=\"2560\" src=\"https:\/\/neylaropadedanza.es\/wp-content\/uploads\/2025\/04\/MEDIDAS-NEYLA-scaled.webp\" class=\"attachment-full size-full wp-image-1011\" alt=\"\" srcset=\"https:\/\/neylaropadedanza.es\/wp-content\/uploads\/2025\/04\/MEDIDAS-NEYLA-scaled.webp 2205w, https:\/\/neylaropadedanza.es\/wp-content\/uploads\/2025\/04\/MEDIDAS-NEYLA-258x300.webp 258w, https:\/\/neylaropadedanza.es\/wp-content\/uploads\/2025\/04\/MEDIDAS-NEYLA-882x1024.webp 882w, https:\/\/neylaropadedanza.es\/wp-content\/uploads\/2025\/04\/MEDIDAS-NEYLA-768x892.webp 768w, https:\/\/neylaropadedanza.es\/wp-content\/uploads\/2025\/04\/MEDIDAS-NEYLA-1323x1536.webp 1323w, https:\/\/neylaropadedanza.es\/wp-content\/uploads\/2025\/04\/MEDIDAS-NEYLA-1764x2048.webp 1764w, https:\/\/neylaropadedanza.es\/wp-content\/uploads\/2025\/04\/MEDIDAS-NEYLA-600x697.webp 600w\" sizes=\"(max-width: 2205px) 100vw, 2205px\" \/>\t\t\t\t\t\t\t\t\t\t\t\t\t\t\t<\/div>\n\t\t\t\t<\/div>\n\t\t\t\t\t<\/div>\n\t\t\t\t<\/div>\n\t\t\t\t<\/div>\n\t\t","protected":false},"excerpt":{"rendered":"<p>Guide des mesures Comment Prendre Vos Mesures \u2013 NEYLA Dancewear L\u2019une des questions les plus fr\u00e9quentes que nous recevons est : Comment prendre correctement mes mesures ? Chez NEYLA Dancewear, nous voulons vous aider \u00e0 prendre vos mesures de mani\u00e8re simple et pr\u00e9cise, afin que vos costumes de danse orientale, tenues d&rsquo;entra\u00eenement ou tout v\u00eatement [&hellip;]<\/p>\n","protected":false},"author":1,"featured_media":0,"parent":0,"menu_order":0,"comment_status":"closed","ping_status":"closed","template":"elementor_header_footer","meta":{"content-type":"","_monsterinsights_skip_tracking":false,"_monsterinsights_sitenote_active":false,"_monsterinsights_sitenote_note":"","_monsterinsights_sitenote_category":0,"_uf_show_specific_survey":0,"_uf_disable_surveys":false,"footnotes":""},"class_list":["post-1493","page","type-page","status-publish","hentry"],"yoast_head":"<!-- This site is optimized with the Yoast SEO plugin v27.4 - https:\/\/yoast.com\/product\/yoast-seo-wordpress\/ -->\n<title>Guide des mesures - Neyla Dancewear<\/title>\n<meta name=\"robots\" content=\"index, follow, max-snippet:-1, max-image-preview:large, max-video-preview:-1\" \/>\n<link rel=\"canonical\" href=\"https:\/\/neylaropadedanza.es\/fr\/guide-des-mesures\/\" \/>\n<meta property=\"og:locale\" content=\"fr_FR\" \/>\n<meta property=\"og:type\" content=\"article\" \/>\n<meta property=\"og:title\" content=\"Guide des mesures - Neyla Dancewear\" \/>\n<meta property=\"og:description\" content=\"Guide des mesures Comment Prendre Vos Mesures \u2013 NEYLA Dancewear L\u2019une des questions les plus fr\u00e9quentes que nous recevons est : Comment prendre correctement mes mesures ? Chez NEYLA Dancewear, nous voulons vous aider \u00e0 prendre vos mesures de mani\u00e8re simple et pr\u00e9cise, afin que vos costumes de danse orientale, tenues d&rsquo;entra\u00eenement ou tout v\u00eatement [&hellip;]\" \/>\n<meta property=\"og:url\" content=\"https:\/\/neylaropadedanza.es\/fr\/guide-des-mesures\/\" \/>\n<meta property=\"og:site_name\" content=\"Neyla Dancewear\" \/>\n<meta property=\"article:publisher\" content=\"https:\/\/www.facebook.com\/neyladancewear\/\" \/>\n<meta property=\"article:modified_time\" content=\"2025-05-09T18:37:37+00:00\" \/>\n<meta property=\"og:image\" content=\"https:\/\/s.w.org\/images\/core\/emoji\/15.1.0\/svg\/1f539.svg\" \/>\n<meta name=\"twitter:card\" content=\"summary_large_image\" \/>\n<meta name=\"twitter:label1\" content=\"Dur\u00e9e de lecture estim\u00e9e\" \/>\n\t<meta name=\"twitter:data1\" content=\"1 minute\" \/>\n<script type=\"application\/ld+json\" class=\"yoast-schema-graph\">{\"@context\":\"https:\\\/\\\/schema.org\",\"@graph\":[{\"@type\":\"WebPage\",\"@id\":\"https:\\\/\\\/neylaropadedanza.es\\\/fr\\\/guide-des-mesures\\\/\",\"url\":\"https:\\\/\\\/neylaropadedanza.es\\\/fr\\\/guide-des-mesures\\\/\",\"name\":\"Guide des mesures - Neyla Dancewear\",\"isPartOf\":{\"@id\":\"https:\\\/\\\/neylaropadedanza.com\\\/#website\"},\"primaryImageOfPage\":{\"@id\":\"https:\\\/\\\/neylaropadedanza.es\\\/fr\\\/guide-des-mesures\\\/#primaryimage\"},\"image\":{\"@id\":\"https:\\\/\\\/neylaropadedanza.es\\\/fr\\\/guide-des-mesures\\\/#primaryimage\"},\"thumbnailUrl\":\"https:\\\/\\\/s.w.org\\\/images\\\/core\\\/emoji\\\/15.1.0\\\/svg\\\/1f539.svg\",\"datePublished\":\"2025-04-29T11:24:53+00:00\",\"dateModified\":\"2025-05-09T18:37:37+00:00\",\"breadcrumb\":{\"@id\":\"https:\\\/\\\/neylaropadedanza.es\\\/fr\\\/guide-des-mesures\\\/#breadcrumb\"},\"inLanguage\":\"fr-FR\",\"potentialAction\":[{\"@type\":\"ReadAction\",\"target\":[\"https:\\\/\\\/neylaropadedanza.es\\\/fr\\\/guide-des-mesures\\\/\"]}]},{\"@type\":\"ImageObject\",\"inLanguage\":\"fr-FR\",\"@id\":\"https:\\\/\\\/neylaropadedanza.es\\\/fr\\\/guide-des-mesures\\\/#primaryimage\",\"url\":\"https:\\\/\\\/s.w.org\\\/images\\\/core\\\/emoji\\\/15.1.0\\\/svg\\\/1f539.svg\",\"contentUrl\":\"https:\\\/\\\/s.w.org\\\/images\\\/core\\\/emoji\\\/15.1.0\\\/svg\\\/1f539.svg\"},{\"@type\":\"BreadcrumbList\",\"@id\":\"https:\\\/\\\/neylaropadedanza.es\\\/fr\\\/guide-des-mesures\\\/#breadcrumb\",\"itemListElement\":[{\"@type\":\"ListItem\",\"position\":1,\"name\":\"Home\",\"item\":\"https:\\\/\\\/neylaropadedanza.es\\\/fr\\\/\"},{\"@type\":\"ListItem\",\"position\":2,\"name\":\"Guide des mesures\"}]},{\"@type\":\"WebSite\",\"@id\":\"https:\\\/\\\/neylaropadedanza.com\\\/#website\",\"url\":\"https:\\\/\\\/neylaropadedanza.com\\\/\",\"name\":\"NeylaRopaDeDanza\",\"description\":\"Ropa de Danza del Vientre, danza oriental, trajes, ropa de ensayo y mucho m\u00e1s!\",\"publisher\":{\"@id\":\"https:\\\/\\\/neylaropadedanza.com\\\/#organization\"},\"potentialAction\":[{\"@type\":\"SearchAction\",\"target\":{\"@type\":\"EntryPoint\",\"urlTemplate\":\"https:\\\/\\\/neylaropadedanza.com\\\/?s={search_term_string}\"},\"query-input\":{\"@type\":\"PropertyValueSpecification\",\"valueRequired\":true,\"valueName\":\"search_term_string\"}}],\"inLanguage\":\"fr-FR\"},{\"@type\":\"Organization\",\"@id\":\"https:\\\/\\\/neylaropadedanza.com\\\/#organization\",\"name\":\"NeylaRopaDeDanza\",\"url\":\"https:\\\/\\\/neylaropadedanza.com\\\/\",\"logo\":{\"@type\":\"ImageObject\",\"inLanguage\":\"fr-FR\",\"@id\":\"https:\\\/\\\/neylaropadedanza.com\\\/#\\\/schema\\\/logo\\\/image\\\/\",\"url\":\"https:\\\/\\\/neylaropadedanza.es\\\/wp-content\\\/uploads\\\/2025\\\/04\\\/Neyla-Blanc.webp\",\"contentUrl\":\"https:\\\/\\\/neylaropadedanza.es\\\/wp-content\\\/uploads\\\/2025\\\/04\\\/Neyla-Blanc.webp\",\"width\":1970,\"height\":936,\"caption\":\"NeylaRopaDeDanza\"},\"image\":{\"@id\":\"https:\\\/\\\/neylaropadedanza.com\\\/#\\\/schema\\\/logo\\\/image\\\/\"},\"sameAs\":[\"https:\\\/\\\/www.facebook.com\\\/neyladancewear\\\/\",\"https:\\\/\\\/www.instagram.com\\\/neyladancewear\\\/\",\"https:\\\/\\\/www.youtube.com\\\/channel\\\/UCKlqrANcZD0QqKXzpy4taWA?view_as=subscriber\"]}]}<\/script>\n<!-- \/ Yoast SEO plugin. -->","yoast_head_json":{"title":"Guide des mesures - Neyla Dancewear","robots":{"index":"index","follow":"follow","max-snippet":"max-snippet:-1","max-image-preview":"max-image-preview:large","max-video-preview":"max-video-preview:-1"},"canonical":"https:\/\/neylaropadedanza.es\/fr\/guide-des-mesures\/","og_locale":"fr_FR","og_type":"article","og_title":"Guide des mesures - Neyla Dancewear","og_description":"Guide des mesures Comment Prendre Vos Mesures \u2013 NEYLA Dancewear L\u2019une des questions les plus fr\u00e9quentes que nous recevons est : Comment prendre correctement mes mesures ? Chez NEYLA Dancewear, nous voulons vous aider \u00e0 prendre vos mesures de mani\u00e8re simple et pr\u00e9cise, afin que vos costumes de danse orientale, tenues d&rsquo;entra\u00eenement ou tout v\u00eatement [&hellip;]","og_url":"https:\/\/neylaropadedanza.es\/fr\/guide-des-mesures\/","og_site_name":"Neyla Dancewear","article_publisher":"https:\/\/www.facebook.com\/neyladancewear\/","article_modified_time":"2025-05-09T18:37:37+00:00","og_image":[{"url":"https:\/\/s.w.org\/images\/core\/emoji\/15.1.0\/svg\/1f539.svg","type":"","width":"","height":""}],"twitter_card":"summary_large_image","twitter_misc":{"Dur\u00e9e de lecture estim\u00e9e":"1 minute"},"schema":{"@context":"https:\/\/schema.org","@graph":[{"@type":"WebPage","@id":"https:\/\/neylaropadedanza.es\/fr\/guide-des-mesures\/","url":"https:\/\/neylaropadedanza.es\/fr\/guide-des-mesures\/","name":"Guide des mesures - Neyla Dancewear","isPartOf":{"@id":"https:\/\/neylaropadedanza.com\/#website"},"primaryImageOfPage":{"@id":"https:\/\/neylaropadedanza.es\/fr\/guide-des-mesures\/#primaryimage"},"image":{"@id":"https:\/\/neylaropadedanza.es\/fr\/guide-des-mesures\/#primaryimage"},"thumbnailUrl":"https:\/\/s.w.org\/images\/core\/emoji\/15.1.0\/svg\/1f539.svg","datePublished":"2025-04-29T11:24:53+00:00","dateModified":"2025-05-09T18:37:37+00:00","breadcrumb":{"@id":"https:\/\/neylaropadedanza.es\/fr\/guide-des-mesures\/#breadcrumb"},"inLanguage":"fr-FR","potentialAction":[{"@type":"ReadAction","target":["https:\/\/neylaropadedanza.es\/fr\/guide-des-mesures\/"]}]},{"@type":"ImageObject","inLanguage":"fr-FR","@id":"https:\/\/neylaropadedanza.es\/fr\/guide-des-mesures\/#primaryimage","url":"https:\/\/s.w.org\/images\/core\/emoji\/15.1.0\/svg\/1f539.svg","contentUrl":"https:\/\/s.w.org\/images\/core\/emoji\/15.1.0\/svg\/1f539.svg"},{"@type":"BreadcrumbList","@id":"https:\/\/neylaropadedanza.es\/fr\/guide-des-mesures\/#breadcrumb","itemListElement":[{"@type":"ListItem","position":1,"name":"Home","item":"https:\/\/neylaropadedanza.es\/fr\/"},{"@type":"ListItem","position":2,"name":"Guide des mesures"}]},{"@type":"WebSite","@id":"https:\/\/neylaropadedanza.com\/#website","url":"https:\/\/neylaropadedanza.com\/","name":"NeylaRopaDeDanza","description":"Ropa de Danza del Vientre, danza oriental, trajes, ropa de ensayo y mucho m\u00e1s!","publisher":{"@id":"https:\/\/neylaropadedanza.com\/#organization"},"potentialAction":[{"@type":"SearchAction","target":{"@type":"EntryPoint","urlTemplate":"https:\/\/neylaropadedanza.com\/?s={search_term_string}"},"query-input":{"@type":"PropertyValueSpecification","valueRequired":true,"valueName":"search_term_string"}}],"inLanguage":"fr-FR"},{"@type":"Organization","@id":"https:\/\/neylaropadedanza.com\/#organization","name":"NeylaRopaDeDanza","url":"https:\/\/neylaropadedanza.com\/","logo":{"@type":"ImageObject","inLanguage":"fr-FR","@id":"https:\/\/neylaropadedanza.com\/#\/schema\/logo\/image\/","url":"https:\/\/neylaropadedanza.es\/wp-content\/uploads\/2025\/04\/Neyla-Blanc.webp","contentUrl":"https:\/\/neylaropadedanza.es\/wp-content\/uploads\/2025\/04\/Neyla-Blanc.webp","width":1970,"height":936,"caption":"NeylaRopaDeDanza"},"image":{"@id":"https:\/\/neylaropadedanza.com\/#\/schema\/logo\/image\/"},"sameAs":["https:\/\/www.facebook.com\/neyladancewear\/","https:\/\/www.instagram.com\/neyladancewear\/","https:\/\/www.youtube.com\/channel\/UCKlqrANcZD0QqKXzpy4taWA?view_as=subscriber"]}]}},"_links":{"self":[{"href":"https:\/\/neylaropadedanza.es\/fr\/wp-json\/wp\/v2\/pages\/1493","targetHints":{"allow":["GET"]}}],"collection":[{"href":"https:\/\/neylaropadedanza.es\/fr\/wp-json\/wp\/v2\/pages"}],"about":[{"href":"https:\/\/neylaropadedanza.es\/fr\/wp-json\/wp\/v2\/types\/page"}],"author":[{"embeddable":true,"href":"https:\/\/neylaropadedanza.es\/fr\/wp-json\/wp\/v2\/users\/1"}],"replies":[{"embeddable":true,"href":"https:\/\/neylaropadedanza.es\/fr\/wp-json\/wp\/v2\/comments?post=1493"}],"version-history":[{"count":2,"href":"https:\/\/neylaropadedanza.es\/fr\/wp-json\/wp\/v2\/pages\/1493\/revisions"}],"predecessor-version":[{"id":1747,"href":"https:\/\/neylaropadedanza.es\/fr\/wp-json\/wp\/v2\/pages\/1493\/revisions\/1747"}],"wp:attachment":[{"href":"https:\/\/neylaropadedanza.es\/fr\/wp-json\/wp\/v2\/media?parent=1493"}],"curies":[{"name":"wp","href":"https:\/\/api.w.org\/{rel}","templated":true}]}}