{"id":1475,"date":"2025-04-22T11:02:09","date_gmt":"2025-04-22T11:02:09","guid":{"rendered":"https:\/\/neylaropadedanza.es\/costumes-neyla-queen\/"},"modified":"2025-05-19T11:30:20","modified_gmt":"2025-05-19T11:30:20","slug":"costumes-neyla-queen","status":"publish","type":"page","link":"https:\/\/neylaropadedanza.es\/fr\/costumes-neyla-queen\/","title":{"rendered":"Costumes Neyla Queen"},"content":{"rendered":"\t\t<div data-elementor-type=\"wp-page\" data-elementor-id=\"1475\" class=\"elementor elementor-1475 elementor-546\" data-elementor-post-type=\"page\">\n\t\t\t\t<div class=\"elementor-element elementor-element-49f8bd39 e-con-full e-flex e-con e-parent\" data-id=\"49f8bd39\" data-element_type=\"container\" data-e-type=\"container\" data-settings=\"{&quot;background_background&quot;:&quot;classic&quot;}\">\n\t\t<div class=\"elementor-element elementor-element-39f1fa01 e-con-full e-flex e-con e-child\" data-id=\"39f1fa01\" data-element_type=\"container\" data-e-type=\"container\" data-settings=\"{&quot;background_background&quot;:&quot;classic&quot;}\">\n\t\t\t\t<div class=\"elementor-element elementor-element-c80db84 elementor-widget elementor-widget-heading\" data-id=\"c80db84\" data-element_type=\"widget\" data-e-type=\"widget\" data-widget_type=\"heading.default\">\n\t\t\t\t<div class=\"elementor-widget-container\">\n\t\t\t\t\t<h1 class=\"elementor-heading-title elementor-size-default\">COSTUMES NEYLA QUEEN<\/h1>\t\t\t\t<\/div>\n\t\t\t\t<\/div>\n\t\t\t\t<div class=\"elementor-element elementor-element-7ad3ac4 elementor-widget elementor-widget-heading\" data-id=\"7ad3ac4\" data-element_type=\"widget\" data-e-type=\"widget\" data-widget_type=\"heading.default\">\n\t\t\t\t<div class=\"elementor-widget-container\">\n\t\t\t\t\t<h2 class=\"elementor-heading-title elementor-size-default\">Financez votre costume NEYLA QUEEN !\n Nous proposons d\u00e9sormais le paiement en plusieurs fois pour tout costume dont la valeur d\u00e9passe 250 \u20ac. Demandez-nous comment faire ou choisissez Financement comme mode de paiement lors de votre achat. Nous vous contacterons pour d\u00e9finir les modalit\u00e9s.  <br>\nLes NEYLA QUEEN sont des costumes professionnels de danse orientale, con\u00e7us et fabriqu\u00e9s \u00e0 Barcelone avec des mat\u00e9riaux haut de gamme.\n Chaque pi\u00e8ce est r\u00e9alis\u00e9e avec une grande minutie : tissus raffin\u00e9s, strass \u00e9tincelants et finitions soign\u00e9es.<br>\nCette collection est la pi\u00e8ce ma\u00eetresse de notre marque : des cr\u00e9ations exclusives, \u00e9l\u00e9gantes et inimitables pour briller sur sc\u00e8ne.\n Aucun mod\u00e8le n\u2019est identique \u00e0 un autre \u2014 chaque NEYLA QUEEN est une v\u00e9ritable \u0153uvre d\u2019art sur mesure.<br>\nVous avez une id\u00e9e pr\u00e9cise ? Envie d\u2019un mod\u00e8le unique ? Contactez-nous et r\u00e9alisons ensemble le costume de vos r\u00eaves !  <br><\/h2>\t\t\t\t<\/div>\n\t\t\t\t<\/div>\n\t\t\t\t<\/div>\n\t\t\t\t<\/div>\n\t\t<div class=\"elementor-element elementor-element-a2897e2 e-con-full e-flex e-con e-parent\" data-id=\"a2897e2\" data-element_type=\"container\" data-e-type=\"container\">\n\t\t\t\t<div class=\"elementor-element elementor-element-930d7a5 elementor-grid-mobile-1 elementor-product-loop-item--align-center elementor-grid-tablet-2 elementor-widget-mobile__width-initial elementor-grid-4 elementor-products-grid elementor-wc-products elementor-widget elementor-widget-woocommerce-products\" data-id=\"930d7a5\" data-element_type=\"widget\" data-e-type=\"widget\" data-widget_type=\"woocommerce-products.default\">\n\t\t\t\t<div class=\"elementor-widget-container\">\n\t\t\t\t\t<div class=\"woocommerce columns-4 \"><div class=\"woocommerce-notices-wrapper\"><\/div><p class=\"woocommerce-result-count\" role=\"alert\" aria-relevant=\"all\" >\n\t3\u00a0r\u00e9sultats affich\u00e9s<\/p>\n<form class=\"woocommerce-ordering\" method=\"get\">\n\t\t<select\n\t\tname=\"orderby\"\n\t\tclass=\"orderby\"\n\t\t\t\t\taria-label=\"Commande\"\n\t\t\t>\n\t\t\t\t\t<option value=\"menu_order\"  selected='selected'>Tri par d\u00e9faut<\/option>\n\t\t\t\t\t<option value=\"popularity\" >Tri par popularit\u00e9<\/option>\n\t\t\t\t\t<option value=\"rating\" >Tri par notes moyennes<\/option>\n\t\t\t\t\t<option value=\"date\" >Tri du plus r\u00e9cent au plus ancien<\/option>\n\t\t\t\t\t<option value=\"price\" >Tri par tarif croissant<\/option>\n\t\t\t\t\t<option value=\"price-desc\" >Tri par tarif d\u00e9croissant<\/option>\n\t\t\t<\/select>\n\t<input type=\"hidden\" name=\"paged\" value=\"1\" \/>\n\t<\/form>\n<ul class=\"products elementor-grid columns-4\">\n<li class=\"add-to-wishlist-after_add_to_cart product type-product post-19302 status-publish first instock product_cat-costumes-fr product_cat-neyla-queen product_tag-costume-de-danse-du-ventre product_tag-danse-du-ventre product_tag-danse-orientale product_tag-fuchsia-fr product_tag-jaune product_tag-neyla-dancewear-fr product_tag-robe-de-danse-du-ventre product_tag-strass-fr-2 product_tag-vert product_tag-vetements-dentrainement product_tag-vetements-de-danse-du-ventre-fr has-post-thumbnail sale taxable shipping-taxable purchasable product-type-simple\">\n\t<a href=\"https:\/\/neylaropadedanza.es\/fr\/product\/artemisa\/\" class=\"woocommerce-LoopProduct-link woocommerce-loop-product__link\">\n\t<span class=\"onsale\">Promo\u00a0!<\/span>\n\t<img fetchpriority=\"high\" decoding=\"async\" width=\"300\" height=\"300\" src=\"https:\/\/neylaropadedanza.es\/wp-content\/uploads\/2019\/12\/Ropa-de-Danza-del-Vientre-Ensayo-13-300x300.jpg\" class=\"attachment-woocommerce_thumbnail size-woocommerce_thumbnail\" alt=\"Danseuse portant le costume professionnel Artemisa Neyla Queen fuchsia avec tulle d\u00e9grad\u00e9 et broderies florales.\" srcset=\"https:\/\/neylaropadedanza.es\/wp-content\/uploads\/2019\/12\/Ropa-de-Danza-del-Vientre-Ensayo-13-300x300.jpg 300w, https:\/\/neylaropadedanza.es\/wp-content\/uploads\/2019\/12\/Ropa-de-Danza-del-Vientre-Ensayo-13-150x150.jpg 150w, https:\/\/neylaropadedanza.es\/wp-content\/uploads\/2019\/12\/Ropa-de-Danza-del-Vientre-Ensayo-13-100x100.jpg 100w\" sizes=\"(max-width: 300px) 100vw, 300px\" \/><h2 class=\"woocommerce-loop-product__title\">Artemisa<\/h2>\n\t<span class=\"price\"><del aria-hidden=\"true\"><span class=\"woocommerce-Price-amount amount\"><bdi>399,00<span class=\"woocommerce-Price-currencySymbol\">&euro;<\/span><\/bdi><\/span><\/del> <span class=\"screen-reader-text\">Le prix initial \u00e9tait\u00a0: 399,00&euro;.<\/span><ins aria-hidden=\"true\"><span class=\"woocommerce-Price-amount amount\"><bdi>239,40<span class=\"woocommerce-Price-currencySymbol\">&euro;<\/span><\/bdi><\/span><\/ins><span class=\"screen-reader-text\">Le prix actuel est\u00a0: 239,40&euro;.<\/span> <small class=\"woocommerce-price-suffix\">TVA incluse<\/small><\/span>\n<\/a><a href=\"\/fr\/wp-json\/wp\/v2\/pages\/1475?add-to-cart=19302\" aria-describedby=\"woocommerce_loop_add_to_cart_link_describedby_19302\" data-quantity=\"1\" class=\"button product_type_simple add_to_cart_button ajax_add_to_cart\" data-product_id=\"19302\" data-product_sku=\"NQ.06\" aria-label=\"Ajouter au panier\u00a0: &ldquo;Artemisa&rdquo;\" rel=\"nofollow\" data-success_message=\"\u00ab\u00a0Artemisa\u00a0\u00bb a \u00e9t\u00e9 ajout\u00e9 \u00e0 votre panier\" role=\"button\">Ajouter au panier<\/a>\t<span id=\"woocommerce_loop_add_to_cart_link_describedby_19302\" class=\"screen-reader-text\">\n\t\t\t<\/span>\n<div class=\"yith-add-to-wishlist-button-block\" data-product-id=\"19302\" data-attributes=\"{&quot;kind&quot;:&quot;button&quot;}\"><\/div><\/li>\n<li class=\"add-to-wishlist-after_add_to_cart product type-product post-19299 status-publish instock product_cat-costumes-fr product_cat-neyla-queen product_tag-costume-de-danse-du-ventre product_tag-costume-professionnel product_tag-danse-du-ventre product_tag-danse-orientale product_tag-lycra-fr product_tag-neyla-dancewear-fr product_tag-perles product_tag-soie product_tag-strass-fr product_tag-strass-fr-3 product_tag-turquoise-fr product_tag-vetements-dentrainement product_tag-vetements-de-danse-du-ventre-fr has-post-thumbnail sale taxable shipping-taxable purchasable product-type-simple\">\n\t<a href=\"https:\/\/neylaropadedanza.es\/fr\/product\/aura\/\" class=\"woocommerce-LoopProduct-link woocommerce-loop-product__link\">\n\t<span class=\"onsale\">Promo\u00a0!<\/span>\n\t<img decoding=\"async\" width=\"300\" height=\"300\" src=\"https:\/\/neylaropadedanza.es\/wp-content\/uploads\/2019\/12\/Ropa-de-Danza-del-Vientre-Ensayo-28-300x300.jpg\" class=\"attachment-woocommerce_thumbnail size-woocommerce_thumbnail\" alt=\"Danseuse portant le costume professionnel Aura Neyla Queen bleu clair avec broderies dor\u00e9es et cristaux.\" srcset=\"https:\/\/neylaropadedanza.es\/wp-content\/uploads\/2019\/12\/Ropa-de-Danza-del-Vientre-Ensayo-28-300x300.jpg 300w, https:\/\/neylaropadedanza.es\/wp-content\/uploads\/2019\/12\/Ropa-de-Danza-del-Vientre-Ensayo-28-150x150.jpg 150w, https:\/\/neylaropadedanza.es\/wp-content\/uploads\/2019\/12\/Ropa-de-Danza-del-Vientre-Ensayo-28-100x100.jpg 100w\" sizes=\"(max-width: 300px) 100vw, 300px\" \/><h2 class=\"woocommerce-loop-product__title\">Aura<\/h2>\n\t<span class=\"price\"><del aria-hidden=\"true\"><span class=\"woocommerce-Price-amount amount\"><bdi>349,00<span class=\"woocommerce-Price-currencySymbol\">&euro;<\/span><\/bdi><\/span><\/del> <span class=\"screen-reader-text\">Le prix initial \u00e9tait\u00a0: 349,00&euro;.<\/span><ins aria-hidden=\"true\"><span class=\"woocommerce-Price-amount amount\"><bdi>209,40<span class=\"woocommerce-Price-currencySymbol\">&euro;<\/span><\/bdi><\/span><\/ins><span class=\"screen-reader-text\">Le prix actuel est\u00a0: 209,40&euro;.<\/span> <small class=\"woocommerce-price-suffix\">TVA incluse<\/small><\/span>\n<\/a><a href=\"\/fr\/wp-json\/wp\/v2\/pages\/1475?add-to-cart=19299\" aria-describedby=\"woocommerce_loop_add_to_cart_link_describedby_19299\" data-quantity=\"1\" class=\"button product_type_simple add_to_cart_button ajax_add_to_cart\" data-product_id=\"19299\" data-product_sku=\"NQ.08\" aria-label=\"Ajouter au panier\u00a0: &ldquo;Aura&rdquo;\" rel=\"nofollow\" data-success_message=\"\u00ab\u00a0Aura\u00a0\u00bb a \u00e9t\u00e9 ajout\u00e9 \u00e0 votre panier\" role=\"button\">Ajouter au panier<\/a>\t<span id=\"woocommerce_loop_add_to_cart_link_describedby_19299\" class=\"screen-reader-text\">\n\t\t\t<\/span>\n<div class=\"yith-add-to-wishlist-button-block\" data-product-id=\"19299\" data-attributes=\"{&quot;kind&quot;:&quot;button&quot;}\"><\/div><\/li>\n<li class=\"add-to-wishlist-after_add_to_cart product type-product post-19295 status-publish instock product_cat-costumes-fr product_cat-neyla-queen product_tag-aigue-marine-fr product_tag-aurore-boreale product_tag-costume-de-danse-du-ventre product_tag-costume-professionnel-de-danse-du-ventre-fr product_tag-danse-du-ventre product_tag-danse-orientale product_tag-fuchsia-fr product_tag-miroirs product_tag-neyla-dancewear-fr product_tag-neyla-queen-fr product_tag-strass-fr product_tag-turquoise-fr product_tag-vert product_tag-vetements-dentrainement product_tag-vetements-de-danse-du-ventre-fr has-post-thumbnail sale taxable shipping-taxable purchasable product-type-simple\">\n\t<a href=\"https:\/\/neylaropadedanza.es\/fr\/product\/daenerys\/\" class=\"woocommerce-LoopProduct-link woocommerce-loop-product__link\">\n\t<span class=\"onsale\">Promo\u00a0!<\/span>\n\t<img decoding=\"async\" width=\"300\" height=\"300\" src=\"https:\/\/neylaropadedanza.es\/wp-content\/uploads\/2019\/12\/Ropa-de-Danza-del-Vientre-Ensayo-52-300x300.jpg\" class=\"attachment-woocommerce_thumbnail size-woocommerce_thumbnail\" alt=\"Danseuse portant le costume professionnel Daenerys Neyla Queen en lycra vert brillant avec ceinture orn\u00e9e de bijoux.\" srcset=\"https:\/\/neylaropadedanza.es\/wp-content\/uploads\/2019\/12\/Ropa-de-Danza-del-Vientre-Ensayo-52-300x300.jpg 300w, https:\/\/neylaropadedanza.es\/wp-content\/uploads\/2019\/12\/Ropa-de-Danza-del-Vientre-Ensayo-52-150x150.jpg 150w, https:\/\/neylaropadedanza.es\/wp-content\/uploads\/2019\/12\/Ropa-de-Danza-del-Vientre-Ensayo-52-100x100.jpg 100w\" sizes=\"(max-width: 300px) 100vw, 300px\" \/><h2 class=\"woocommerce-loop-product__title\">Daenerys<\/h2>\n\t<span class=\"price\"><del aria-hidden=\"true\"><span class=\"woocommerce-Price-amount amount\"><bdi>490,00<span class=\"woocommerce-Price-currencySymbol\">&euro;<\/span><\/bdi><\/span><\/del> <span class=\"screen-reader-text\">Le prix initial \u00e9tait\u00a0: 490,00&euro;.<\/span><ins aria-hidden=\"true\"><span class=\"woocommerce-Price-amount amount\"><bdi>294,00<span class=\"woocommerce-Price-currencySymbol\">&euro;<\/span><\/bdi><\/span><\/ins><span class=\"screen-reader-text\">Le prix actuel est\u00a0: 294,00&euro;.<\/span> <small class=\"woocommerce-price-suffix\">TVA incluse<\/small><\/span>\n<\/a><a href=\"\/fr\/wp-json\/wp\/v2\/pages\/1475?add-to-cart=19295\" aria-describedby=\"woocommerce_loop_add_to_cart_link_describedby_19295\" data-quantity=\"1\" class=\"button product_type_simple add_to_cart_button ajax_add_to_cart\" data-product_id=\"19295\" data-product_sku=\"NQ.11\" aria-label=\"Ajouter au panier\u00a0: &ldquo;Daenerys&rdquo;\" rel=\"nofollow\" data-success_message=\"\u00ab\u00a0Daenerys\u00a0\u00bb a \u00e9t\u00e9 ajout\u00e9 \u00e0 votre panier\" role=\"button\">Ajouter au panier<\/a>\t<span id=\"woocommerce_loop_add_to_cart_link_describedby_19295\" class=\"screen-reader-text\">\n\t\t\t<\/span>\n<div class=\"yith-add-to-wishlist-button-block\" data-product-id=\"19295\" data-attributes=\"{&quot;kind&quot;:&quot;button&quot;}\"><\/div><\/li>\n<\/ul>\n<\/div>\t\t\t\t<\/div>\n\t\t\t\t<\/div>\n\t\t\t\t<\/div>\n\t\t\t\t<\/div>\n\t\t","protected":false},"excerpt":{"rendered":"<p>COSTUMES NEYLA QUEEN Financez votre costume NEYLA QUEEN ! Nous proposons d\u00e9sormais le paiement en plusieurs fois pour tout costume dont la valeur d\u00e9passe 250 \u20ac. Demandez-nous comment faire ou choisissez Financement comme mode de paiement lors de votre achat. Nous vous contacterons pour d\u00e9finir les modalit\u00e9s. Les NEYLA QUEEN sont des costumes professionnels de [&hellip;]<\/p>\n","protected":false},"author":1,"featured_media":0,"parent":0,"menu_order":0,"comment_status":"closed","ping_status":"closed","template":"elementor_header_footer","meta":{"content-type":"","_monsterinsights_skip_tracking":false,"_monsterinsights_sitenote_active":false,"_monsterinsights_sitenote_note":"","_monsterinsights_sitenote_category":0,"_uf_show_specific_survey":0,"_uf_disable_surveys":false,"footnotes":""},"class_list":["post-1475","page","type-page","status-publish","hentry"],"yoast_head":"<!-- This site is optimized with the Yoast SEO plugin v27.4 - https:\/\/yoast.com\/product\/yoast-seo-wordpress\/ -->\n<title>Costumes Neyla Queen - Neyla Dancewear<\/title>\n<meta name=\"robots\" content=\"index, follow, max-snippet:-1, max-image-preview:large, max-video-preview:-1\" \/>\n<link rel=\"canonical\" href=\"https:\/\/neylaropadedanza.es\/fr\/costumes-neyla-queen\/\" \/>\n<meta property=\"og:locale\" content=\"fr_FR\" \/>\n<meta property=\"og:type\" content=\"article\" \/>\n<meta property=\"og:title\" content=\"Costumes Neyla Queen - Neyla Dancewear\" \/>\n<meta property=\"og:description\" content=\"COSTUMES NEYLA QUEEN Financez votre costume NEYLA QUEEN ! Nous proposons d\u00e9sormais le paiement en plusieurs fois pour tout costume dont la valeur d\u00e9passe 250 \u20ac. Demandez-nous comment faire ou choisissez Financement comme mode de paiement lors de votre achat. Nous vous contacterons pour d\u00e9finir les modalit\u00e9s. Les NEYLA QUEEN sont des costumes professionnels de [&hellip;]\" \/>\n<meta property=\"og:url\" content=\"https:\/\/neylaropadedanza.es\/fr\/costumes-neyla-queen\/\" \/>\n<meta property=\"og:site_name\" content=\"Neyla Dancewear\" \/>\n<meta property=\"article:publisher\" content=\"https:\/\/www.facebook.com\/neyladancewear\/\" \/>\n<meta property=\"article:modified_time\" content=\"2025-05-19T11:30:20+00:00\" \/>\n<meta name=\"twitter:card\" content=\"summary_large_image\" \/>\n<meta name=\"twitter:label1\" content=\"Dur\u00e9e de lecture estim\u00e9e\" \/>\n\t<meta name=\"twitter:data1\" content=\"1 minute\" \/>\n<script type=\"application\/ld+json\" class=\"yoast-schema-graph\">{\"@context\":\"https:\\\/\\\/schema.org\",\"@graph\":[{\"@type\":\"WebPage\",\"@id\":\"https:\\\/\\\/neylaropadedanza.es\\\/fr\\\/costumes-neyla-queen\\\/\",\"url\":\"https:\\\/\\\/neylaropadedanza.es\\\/fr\\\/costumes-neyla-queen\\\/\",\"name\":\"Costumes Neyla Queen - Neyla Dancewear\",\"isPartOf\":{\"@id\":\"https:\\\/\\\/neylaropadedanza.com\\\/#website\"},\"datePublished\":\"2025-04-22T11:02:09+00:00\",\"dateModified\":\"2025-05-19T11:30:20+00:00\",\"breadcrumb\":{\"@id\":\"https:\\\/\\\/neylaropadedanza.es\\\/fr\\\/costumes-neyla-queen\\\/#breadcrumb\"},\"inLanguage\":\"fr-FR\",\"potentialAction\":[{\"@type\":\"ReadAction\",\"target\":[\"https:\\\/\\\/neylaropadedanza.es\\\/fr\\\/costumes-neyla-queen\\\/\"]}]},{\"@type\":\"BreadcrumbList\",\"@id\":\"https:\\\/\\\/neylaropadedanza.es\\\/fr\\\/costumes-neyla-queen\\\/#breadcrumb\",\"itemListElement\":[{\"@type\":\"ListItem\",\"position\":1,\"name\":\"Home\",\"item\":\"https:\\\/\\\/neylaropadedanza.es\\\/fr\\\/\"},{\"@type\":\"ListItem\",\"position\":2,\"name\":\"Costumes Neyla Queen\"}]},{\"@type\":\"WebSite\",\"@id\":\"https:\\\/\\\/neylaropadedanza.com\\\/#website\",\"url\":\"https:\\\/\\\/neylaropadedanza.com\\\/\",\"name\":\"NeylaRopaDeDanza\",\"description\":\"Ropa de Danza del Vientre, danza oriental, trajes, ropa de ensayo y mucho m\u00e1s!\",\"publisher\":{\"@id\":\"https:\\\/\\\/neylaropadedanza.com\\\/#organization\"},\"potentialAction\":[{\"@type\":\"SearchAction\",\"target\":{\"@type\":\"EntryPoint\",\"urlTemplate\":\"https:\\\/\\\/neylaropadedanza.com\\\/?s={search_term_string}\"},\"query-input\":{\"@type\":\"PropertyValueSpecification\",\"valueRequired\":true,\"valueName\":\"search_term_string\"}}],\"inLanguage\":\"fr-FR\"},{\"@type\":\"Organization\",\"@id\":\"https:\\\/\\\/neylaropadedanza.com\\\/#organization\",\"name\":\"NeylaRopaDeDanza\",\"url\":\"https:\\\/\\\/neylaropadedanza.com\\\/\",\"logo\":{\"@type\":\"ImageObject\",\"inLanguage\":\"fr-FR\",\"@id\":\"https:\\\/\\\/neylaropadedanza.com\\\/#\\\/schema\\\/logo\\\/image\\\/\",\"url\":\"https:\\\/\\\/neylaropadedanza.es\\\/wp-content\\\/uploads\\\/2025\\\/04\\\/Neyla-Blanc.webp\",\"contentUrl\":\"https:\\\/\\\/neylaropadedanza.es\\\/wp-content\\\/uploads\\\/2025\\\/04\\\/Neyla-Blanc.webp\",\"width\":1970,\"height\":936,\"caption\":\"NeylaRopaDeDanza\"},\"image\":{\"@id\":\"https:\\\/\\\/neylaropadedanza.com\\\/#\\\/schema\\\/logo\\\/image\\\/\"},\"sameAs\":[\"https:\\\/\\\/www.facebook.com\\\/neyladancewear\\\/\",\"https:\\\/\\\/www.instagram.com\\\/neyladancewear\\\/\",\"https:\\\/\\\/www.youtube.com\\\/channel\\\/UCKlqrANcZD0QqKXzpy4taWA?view_as=subscriber\"]}]}<\/script>\n<!-- \/ Yoast SEO plugin. -->","yoast_head_json":{"title":"Costumes Neyla Queen - Neyla Dancewear","robots":{"index":"index","follow":"follow","max-snippet":"max-snippet:-1","max-image-preview":"max-image-preview:large","max-video-preview":"max-video-preview:-1"},"canonical":"https:\/\/neylaropadedanza.es\/fr\/costumes-neyla-queen\/","og_locale":"fr_FR","og_type":"article","og_title":"Costumes Neyla Queen - Neyla Dancewear","og_description":"COSTUMES NEYLA QUEEN Financez votre costume NEYLA QUEEN ! Nous proposons d\u00e9sormais le paiement en plusieurs fois pour tout costume dont la valeur d\u00e9passe 250 \u20ac. Demandez-nous comment faire ou choisissez Financement comme mode de paiement lors de votre achat. Nous vous contacterons pour d\u00e9finir les modalit\u00e9s. Les NEYLA QUEEN sont des costumes professionnels de [&hellip;]","og_url":"https:\/\/neylaropadedanza.es\/fr\/costumes-neyla-queen\/","og_site_name":"Neyla Dancewear","article_publisher":"https:\/\/www.facebook.com\/neyladancewear\/","article_modified_time":"2025-05-19T11:30:20+00:00","twitter_card":"summary_large_image","twitter_misc":{"Dur\u00e9e de lecture estim\u00e9e":"1 minute"},"schema":{"@context":"https:\/\/schema.org","@graph":[{"@type":"WebPage","@id":"https:\/\/neylaropadedanza.es\/fr\/costumes-neyla-queen\/","url":"https:\/\/neylaropadedanza.es\/fr\/costumes-neyla-queen\/","name":"Costumes Neyla Queen - Neyla Dancewear","isPartOf":{"@id":"https:\/\/neylaropadedanza.com\/#website"},"datePublished":"2025-04-22T11:02:09+00:00","dateModified":"2025-05-19T11:30:20+00:00","breadcrumb":{"@id":"https:\/\/neylaropadedanza.es\/fr\/costumes-neyla-queen\/#breadcrumb"},"inLanguage":"fr-FR","potentialAction":[{"@type":"ReadAction","target":["https:\/\/neylaropadedanza.es\/fr\/costumes-neyla-queen\/"]}]},{"@type":"BreadcrumbList","@id":"https:\/\/neylaropadedanza.es\/fr\/costumes-neyla-queen\/#breadcrumb","itemListElement":[{"@type":"ListItem","position":1,"name":"Home","item":"https:\/\/neylaropadedanza.es\/fr\/"},{"@type":"ListItem","position":2,"name":"Costumes Neyla Queen"}]},{"@type":"WebSite","@id":"https:\/\/neylaropadedanza.com\/#website","url":"https:\/\/neylaropadedanza.com\/","name":"NeylaRopaDeDanza","description":"Ropa de Danza del Vientre, danza oriental, trajes, ropa de ensayo y mucho m\u00e1s!","publisher":{"@id":"https:\/\/neylaropadedanza.com\/#organization"},"potentialAction":[{"@type":"SearchAction","target":{"@type":"EntryPoint","urlTemplate":"https:\/\/neylaropadedanza.com\/?s={search_term_string}"},"query-input":{"@type":"PropertyValueSpecification","valueRequired":true,"valueName":"search_term_string"}}],"inLanguage":"fr-FR"},{"@type":"Organization","@id":"https:\/\/neylaropadedanza.com\/#organization","name":"NeylaRopaDeDanza","url":"https:\/\/neylaropadedanza.com\/","logo":{"@type":"ImageObject","inLanguage":"fr-FR","@id":"https:\/\/neylaropadedanza.com\/#\/schema\/logo\/image\/","url":"https:\/\/neylaropadedanza.es\/wp-content\/uploads\/2025\/04\/Neyla-Blanc.webp","contentUrl":"https:\/\/neylaropadedanza.es\/wp-content\/uploads\/2025\/04\/Neyla-Blanc.webp","width":1970,"height":936,"caption":"NeylaRopaDeDanza"},"image":{"@id":"https:\/\/neylaropadedanza.com\/#\/schema\/logo\/image\/"},"sameAs":["https:\/\/www.facebook.com\/neyladancewear\/","https:\/\/www.instagram.com\/neyladancewear\/","https:\/\/www.youtube.com\/channel\/UCKlqrANcZD0QqKXzpy4taWA?view_as=subscriber"]}]}},"_links":{"self":[{"href":"https:\/\/neylaropadedanza.es\/fr\/wp-json\/wp\/v2\/pages\/1475","targetHints":{"allow":["GET"]}}],"collection":[{"href":"https:\/\/neylaropadedanza.es\/fr\/wp-json\/wp\/v2\/pages"}],"about":[{"href":"https:\/\/neylaropadedanza.es\/fr\/wp-json\/wp\/v2\/types\/page"}],"author":[{"embeddable":true,"href":"https:\/\/neylaropadedanza.es\/fr\/wp-json\/wp\/v2\/users\/1"}],"replies":[{"embeddable":true,"href":"https:\/\/neylaropadedanza.es\/fr\/wp-json\/wp\/v2\/comments?post=1475"}],"version-history":[{"count":7,"href":"https:\/\/neylaropadedanza.es\/fr\/wp-json\/wp\/v2\/pages\/1475\/revisions"}],"predecessor-version":[{"id":17283,"href":"https:\/\/neylaropadedanza.es\/fr\/wp-json\/wp\/v2\/pages\/1475\/revisions\/17283"}],"wp:attachment":[{"href":"https:\/\/neylaropadedanza.es\/fr\/wp-json\/wp\/v2\/media?parent=1475"}],"curies":[{"name":"wp","href":"https:\/\/api.w.org\/{rel}","templated":true}]}}