{"id":1449,"date":"2025-04-22T11:13:28","date_gmt":"2025-04-22T11:13:28","guid":{"rendered":"https:\/\/neylaropadedanza.es\/neyla-basics-and-groupes\/"},"modified":"2025-05-19T11:29:06","modified_gmt":"2025-05-19T11:29:06","slug":"neyla-basics-and-groupes","status":"publish","type":"page","link":"https:\/\/neylaropadedanza.es\/fr\/neyla-basics-and-groupes\/","title":{"rendered":"Neyla Basics and Groupes"},"content":{"rendered":"\t\t<div data-elementor-type=\"wp-page\" data-elementor-id=\"1449\" class=\"elementor elementor-1449 elementor-566\" data-elementor-post-type=\"page\">\n\t\t\t\t<div class=\"elementor-element elementor-element-49f8bd39 e-con-full e-flex e-con e-parent\" data-id=\"49f8bd39\" data-element_type=\"container\" data-settings=\"{&quot;background_background&quot;:&quot;classic&quot;}\">\n\t\t<div class=\"elementor-element elementor-element-39f1fa01 e-con-full e-flex e-con e-child\" data-id=\"39f1fa01\" data-element_type=\"container\" data-settings=\"{&quot;background_background&quot;:&quot;classic&quot;}\">\n\t\t\t\t<div class=\"elementor-element elementor-element-c80db84 elementor-widget elementor-widget-heading\" data-id=\"c80db84\" data-element_type=\"widget\" data-widget_type=\"heading.default\">\n\t\t\t\t<div class=\"elementor-widget-container\">\n\t\t\t\t\t<h1 class=\"elementor-heading-title elementor-size-default\">NEYLA BASICS &amp; GROUPES<\/h1>\t\t\t\t<\/div>\n\t\t\t\t<\/div>\n\t\t\t\t<div class=\"elementor-element elementor-element-7ad3ac4 elementor-widget elementor-widget-heading\" data-id=\"7ad3ac4\" data-element_type=\"widget\" data-widget_type=\"heading.default\">\n\t\t\t\t<div class=\"elementor-widget-container\">\n\t\t\t\t\t<h2 class=\"elementor-heading-title elementor-size-default\">\ud83c\udf89 \u00a1Remises sp\u00e9ciales \u00e0 partir de 3 personnes !\nContactez-nous \u00e0 atencionalcliente@neylaropadedanza.es pour plus d\u2019informations.<br>\nNotre collection NEYLA BASICS &amp; GROUPES est sp\u00e9cialement con\u00e7ue pour les \u00e9coles de danse orientale, les festivals et les spectacles d\u2019\u00e9l\u00e8ves. Ce sont des costumes semi-professionnels de qualit\u00e9, enti\u00e8rement r\u00e9alis\u00e9s sur mesure pour s\u2019adapter parfaitement \u00e0 chaque danseuse, \u00e0 des prix tr\u00e8s accessibles. <br>\nChez Neyla, nous pensons que toutes les danseuses m\u00e9ritent de briller sur sc\u00e8ne sans faire de compromis sur la qualit\u00e9. C\u2019est pourquoi nous cr\u00e9ons des mod\u00e8les personnalis\u00e9s qui r\u00e9pondent aux go\u00fbts et aux besoins de chaque groupe. <br>\n\ud83d\udca1 Vous avez une id\u00e9e pr\u00e9cise ? Vous souhaitez un design exclusif pour votre groupe ? \u00c9crivez-nous et nous vous enverrons un devis personnalis\u00e9 dans les plus brefs d\u00e9lais.  <br>Avec Neyla, donnez vie au costume parfait pour votre groupe !<\/h2>\t\t\t\t<\/div>\n\t\t\t\t<\/div>\n\t\t\t\t<\/div>\n\t\t\t\t<\/div>\n\t\t<div class=\"elementor-element elementor-element-a2897e2 e-con-full e-flex e-con e-parent\" data-id=\"a2897e2\" data-element_type=\"container\">\n\t\t\t\t<\/div>\n\t\t\t\t<\/div>\n\t\t","protected":false},"excerpt":{"rendered":"<p>NEYLA BASICS &amp; GROUPES \ud83c\udf89 \u00a1Remises sp\u00e9ciales \u00e0 partir de 3 personnes ! Contactez-nous \u00e0 atencionalcliente@neylaropadedanza.es pour plus d\u2019informations. Notre collection NEYLA BASICS &amp; GROUPES est sp\u00e9cialement con\u00e7ue pour les \u00e9coles de danse orientale, les festivals et les spectacles d\u2019\u00e9l\u00e8ves. Ce sont des costumes semi-professionnels de qualit\u00e9, enti\u00e8rement r\u00e9alis\u00e9s sur mesure pour s\u2019adapter parfaitement \u00e0 [&hellip;]<\/p>\n","protected":false},"author":1,"featured_media":0,"parent":0,"menu_order":0,"comment_status":"closed","ping_status":"closed","template":"elementor_header_footer","meta":{"content-type":"","_monsterinsights_skip_tracking":false,"_monsterinsights_sitenote_active":false,"_monsterinsights_sitenote_note":"","_monsterinsights_sitenote_category":0,"_uf_show_specific_survey":0,"_uf_disable_surveys":false,"footnotes":""},"class_list":["post-1449","page","type-page","status-publish","hentry"],"yoast_head":"<!-- This site is optimized with the Yoast SEO plugin v26.6 - https:\/\/yoast.com\/wordpress\/plugins\/seo\/ -->\n<title>Neyla Basics and Groupes - Neyla Dancewear<\/title>\n<meta name=\"robots\" content=\"index, follow, max-snippet:-1, max-image-preview:large, max-video-preview:-1\" \/>\n<link rel=\"canonical\" href=\"https:\/\/neylaropadedanza.es\/fr\/neyla-basics-and-groupes\/\" \/>\n<meta property=\"og:locale\" content=\"fr_FR\" \/>\n<meta property=\"og:type\" content=\"article\" \/>\n<meta property=\"og:title\" content=\"Neyla Basics and Groupes - Neyla Dancewear\" \/>\n<meta property=\"og:description\" content=\"NEYLA BASICS &amp; GROUPES \ud83c\udf89 \u00a1Remises sp\u00e9ciales \u00e0 partir de 3 personnes ! Contactez-nous \u00e0 atencionalcliente@neylaropadedanza.es pour plus d\u2019informations. Notre collection NEYLA BASICS &amp; GROUPES est sp\u00e9cialement con\u00e7ue pour les \u00e9coles de danse orientale, les festivals et les spectacles d\u2019\u00e9l\u00e8ves. Ce sont des costumes semi-professionnels de qualit\u00e9, enti\u00e8rement r\u00e9alis\u00e9s sur mesure pour s\u2019adapter parfaitement \u00e0 [&hellip;]\" \/>\n<meta property=\"og:url\" content=\"https:\/\/neylaropadedanza.es\/fr\/neyla-basics-and-groupes\/\" \/>\n<meta property=\"og:site_name\" content=\"Neyla Dancewear\" \/>\n<meta property=\"article:publisher\" content=\"https:\/\/www.facebook.com\/neyladancewear\/\" \/>\n<meta property=\"article:modified_time\" content=\"2025-05-19T11:29:06+00:00\" \/>\n<meta name=\"twitter:card\" content=\"summary_large_image\" \/>\n<meta name=\"twitter:label1\" content=\"Dur\u00e9e de lecture estim\u00e9e\" \/>\n\t<meta name=\"twitter:data1\" content=\"1 minute\" \/>\n<script type=\"application\/ld+json\" class=\"yoast-schema-graph\">{\"@context\":\"https:\/\/schema.org\",\"@graph\":[{\"@type\":\"WebPage\",\"@id\":\"https:\/\/neylaropadedanza.es\/fr\/neyla-basics-and-groupes\/\",\"url\":\"https:\/\/neylaropadedanza.es\/fr\/neyla-basics-and-groupes\/\",\"name\":\"Neyla Basics and Groupes - Neyla Dancewear\",\"isPartOf\":{\"@id\":\"https:\/\/neylaropadedanza.com\/#website\"},\"datePublished\":\"2025-04-22T11:13:28+00:00\",\"dateModified\":\"2025-05-19T11:29:06+00:00\",\"breadcrumb\":{\"@id\":\"https:\/\/neylaropadedanza.es\/fr\/neyla-basics-and-groupes\/#breadcrumb\"},\"inLanguage\":\"fr-FR\",\"potentialAction\":[{\"@type\":\"ReadAction\",\"target\":[\"https:\/\/neylaropadedanza.es\/fr\/neyla-basics-and-groupes\/\"]}]},{\"@type\":\"BreadcrumbList\",\"@id\":\"https:\/\/neylaropadedanza.es\/fr\/neyla-basics-and-groupes\/#breadcrumb\",\"itemListElement\":[{\"@type\":\"ListItem\",\"position\":1,\"name\":\"Home\",\"item\":\"https:\/\/neylaropadedanza.es\/fr\/\"},{\"@type\":\"ListItem\",\"position\":2,\"name\":\"Neyla Basics and Groupes\"}]},{\"@type\":\"WebSite\",\"@id\":\"https:\/\/neylaropadedanza.com\/#website\",\"url\":\"https:\/\/neylaropadedanza.com\/\",\"name\":\"NeylaRopaDeDanza\",\"description\":\"Ropa de Danza del Vientre, danza oriental, trajes, ropa de ensayo y mucho m\u00e1s!\",\"publisher\":{\"@id\":\"https:\/\/neylaropadedanza.com\/#organization\"},\"potentialAction\":[{\"@type\":\"SearchAction\",\"target\":{\"@type\":\"EntryPoint\",\"urlTemplate\":\"https:\/\/neylaropadedanza.com\/?s={search_term_string}\"},\"query-input\":{\"@type\":\"PropertyValueSpecification\",\"valueRequired\":true,\"valueName\":\"search_term_string\"}}],\"inLanguage\":\"fr-FR\"},{\"@type\":\"Organization\",\"@id\":\"https:\/\/neylaropadedanza.com\/#organization\",\"name\":\"NeylaRopaDeDanza\",\"url\":\"https:\/\/neylaropadedanza.com\/\",\"logo\":{\"@type\":\"ImageObject\",\"inLanguage\":\"fr-FR\",\"@id\":\"https:\/\/neylaropadedanza.com\/#\/schema\/logo\/image\/\",\"url\":\"https:\/\/neylaropadedanza.es\/wp-content\/uploads\/2025\/04\/Neyla-Blanc.webp\",\"contentUrl\":\"https:\/\/neylaropadedanza.es\/wp-content\/uploads\/2025\/04\/Neyla-Blanc.webp\",\"width\":1970,\"height\":936,\"caption\":\"NeylaRopaDeDanza\"},\"image\":{\"@id\":\"https:\/\/neylaropadedanza.com\/#\/schema\/logo\/image\/\"},\"sameAs\":[\"https:\/\/www.facebook.com\/neyladancewear\/\",\"https:\/\/www.instagram.com\/neyladancewear\/\",\"https:\/\/www.youtube.com\/channel\/UCKlqrANcZD0QqKXzpy4taWA?view_as=subscriber\"]}]}<\/script>\n<!-- \/ Yoast SEO plugin. -->","yoast_head_json":{"title":"Neyla Basics and Groupes - Neyla Dancewear","robots":{"index":"index","follow":"follow","max-snippet":"max-snippet:-1","max-image-preview":"max-image-preview:large","max-video-preview":"max-video-preview:-1"},"canonical":"https:\/\/neylaropadedanza.es\/fr\/neyla-basics-and-groupes\/","og_locale":"fr_FR","og_type":"article","og_title":"Neyla Basics and Groupes - Neyla Dancewear","og_description":"NEYLA BASICS &amp; GROUPES \ud83c\udf89 \u00a1Remises sp\u00e9ciales \u00e0 partir de 3 personnes ! Contactez-nous \u00e0 atencionalcliente@neylaropadedanza.es pour plus d\u2019informations. Notre collection NEYLA BASICS &amp; GROUPES est sp\u00e9cialement con\u00e7ue pour les \u00e9coles de danse orientale, les festivals et les spectacles d\u2019\u00e9l\u00e8ves. Ce sont des costumes semi-professionnels de qualit\u00e9, enti\u00e8rement r\u00e9alis\u00e9s sur mesure pour s\u2019adapter parfaitement \u00e0 [&hellip;]","og_url":"https:\/\/neylaropadedanza.es\/fr\/neyla-basics-and-groupes\/","og_site_name":"Neyla Dancewear","article_publisher":"https:\/\/www.facebook.com\/neyladancewear\/","article_modified_time":"2025-05-19T11:29:06+00:00","twitter_card":"summary_large_image","twitter_misc":{"Dur\u00e9e de lecture estim\u00e9e":"1 minute"},"schema":{"@context":"https:\/\/schema.org","@graph":[{"@type":"WebPage","@id":"https:\/\/neylaropadedanza.es\/fr\/neyla-basics-and-groupes\/","url":"https:\/\/neylaropadedanza.es\/fr\/neyla-basics-and-groupes\/","name":"Neyla Basics and Groupes - Neyla Dancewear","isPartOf":{"@id":"https:\/\/neylaropadedanza.com\/#website"},"datePublished":"2025-04-22T11:13:28+00:00","dateModified":"2025-05-19T11:29:06+00:00","breadcrumb":{"@id":"https:\/\/neylaropadedanza.es\/fr\/neyla-basics-and-groupes\/#breadcrumb"},"inLanguage":"fr-FR","potentialAction":[{"@type":"ReadAction","target":["https:\/\/neylaropadedanza.es\/fr\/neyla-basics-and-groupes\/"]}]},{"@type":"BreadcrumbList","@id":"https:\/\/neylaropadedanza.es\/fr\/neyla-basics-and-groupes\/#breadcrumb","itemListElement":[{"@type":"ListItem","position":1,"name":"Home","item":"https:\/\/neylaropadedanza.es\/fr\/"},{"@type":"ListItem","position":2,"name":"Neyla Basics and Groupes"}]},{"@type":"WebSite","@id":"https:\/\/neylaropadedanza.com\/#website","url":"https:\/\/neylaropadedanza.com\/","name":"NeylaRopaDeDanza","description":"Ropa de Danza del Vientre, danza oriental, trajes, ropa de ensayo y mucho m\u00e1s!","publisher":{"@id":"https:\/\/neylaropadedanza.com\/#organization"},"potentialAction":[{"@type":"SearchAction","target":{"@type":"EntryPoint","urlTemplate":"https:\/\/neylaropadedanza.com\/?s={search_term_string}"},"query-input":{"@type":"PropertyValueSpecification","valueRequired":true,"valueName":"search_term_string"}}],"inLanguage":"fr-FR"},{"@type":"Organization","@id":"https:\/\/neylaropadedanza.com\/#organization","name":"NeylaRopaDeDanza","url":"https:\/\/neylaropadedanza.com\/","logo":{"@type":"ImageObject","inLanguage":"fr-FR","@id":"https:\/\/neylaropadedanza.com\/#\/schema\/logo\/image\/","url":"https:\/\/neylaropadedanza.es\/wp-content\/uploads\/2025\/04\/Neyla-Blanc.webp","contentUrl":"https:\/\/neylaropadedanza.es\/wp-content\/uploads\/2025\/04\/Neyla-Blanc.webp","width":1970,"height":936,"caption":"NeylaRopaDeDanza"},"image":{"@id":"https:\/\/neylaropadedanza.com\/#\/schema\/logo\/image\/"},"sameAs":["https:\/\/www.facebook.com\/neyladancewear\/","https:\/\/www.instagram.com\/neyladancewear\/","https:\/\/www.youtube.com\/channel\/UCKlqrANcZD0QqKXzpy4taWA?view_as=subscriber"]}]}},"_links":{"self":[{"href":"https:\/\/neylaropadedanza.es\/fr\/wp-json\/wp\/v2\/pages\/1449","targetHints":{"allow":["GET"]}}],"collection":[{"href":"https:\/\/neylaropadedanza.es\/fr\/wp-json\/wp\/v2\/pages"}],"about":[{"href":"https:\/\/neylaropadedanza.es\/fr\/wp-json\/wp\/v2\/types\/page"}],"author":[{"embeddable":true,"href":"https:\/\/neylaropadedanza.es\/fr\/wp-json\/wp\/v2\/users\/1"}],"replies":[{"embeddable":true,"href":"https:\/\/neylaropadedanza.es\/fr\/wp-json\/wp\/v2\/comments?post=1449"}],"version-history":[{"count":6,"href":"https:\/\/neylaropadedanza.es\/fr\/wp-json\/wp\/v2\/pages\/1449\/revisions"}],"predecessor-version":[{"id":17273,"href":"https:\/\/neylaropadedanza.es\/fr\/wp-json\/wp\/v2\/pages\/1449\/revisions\/17273"}],"wp:attachment":[{"href":"https:\/\/neylaropadedanza.es\/fr\/wp-json\/wp\/v2\/media?parent=1449"}],"curies":[{"name":"wp","href":"https:\/\/api.w.org\/{rel}","templated":true}]}}