{"id":1438,"date":"2025-04-23T10:54:08","date_gmt":"2025-04-23T10:54:08","guid":{"rendered":"https:\/\/neylaropadedanza.es\/vetements-fitness\/"},"modified":"2025-05-19T11:41:15","modified_gmt":"2025-05-19T11:41:15","slug":"vetements-fitness","status":"publish","type":"page","link":"https:\/\/neylaropadedanza.es\/fr\/vetements-fitness\/","title":{"rendered":"Vetements Fitness"},"content":{"rendered":"\t\t<div data-elementor-type=\"wp-page\" data-elementor-id=\"1438\" class=\"elementor elementor-1438 elementor-736\" data-elementor-post-type=\"page\">\n\t\t\t\t<div class=\"elementor-element elementor-element-49f8bd39 e-con-full e-flex e-con e-parent\" data-id=\"49f8bd39\" data-element_type=\"container\" data-e-type=\"container\" data-settings=\"{&quot;background_background&quot;:&quot;classic&quot;}\">\n\t\t<div class=\"elementor-element elementor-element-39f1fa01 e-con-full e-flex e-con e-child\" data-id=\"39f1fa01\" data-element_type=\"container\" data-e-type=\"container\" data-settings=\"{&quot;background_background&quot;:&quot;classic&quot;}\">\n\t\t\t\t<div class=\"elementor-element elementor-element-c80db84 elementor-widget elementor-widget-heading\" data-id=\"c80db84\" data-element_type=\"widget\" data-e-type=\"widget\" data-widget_type=\"heading.default\">\n\t\t\t\t<div class=\"elementor-widget-container\">\n\t\t\t\t\t<h1 class=\"elementor-heading-title elementor-size-default\">V\u00caTEMENTS FITNESS<\/h1>\t\t\t\t<\/div>\n\t\t\t\t<\/div>\n\t\t\t\t<div class=\"elementor-element elementor-element-7ad3ac4 elementor-widget elementor-widget-heading\" data-id=\"7ad3ac4\" data-element_type=\"widget\" data-e-type=\"widget\" data-widget_type=\"heading.default\">\n\t\t\t\t<div class=\"elementor-widget-container\">\n\t\t\t\t\t<h2 class=\"elementor-heading-title elementor-size-default\">Combien de fois vous \u00eates-vous dit que vous ne vous sentiez pas \u00e0 votre avantage en vous entra\u00eenant ? Chez Neyla Dancewear, nous le savons bien, et c\u2019est pourquoi nous avons cr\u00e9\u00e9 notre collection de V\u00caTEMENTS FITNESS : pens\u00e9e pour les femmes fortes, \u00e9panouies, qui prennent soin d\u2019elles et veulent se sentir belles, m\u00eame pendant l\u2019effort. <br>\nNos mod\u00e8les allient confort, style et fonctionnalit\u00e9, avec des tissus extensibles qui \u00e9pousent vos mouvements. Parfaits pour vos s\u00e9ances de fitness, de yoga ou d'entra\u00eenement de danse. <br>\nSe sentir bien, c\u2019est aussi se sentir belle. D\u00e9couvrez notre collection et entra\u00eenez-vous avec puissance, confiance et \u00e9l\u00e9gance.<br>\n<\/h2>\t\t\t\t<\/div>\n\t\t\t\t<\/div>\n\t\t\t\t<\/div>\n\t\t\t\t<\/div>\n\t\t<div class=\"elementor-element elementor-element-a2897e2 e-con-full e-flex e-con e-parent\" data-id=\"a2897e2\" data-element_type=\"container\" data-e-type=\"container\">\n\t\t\t\t<div class=\"elementor-element elementor-element-930d7a5 elementor-grid-mobile-1 elementor-product-loop-item--align-center elementor-grid-tablet-2 elementor-widget-mobile__width-initial elementor-grid-4 elementor-products-grid elementor-wc-products elementor-widget elementor-widget-woocommerce-products\" data-id=\"930d7a5\" data-element_type=\"widget\" data-e-type=\"widget\" data-widget_type=\"woocommerce-products.default\">\n\t\t\t\t<div class=\"elementor-widget-container\">\n\t\t\t\t\t<div class=\"woocommerce columns-4 \"><div class=\"woocommerce-notices-wrapper\"><\/div><p class=\"woocommerce-result-count\" role=\"alert\" aria-relevant=\"all\" >\n\t4\u00a0r\u00e9sultats affich\u00e9s<\/p>\n<form class=\"woocommerce-ordering\" method=\"get\">\n\t\t<select\n\t\tname=\"orderby\"\n\t\tclass=\"orderby\"\n\t\t\t\t\taria-label=\"Commande\"\n\t\t\t>\n\t\t\t\t\t<option value=\"menu_order\"  selected='selected'>Tri par d\u00e9faut<\/option>\n\t\t\t\t\t<option value=\"popularity\" >Tri par popularit\u00e9<\/option>\n\t\t\t\t\t<option value=\"rating\" >Tri par notes moyennes<\/option>\n\t\t\t\t\t<option value=\"date\" >Tri du plus r\u00e9cent au plus ancien<\/option>\n\t\t\t\t\t<option value=\"price\" >Tri par tarif croissant<\/option>\n\t\t\t\t\t<option value=\"price-desc\" >Tri par tarif d\u00e9croissant<\/option>\n\t\t\t<\/select>\n\t<input type=\"hidden\" name=\"paged\" value=\"1\" \/>\n\t<\/form>\n<ul class=\"products elementor-grid columns-4\">\n<li class=\"add-to-wishlist-after_add_to_cart product type-product post-19254 status-publish first instock product_cat-vetements-fitness product_tag-combinaison product_tag-combinaison-de-sport product_tag-combinaison-de-sport-fr product_tag-corail-fluorescent product_tag-ensemble-de-sport product_tag-fitness-fr product_tag-gymnase product_tag-lycra-fr product_tag-noir product_tag-sport-fr product_tag-sports-fr product_tag-vetements-de-sport product_tag-vetements-de-sport-fr has-post-thumbnail sale taxable shipping-taxable purchasable product-type-variable\">\n\t<a href=\"https:\/\/neylaropadedanza.es\/fr\/product\/feme\/\" class=\"woocommerce-LoopProduct-link woocommerce-loop-product__link\">\n\t<span class=\"onsale\">Promo\u00a0!<\/span>\n\t<img fetchpriority=\"high\" decoding=\"async\" width=\"300\" height=\"300\" src=\"https:\/\/neylaropadedanza.es\/wp-content\/uploads\/2020\/03\/Neyla-Fitness-1-300x300.jpg\" class=\"attachment-woocommerce_thumbnail size-woocommerce_thumbnail\" alt=\"Femme portant une combinaison fitness Feme noire avec des bretelles crois\u00e9es rose n\u00e9on dans le dos.\" srcset=\"https:\/\/neylaropadedanza.es\/wp-content\/uploads\/2020\/03\/Neyla-Fitness-1-300x300.jpg 300w, https:\/\/neylaropadedanza.es\/wp-content\/uploads\/2020\/03\/Neyla-Fitness-1-150x150.jpg 150w, https:\/\/neylaropadedanza.es\/wp-content\/uploads\/2020\/03\/Neyla-Fitness-1-100x100.jpg 100w\" sizes=\"(max-width: 300px) 100vw, 300px\" \/><h2 class=\"woocommerce-loop-product__title\">Feme<\/h2>\n\t<span class=\"price\"><del aria-hidden=\"true\"><span class=\"woocommerce-Price-amount amount\"><bdi>75,00<span class=\"woocommerce-Price-currencySymbol\">&euro;<\/span><\/bdi><\/span><\/del> <span class=\"screen-reader-text\">Le prix initial \u00e9tait\u00a0: 75,00&euro;.<\/span><ins aria-hidden=\"true\"><span class=\"woocommerce-Price-amount amount\"><bdi>45,00<span class=\"woocommerce-Price-currencySymbol\">&euro;<\/span><\/bdi><\/span><\/ins><span class=\"screen-reader-text\">Le prix actuel est\u00a0: 45,00&euro;.<\/span> <small class=\"woocommerce-price-suffix\">TVA incluse<\/small><\/span>\n<\/a><a href=\"https:\/\/neylaropadedanza.es\/fr\/product\/feme\/\" aria-describedby=\"woocommerce_loop_add_to_cart_link_describedby_19254\" data-quantity=\"1\" class=\"button product_type_variable add_to_cart_button cfvsw_ajax_add_to_cart\" data-product_id=\"19254\" data-product_sku=\"FIT.01\" aria-label=\"S\u00e9lectionner les options pour &ldquo;Feme&rdquo;\" rel=\"nofollow\" data-add_to_cart_text=\"Add to Cart\" data-select_options_text=\"Choix des options\">Choix des options<\/a>\t<span id=\"woocommerce_loop_add_to_cart_link_describedby_19254\" class=\"screen-reader-text\">\n\t\tCe produit a plusieurs variations. Les options peuvent \u00eatre choisies sur la page du produit\t<\/span>\n<div class=\"yith-add-to-wishlist-button-block\" data-product-id=\"19254\" data-attributes=\"{&quot;kind&quot;:&quot;button&quot;}\"><\/div><\/li>\n<li class=\"add-to-wishlist-after_add_to_cart product type-product post-19243 status-publish instock product_cat-vetements-fitness product_tag-bleu product_tag-costume-de-sport product_tag-ensemble-de-sport product_tag-fitness-fr product_tag-gymnase product_tag-lycra-fr product_tag-noir product_tag-orange-fr product_tag-sport-fr product_tag-sports-fr product_tag-vetements-de-sport product_tag-vetements-de-sport-fr has-post-thumbnail sale taxable shipping-taxable purchasable product-type-variable\">\n\t<a href=\"https:\/\/neylaropadedanza.es\/fr\/product\/metis\/\" class=\"woocommerce-LoopProduct-link woocommerce-loop-product__link\">\n\t<span class=\"onsale\">Promo\u00a0!<\/span>\n\t<img decoding=\"async\" width=\"300\" height=\"300\" src=\"https:\/\/neylaropadedanza.es\/wp-content\/uploads\/2020\/03\/Neyla-Fitness-5-1-300x300.jpg\" class=\"attachment-woocommerce_thumbnail size-woocommerce_thumbnail\" alt=\"Femme portant l\u2019ensemble fitness Metis avec un haut \u00e0 bretelles imprim\u00e9 bleu et orange et un legging taille haute avec des bandes en tulle noir.\" srcset=\"https:\/\/neylaropadedanza.es\/wp-content\/uploads\/2020\/03\/Neyla-Fitness-5-1-300x300.jpg 300w, https:\/\/neylaropadedanza.es\/wp-content\/uploads\/2020\/03\/Neyla-Fitness-5-1-150x150.jpg 150w, https:\/\/neylaropadedanza.es\/wp-content\/uploads\/2020\/03\/Neyla-Fitness-5-1-100x100.jpg 100w\" sizes=\"(max-width: 300px) 100vw, 300px\" \/><h2 class=\"woocommerce-loop-product__title\">Metis<\/h2>\n\t<span class=\"price\"><del aria-hidden=\"true\"><span class=\"woocommerce-Price-amount amount\"><bdi>65,00<span class=\"woocommerce-Price-currencySymbol\">&euro;<\/span><\/bdi><\/span><\/del> <span class=\"screen-reader-text\">Le prix initial \u00e9tait\u00a0: 65,00&euro;.<\/span><ins aria-hidden=\"true\"><span class=\"woocommerce-Price-amount amount\"><bdi>39,00<span class=\"woocommerce-Price-currencySymbol\">&euro;<\/span><\/bdi><\/span><\/ins><span class=\"screen-reader-text\">Le prix actuel est\u00a0: 39,00&euro;.<\/span> <small class=\"woocommerce-price-suffix\">TVA incluse<\/small><\/span>\n<\/a><a href=\"https:\/\/neylaropadedanza.es\/fr\/product\/metis\/\" aria-describedby=\"woocommerce_loop_add_to_cart_link_describedby_19243\" data-quantity=\"1\" class=\"button product_type_variable add_to_cart_button cfvsw_ajax_add_to_cart\" data-product_id=\"19243\" data-product_sku=\"FIT.05\" aria-label=\"S\u00e9lectionner les options pour &ldquo;Metis&rdquo;\" rel=\"nofollow\" data-add_to_cart_text=\"Add to Cart\" data-select_options_text=\"Choix des options\">Choix des options<\/a>\t<span id=\"woocommerce_loop_add_to_cart_link_describedby_19243\" class=\"screen-reader-text\">\n\t\tCe produit a plusieurs variations. Les options peuvent \u00eatre choisies sur la page du produit\t<\/span>\n<div class=\"yith-add-to-wishlist-button-block\" data-product-id=\"19243\" data-attributes=\"{&quot;kind&quot;:&quot;button&quot;}\"><\/div><\/li>\n<li class=\"add-to-wishlist-after_add_to_cart product type-product post-19284 status-publish instock product_cat-vetements-fitness product_tag-corail-fluorescent product_tag-costume-de-sport product_tag-ensemble-de-sport product_tag-fitness-fr product_tag-gymnase product_tag-lycra-fr product_tag-noir product_tag-sport-fr product_tag-sports-fr product_tag-vetements-de-sport product_tag-vetements-de-sport-fr has-post-thumbnail sale taxable shipping-taxable purchasable product-type-variable\">\n\t<a href=\"https:\/\/neylaropadedanza.es\/fr\/product\/nix\/\" class=\"woocommerce-LoopProduct-link woocommerce-loop-product__link\">\n\t<span class=\"onsale\">Promo\u00a0!<\/span>\n\t<img decoding=\"async\" width=\"300\" height=\"300\" src=\"https:\/\/neylaropadedanza.es\/wp-content\/uploads\/2020\/03\/Neyla-Fitness-6-1-300x300.jpg\" class=\"attachment-woocommerce_thumbnail size-woocommerce_thumbnail\" alt=\"Nix\" srcset=\"https:\/\/neylaropadedanza.es\/wp-content\/uploads\/2020\/03\/Neyla-Fitness-6-1-300x300.jpg 300w, https:\/\/neylaropadedanza.es\/wp-content\/uploads\/2020\/03\/Neyla-Fitness-6-1-150x150.jpg 150w, https:\/\/neylaropadedanza.es\/wp-content\/uploads\/2020\/03\/Neyla-Fitness-6-1-100x100.jpg 100w\" sizes=\"(max-width: 300px) 100vw, 300px\" \/><h2 class=\"woocommerce-loop-product__title\">Nix<\/h2>\n\t<span class=\"price\"><del aria-hidden=\"true\"><span class=\"woocommerce-Price-amount amount\"><bdi>65,00<span class=\"woocommerce-Price-currencySymbol\">&euro;<\/span><\/bdi><\/span><\/del> <span class=\"screen-reader-text\">Le prix initial \u00e9tait\u00a0: 65,00&euro;.<\/span><ins aria-hidden=\"true\"><span class=\"woocommerce-Price-amount amount\"><bdi>39,00<span class=\"woocommerce-Price-currencySymbol\">&euro;<\/span><\/bdi><\/span><\/ins><span class=\"screen-reader-text\">Le prix actuel est\u00a0: 39,00&euro;.<\/span> <small class=\"woocommerce-price-suffix\">TVA incluse<\/small><\/span>\n<\/a><a href=\"https:\/\/neylaropadedanza.es\/fr\/product\/nix\/\" aria-describedby=\"woocommerce_loop_add_to_cart_link_describedby_19284\" data-quantity=\"1\" class=\"button product_type_variable add_to_cart_button cfvsw_ajax_add_to_cart\" data-product_id=\"19284\" data-product_sku=\"FIT.03\" aria-label=\"S\u00e9lectionner les options pour &ldquo;Nix&rdquo;\" rel=\"nofollow\" data-add_to_cart_text=\"Add to Cart\" data-select_options_text=\"Choix des options\">Choix des options<\/a>\t<span id=\"woocommerce_loop_add_to_cart_link_describedby_19284\" class=\"screen-reader-text\">\n\t\tCe produit a plusieurs variations. Les options peuvent \u00eatre choisies sur la page du produit\t<\/span>\n<div class=\"yith-add-to-wishlist-button-block\" data-product-id=\"19284\" data-attributes=\"{&quot;kind&quot;:&quot;button&quot;}\"><\/div><\/li>\n<li class=\"add-to-wishlist-after_add_to_cart product type-product post-19287 status-publish last instock product_cat-vetements-fitness product_tag-ensemble-de-sport product_tag-fitness-fr product_tag-fuchsia-fr product_tag-gymnase product_tag-lycra-fr product_tag-noir product_tag-sport-fr product_tag-sports-fr product_tag-vetements-de-sport product_tag-vetements-de-sport-fr has-post-thumbnail sale taxable shipping-taxable purchasable product-type-variable\">\n\t<a href=\"https:\/\/neylaropadedanza.es\/fr\/product\/rea\/\" class=\"woocommerce-LoopProduct-link woocommerce-loop-product__link\">\n\t<span class=\"onsale\">Promo\u00a0!<\/span>\n\t<img loading=\"lazy\" decoding=\"async\" width=\"300\" height=\"300\" src=\"https:\/\/neylaropadedanza.es\/wp-content\/uploads\/2020\/03\/Neyla-Fitness-2-1-300x300.jpg\" class=\"attachment-woocommerce_thumbnail size-woocommerce_thumbnail\" alt=\"Femme portant l\u2019ensemble fitness Rea avec un haut \u00e0 larges bretelles imprim\u00e9 rose, blanc et noir et un legging taille haute avec d\u00e9tails noirs.\" srcset=\"https:\/\/neylaropadedanza.es\/wp-content\/uploads\/2020\/03\/Neyla-Fitness-2-1-300x300.jpg 300w, https:\/\/neylaropadedanza.es\/wp-content\/uploads\/2020\/03\/Neyla-Fitness-2-1-150x150.jpg 150w, https:\/\/neylaropadedanza.es\/wp-content\/uploads\/2020\/03\/Neyla-Fitness-2-1-100x100.jpg 100w\" sizes=\"(max-width: 300px) 100vw, 300px\" \/><h2 class=\"woocommerce-loop-product__title\">Rea<\/h2>\n\t<span class=\"price\"><del aria-hidden=\"true\"><span class=\"woocommerce-Price-amount amount\"><bdi>65,00<span class=\"woocommerce-Price-currencySymbol\">&euro;<\/span><\/bdi><\/span><\/del> <span class=\"screen-reader-text\">Le prix initial \u00e9tait\u00a0: 65,00&euro;.<\/span><ins aria-hidden=\"true\"><span class=\"woocommerce-Price-amount amount\"><bdi>39,00<span class=\"woocommerce-Price-currencySymbol\">&euro;<\/span><\/bdi><\/span><\/ins><span class=\"screen-reader-text\">Le prix actuel est\u00a0: 39,00&euro;.<\/span> <small class=\"woocommerce-price-suffix\">TVA incluse<\/small><\/span>\n<\/a><a href=\"https:\/\/neylaropadedanza.es\/fr\/product\/rea\/\" aria-describedby=\"woocommerce_loop_add_to_cart_link_describedby_19287\" data-quantity=\"1\" class=\"button product_type_variable add_to_cart_button cfvsw_ajax_add_to_cart\" data-product_id=\"19287\" data-product_sku=\"FIT.02\" aria-label=\"S\u00e9lectionner les options pour &ldquo;Rea&rdquo;\" rel=\"nofollow\" data-add_to_cart_text=\"Add to Cart\" data-select_options_text=\"Choix des options\">Choix des options<\/a>\t<span id=\"woocommerce_loop_add_to_cart_link_describedby_19287\" class=\"screen-reader-text\">\n\t\tCe produit a plusieurs variations. Les options peuvent \u00eatre choisies sur la page du produit\t<\/span>\n<div class=\"yith-add-to-wishlist-button-block\" data-product-id=\"19287\" data-attributes=\"{&quot;kind&quot;:&quot;button&quot;}\"><\/div><\/li>\n<\/ul>\n<\/div>\t\t\t\t<\/div>\n\t\t\t\t<\/div>\n\t\t\t\t<\/div>\n\t\t\t\t<\/div>\n\t\t","protected":false},"excerpt":{"rendered":"<p>V\u00caTEMENTS FITNESS Combien de fois vous \u00eates-vous dit que vous ne vous sentiez pas \u00e0 votre avantage en vous entra\u00eenant ? Chez Neyla Dancewear, nous le savons bien, et c\u2019est pourquoi nous avons cr\u00e9\u00e9 notre collection de V\u00caTEMENTS FITNESS : pens\u00e9e pour les femmes fortes, \u00e9panouies, qui prennent soin d\u2019elles et veulent se sentir belles, [&hellip;]<\/p>\n","protected":false},"author":1,"featured_media":0,"parent":0,"menu_order":0,"comment_status":"closed","ping_status":"closed","template":"elementor_header_footer","meta":{"content-type":"","_monsterinsights_skip_tracking":false,"_monsterinsights_sitenote_active":false,"_monsterinsights_sitenote_note":"","_monsterinsights_sitenote_category":0,"_uf_show_specific_survey":0,"_uf_disable_surveys":false,"footnotes":""},"class_list":["post-1438","page","type-page","status-publish","hentry"],"yoast_head":"<!-- This site is optimized with the Yoast SEO plugin v27.4 - https:\/\/yoast.com\/product\/yoast-seo-wordpress\/ -->\n<title>Vetements Fitness - Neyla Dancewear<\/title>\n<meta name=\"robots\" content=\"index, follow, max-snippet:-1, max-image-preview:large, max-video-preview:-1\" \/>\n<link rel=\"canonical\" href=\"https:\/\/neylaropadedanza.es\/fr\/vetements-fitness\/\" \/>\n<meta property=\"og:locale\" content=\"fr_FR\" \/>\n<meta property=\"og:type\" content=\"article\" \/>\n<meta property=\"og:title\" content=\"Vetements Fitness - Neyla Dancewear\" \/>\n<meta property=\"og:description\" content=\"V\u00caTEMENTS FITNESS Combien de fois vous \u00eates-vous dit que vous ne vous sentiez pas \u00e0 votre avantage en vous entra\u00eenant ? Chez Neyla Dancewear, nous le savons bien, et c\u2019est pourquoi nous avons cr\u00e9\u00e9 notre collection de V\u00caTEMENTS FITNESS : pens\u00e9e pour les femmes fortes, \u00e9panouies, qui prennent soin d\u2019elles et veulent se sentir belles, [&hellip;]\" \/>\n<meta property=\"og:url\" content=\"https:\/\/neylaropadedanza.es\/fr\/vetements-fitness\/\" \/>\n<meta property=\"og:site_name\" content=\"Neyla Dancewear\" \/>\n<meta property=\"article:publisher\" content=\"https:\/\/www.facebook.com\/neyladancewear\/\" \/>\n<meta property=\"article:modified_time\" content=\"2025-05-19T11:41:15+00:00\" \/>\n<meta name=\"twitter:card\" content=\"summary_large_image\" \/>\n<meta name=\"twitter:label1\" content=\"Dur\u00e9e de lecture estim\u00e9e\" \/>\n\t<meta name=\"twitter:data1\" content=\"1 minute\" \/>\n<script type=\"application\/ld+json\" class=\"yoast-schema-graph\">{\"@context\":\"https:\\\/\\\/schema.org\",\"@graph\":[{\"@type\":\"WebPage\",\"@id\":\"https:\\\/\\\/neylaropadedanza.es\\\/fr\\\/vetements-fitness\\\/\",\"url\":\"https:\\\/\\\/neylaropadedanza.es\\\/fr\\\/vetements-fitness\\\/\",\"name\":\"Vetements Fitness - Neyla Dancewear\",\"isPartOf\":{\"@id\":\"https:\\\/\\\/neylaropadedanza.com\\\/#website\"},\"datePublished\":\"2025-04-23T10:54:08+00:00\",\"dateModified\":\"2025-05-19T11:41:15+00:00\",\"breadcrumb\":{\"@id\":\"https:\\\/\\\/neylaropadedanza.es\\\/fr\\\/vetements-fitness\\\/#breadcrumb\"},\"inLanguage\":\"fr-FR\",\"potentialAction\":[{\"@type\":\"ReadAction\",\"target\":[\"https:\\\/\\\/neylaropadedanza.es\\\/fr\\\/vetements-fitness\\\/\"]}]},{\"@type\":\"BreadcrumbList\",\"@id\":\"https:\\\/\\\/neylaropadedanza.es\\\/fr\\\/vetements-fitness\\\/#breadcrumb\",\"itemListElement\":[{\"@type\":\"ListItem\",\"position\":1,\"name\":\"Home\",\"item\":\"https:\\\/\\\/neylaropadedanza.es\\\/fr\\\/\"},{\"@type\":\"ListItem\",\"position\":2,\"name\":\"Vetements Fitness\"}]},{\"@type\":\"WebSite\",\"@id\":\"https:\\\/\\\/neylaropadedanza.com\\\/#website\",\"url\":\"https:\\\/\\\/neylaropadedanza.com\\\/\",\"name\":\"NeylaRopaDeDanza\",\"description\":\"Ropa de Danza del Vientre, danza oriental, trajes, ropa de ensayo y mucho m\u00e1s!\",\"publisher\":{\"@id\":\"https:\\\/\\\/neylaropadedanza.com\\\/#organization\"},\"potentialAction\":[{\"@type\":\"SearchAction\",\"target\":{\"@type\":\"EntryPoint\",\"urlTemplate\":\"https:\\\/\\\/neylaropadedanza.com\\\/?s={search_term_string}\"},\"query-input\":{\"@type\":\"PropertyValueSpecification\",\"valueRequired\":true,\"valueName\":\"search_term_string\"}}],\"inLanguage\":\"fr-FR\"},{\"@type\":\"Organization\",\"@id\":\"https:\\\/\\\/neylaropadedanza.com\\\/#organization\",\"name\":\"NeylaRopaDeDanza\",\"url\":\"https:\\\/\\\/neylaropadedanza.com\\\/\",\"logo\":{\"@type\":\"ImageObject\",\"inLanguage\":\"fr-FR\",\"@id\":\"https:\\\/\\\/neylaropadedanza.com\\\/#\\\/schema\\\/logo\\\/image\\\/\",\"url\":\"https:\\\/\\\/neylaropadedanza.es\\\/wp-content\\\/uploads\\\/2025\\\/04\\\/Neyla-Blanc.webp\",\"contentUrl\":\"https:\\\/\\\/neylaropadedanza.es\\\/wp-content\\\/uploads\\\/2025\\\/04\\\/Neyla-Blanc.webp\",\"width\":1970,\"height\":936,\"caption\":\"NeylaRopaDeDanza\"},\"image\":{\"@id\":\"https:\\\/\\\/neylaropadedanza.com\\\/#\\\/schema\\\/logo\\\/image\\\/\"},\"sameAs\":[\"https:\\\/\\\/www.facebook.com\\\/neyladancewear\\\/\",\"https:\\\/\\\/www.instagram.com\\\/neyladancewear\\\/\",\"https:\\\/\\\/www.youtube.com\\\/channel\\\/UCKlqrANcZD0QqKXzpy4taWA?view_as=subscriber\"]}]}<\/script>\n<!-- \/ Yoast SEO plugin. -->","yoast_head_json":{"title":"Vetements Fitness - Neyla Dancewear","robots":{"index":"index","follow":"follow","max-snippet":"max-snippet:-1","max-image-preview":"max-image-preview:large","max-video-preview":"max-video-preview:-1"},"canonical":"https:\/\/neylaropadedanza.es\/fr\/vetements-fitness\/","og_locale":"fr_FR","og_type":"article","og_title":"Vetements Fitness - Neyla Dancewear","og_description":"V\u00caTEMENTS FITNESS Combien de fois vous \u00eates-vous dit que vous ne vous sentiez pas \u00e0 votre avantage en vous entra\u00eenant ? Chez Neyla Dancewear, nous le savons bien, et c\u2019est pourquoi nous avons cr\u00e9\u00e9 notre collection de V\u00caTEMENTS FITNESS : pens\u00e9e pour les femmes fortes, \u00e9panouies, qui prennent soin d\u2019elles et veulent se sentir belles, [&hellip;]","og_url":"https:\/\/neylaropadedanza.es\/fr\/vetements-fitness\/","og_site_name":"Neyla Dancewear","article_publisher":"https:\/\/www.facebook.com\/neyladancewear\/","article_modified_time":"2025-05-19T11:41:15+00:00","twitter_card":"summary_large_image","twitter_misc":{"Dur\u00e9e de lecture estim\u00e9e":"1 minute"},"schema":{"@context":"https:\/\/schema.org","@graph":[{"@type":"WebPage","@id":"https:\/\/neylaropadedanza.es\/fr\/vetements-fitness\/","url":"https:\/\/neylaropadedanza.es\/fr\/vetements-fitness\/","name":"Vetements Fitness - Neyla Dancewear","isPartOf":{"@id":"https:\/\/neylaropadedanza.com\/#website"},"datePublished":"2025-04-23T10:54:08+00:00","dateModified":"2025-05-19T11:41:15+00:00","breadcrumb":{"@id":"https:\/\/neylaropadedanza.es\/fr\/vetements-fitness\/#breadcrumb"},"inLanguage":"fr-FR","potentialAction":[{"@type":"ReadAction","target":["https:\/\/neylaropadedanza.es\/fr\/vetements-fitness\/"]}]},{"@type":"BreadcrumbList","@id":"https:\/\/neylaropadedanza.es\/fr\/vetements-fitness\/#breadcrumb","itemListElement":[{"@type":"ListItem","position":1,"name":"Home","item":"https:\/\/neylaropadedanza.es\/fr\/"},{"@type":"ListItem","position":2,"name":"Vetements Fitness"}]},{"@type":"WebSite","@id":"https:\/\/neylaropadedanza.com\/#website","url":"https:\/\/neylaropadedanza.com\/","name":"NeylaRopaDeDanza","description":"Ropa de Danza del Vientre, danza oriental, trajes, ropa de ensayo y mucho m\u00e1s!","publisher":{"@id":"https:\/\/neylaropadedanza.com\/#organization"},"potentialAction":[{"@type":"SearchAction","target":{"@type":"EntryPoint","urlTemplate":"https:\/\/neylaropadedanza.com\/?s={search_term_string}"},"query-input":{"@type":"PropertyValueSpecification","valueRequired":true,"valueName":"search_term_string"}}],"inLanguage":"fr-FR"},{"@type":"Organization","@id":"https:\/\/neylaropadedanza.com\/#organization","name":"NeylaRopaDeDanza","url":"https:\/\/neylaropadedanza.com\/","logo":{"@type":"ImageObject","inLanguage":"fr-FR","@id":"https:\/\/neylaropadedanza.com\/#\/schema\/logo\/image\/","url":"https:\/\/neylaropadedanza.es\/wp-content\/uploads\/2025\/04\/Neyla-Blanc.webp","contentUrl":"https:\/\/neylaropadedanza.es\/wp-content\/uploads\/2025\/04\/Neyla-Blanc.webp","width":1970,"height":936,"caption":"NeylaRopaDeDanza"},"image":{"@id":"https:\/\/neylaropadedanza.com\/#\/schema\/logo\/image\/"},"sameAs":["https:\/\/www.facebook.com\/neyladancewear\/","https:\/\/www.instagram.com\/neyladancewear\/","https:\/\/www.youtube.com\/channel\/UCKlqrANcZD0QqKXzpy4taWA?view_as=subscriber"]}]}},"_links":{"self":[{"href":"https:\/\/neylaropadedanza.es\/fr\/wp-json\/wp\/v2\/pages\/1438","targetHints":{"allow":["GET"]}}],"collection":[{"href":"https:\/\/neylaropadedanza.es\/fr\/wp-json\/wp\/v2\/pages"}],"about":[{"href":"https:\/\/neylaropadedanza.es\/fr\/wp-json\/wp\/v2\/types\/page"}],"author":[{"embeddable":true,"href":"https:\/\/neylaropadedanza.es\/fr\/wp-json\/wp\/v2\/users\/1"}],"replies":[{"embeddable":true,"href":"https:\/\/neylaropadedanza.es\/fr\/wp-json\/wp\/v2\/comments?post=1438"}],"version-history":[{"count":5,"href":"https:\/\/neylaropadedanza.es\/fr\/wp-json\/wp\/v2\/pages\/1438\/revisions"}],"predecessor-version":[{"id":17378,"href":"https:\/\/neylaropadedanza.es\/fr\/wp-json\/wp\/v2\/pages\/1438\/revisions\/17378"}],"wp:attachment":[{"href":"https:\/\/neylaropadedanza.es\/fr\/wp-json\/wp\/v2\/media?parent=1438"}],"curies":[{"name":"wp","href":"https:\/\/api.w.org\/{rel}","templated":true}]}}