{"id":1430,"date":"2025-04-22T11:47:36","date_gmt":"2025-04-22T11:47:36","guid":{"rendered":"https:\/\/neylaropadedanza.es\/robe-dentrainement\/"},"modified":"2025-05-19T11:33:31","modified_gmt":"2025-05-19T11:33:31","slug":"robe-dentrainement","status":"publish","type":"page","link":"https:\/\/neylaropadedanza.es\/fr\/robe-dentrainement\/","title":{"rendered":"robe d&rsquo;entrainement"},"content":{"rendered":"\t\t<div data-elementor-type=\"wp-page\" data-elementor-id=\"1430\" class=\"elementor elementor-1430 elementor-616\" data-elementor-post-type=\"page\">\n\t\t\t\t<div class=\"elementor-element elementor-element-49f8bd39 e-con-full e-flex e-con e-parent\" data-id=\"49f8bd39\" data-element_type=\"container\" data-e-type=\"container\">\n\t\t<div class=\"elementor-element elementor-element-39f1fa01 e-con-full e-flex e-con e-child\" data-id=\"39f1fa01\" data-element_type=\"container\" data-e-type=\"container\" data-settings=\"{&quot;background_background&quot;:&quot;classic&quot;}\">\n\t\t\t\t<div class=\"elementor-element elementor-element-c80db84 elementor-widget elementor-widget-heading\" data-id=\"c80db84\" data-element_type=\"widget\" data-e-type=\"widget\" data-widget_type=\"heading.default\">\n\t\t\t\t<div class=\"elementor-widget-container\">\n\t\t\t\t\t<h1 class=\"elementor-heading-title elementor-size-default\">Robes de r\u00e9p\u00e9tition<\/h1>\t\t\t\t<\/div>\n\t\t\t\t<\/div>\n\t\t\t\t<div class=\"elementor-element elementor-element-7ad3ac4 elementor-widget elementor-widget-heading\" data-id=\"7ad3ac4\" data-element_type=\"widget\" data-e-type=\"widget\" data-widget_type=\"heading.default\">\n\t\t\t\t<div class=\"elementor-widget-container\">\n\t\t\t\t\t<h2 class=\"elementor-heading-title elementor-size-default\">Les robes d'entra\u00eenement de Neyla Ropa de Danza sont con\u00e7ues et fabriqu\u00e9es \u00e0 Barcelone, avec des tissus de haute qualit\u00e9 et des finitions soign\u00e9es pour vous offrir confort, l\u00e9g\u00e8ret\u00e9 et libert\u00e9 de mouvement pendant vos cours et r\u00e9p\u00e9titions. <br>\nChez Neyla, nous savons que chaque danseuse est unique. C\u2019est pourquoi nous proposons plusieurs mod\u00e8les et coupes adapt\u00e9s \u00e0 tous les styles et morphologies.<br>\nVous avez des questions sur les mod\u00e8les, les tailles ou souhaitez une cr\u00e9ation personnalis\u00e9e ? Contactez-nous par e-mail \u00e0 atencionalcliente@neylaropadedanza.es ou via notre formulaire de contact. Nous serons ravies de vous conseiller !<\/h2>\t\t\t\t<\/div>\n\t\t\t\t<\/div>\n\t\t\t\t<\/div>\n\t\t\t\t<\/div>\n\t\t<div class=\"elementor-element elementor-element-a2897e2 e-con-full e-flex e-con e-parent\" data-id=\"a2897e2\" data-element_type=\"container\" data-e-type=\"container\">\n\t\t\t\t<div class=\"elementor-element elementor-element-930d7a5 elementor-grid-mobile-1 elementor-product-loop-item--align-center elementor-grid-tablet-2 elementor-widget-mobile__width-initial elementor-grid-4 elementor-products-grid elementor-wc-products elementor-widget elementor-widget-woocommerce-products\" data-id=\"930d7a5\" data-element_type=\"widget\" data-e-type=\"widget\" data-widget_type=\"woocommerce-products.default\">\n\t\t\t\t<div class=\"elementor-widget-container\">\n\t\t\t\t\t<div class=\"woocommerce columns-4 \"><div class=\"woocommerce-notices-wrapper\"><\/div><p class=\"woocommerce-result-count\" role=\"alert\" aria-relevant=\"all\" >\n\t2\u00a0r\u00e9sultats affich\u00e9s<\/p>\n<form class=\"woocommerce-ordering\" method=\"get\">\n\t\t<select\n\t\tname=\"orderby\"\n\t\tclass=\"orderby\"\n\t\t\t\t\taria-label=\"Commande\"\n\t\t\t>\n\t\t\t\t\t<option value=\"menu_order\"  selected='selected'>Tri par d\u00e9faut<\/option>\n\t\t\t\t\t<option value=\"popularity\" >Tri par popularit\u00e9<\/option>\n\t\t\t\t\t<option value=\"rating\" >Tri par notes moyennes<\/option>\n\t\t\t\t\t<option value=\"date\" >Tri du plus r\u00e9cent au plus ancien<\/option>\n\t\t\t\t\t<option value=\"price\" >Tri par tarif croissant<\/option>\n\t\t\t\t\t<option value=\"price-desc\" >Tri par tarif d\u00e9croissant<\/option>\n\t\t\t<\/select>\n\t<input type=\"hidden\" name=\"paged\" value=\"1\" \/>\n\t<\/form>\n<ul class=\"products elementor-grid columns-4\">\n<li class=\"add-to-wishlist-after_add_to_cart product type-product post-19012 status-publish first instock product_cat-robes product_cat-vetements-dentrainement product_tag-danse product_tag-danse-orientale product_tag-entrainement product_tag-grenat product_tag-robe product_tag-robe-dentrainement product_tag-roses-fr product_tag-rouge product_tag-vetements-de-danse product_tag-vetements-de-danse-du-ventre-fr has-post-thumbnail sale taxable shipping-taxable purchasable product-type-variable\">\n\t<a href=\"https:\/\/neylaropadedanza.es\/fr\/product\/aya\/\" class=\"woocommerce-LoopProduct-link woocommerce-loop-product__link\">\n\t<span class=\"onsale\">Promo\u00a0!<\/span>\n\t<img fetchpriority=\"high\" decoding=\"async\" width=\"300\" height=\"300\" src=\"https:\/\/neylaropadedanza.es\/wp-content\/uploads\/2023\/12\/Ropa-de-Danza-del-Vientre-46-300x300.jpg\" class=\"attachment-woocommerce_thumbnail size-woocommerce_thumbnail\" alt=\"Robe Aya imprim\u00e9e multicolore avec encolure asym\u00e9trique et fente lat\u00e9rale pour la danse orientale.\" srcset=\"https:\/\/neylaropadedanza.es\/wp-content\/uploads\/2023\/12\/Ropa-de-Danza-del-Vientre-46-300x300.jpg 300w, https:\/\/neylaropadedanza.es\/wp-content\/uploads\/2023\/12\/Ropa-de-Danza-del-Vientre-46-150x150.jpg 150w, https:\/\/neylaropadedanza.es\/wp-content\/uploads\/2023\/12\/Ropa-de-Danza-del-Vientre-46-100x100.jpg 100w\" sizes=\"(max-width: 300px) 100vw, 300px\" \/><h2 class=\"woocommerce-loop-product__title\">Aya<\/h2>\n\t<span class=\"price\"><del aria-hidden=\"true\"><span class=\"woocommerce-Price-amount amount\"><bdi>54,00<span class=\"woocommerce-Price-currencySymbol\">&euro;<\/span><\/bdi><\/span><\/del> <span class=\"screen-reader-text\">Le prix initial \u00e9tait\u00a0: 54,00&euro;.<\/span><ins aria-hidden=\"true\"><span class=\"woocommerce-Price-amount amount\"><bdi>32,40<span class=\"woocommerce-Price-currencySymbol\">&euro;<\/span><\/bdi><\/span><\/ins><span class=\"screen-reader-text\">Le prix actuel est\u00a0: 32,40&euro;.<\/span> <small class=\"woocommerce-price-suffix\">TVA incluse<\/small><\/span>\n<\/a><a href=\"https:\/\/neylaropadedanza.es\/fr\/product\/aya\/\" aria-describedby=\"woocommerce_loop_add_to_cart_link_describedby_19012\" data-quantity=\"1\" class=\"button product_type_variable add_to_cart_button cfvsw_ajax_add_to_cart\" data-product_id=\"19012\" data-product_sku=\"V.04.02\" aria-label=\"S\u00e9lectionner les options pour &ldquo;Aya&rdquo;\" rel=\"nofollow\" data-add_to_cart_text=\"Add to Cart\" data-select_options_text=\"Choix des options\">Choix des options<\/a>\t<span id=\"woocommerce_loop_add_to_cart_link_describedby_19012\" class=\"screen-reader-text\">\n\t\tCe produit a plusieurs variations. Les options peuvent \u00eatre choisies sur la page du produit\t<\/span>\n<div class=\"yith-add-to-wishlist-button-block\" data-product-id=\"19012\" data-attributes=\"{&quot;kind&quot;:&quot;button&quot;}\"><\/div><\/li>\n<li class=\"add-to-wishlist-after_add_to_cart product type-product post-19171 status-publish instock product_cat-outlet-fr product_cat-robes product_cat-vetements-dentrainement product_tag-danse-du-ventre product_tag-fleurs product_tag-lycra-fr product_tag-noir product_tag-robe product_tag-robe-dentrainement product_tag-robe-de-danse-du-ventre product_tag-rouge product_tag-vert product_tag-vetements-dentrainement product_tag-vetements-de-danse-du-ventre-fr has-post-thumbnail sale taxable shipping-taxable purchasable product-type-variable\">\n\t<a href=\"https:\/\/neylaropadedanza.es\/fr\/product\/hator\/\" class=\"woocommerce-LoopProduct-link woocommerce-loop-product__link\">\n\t<span class=\"onsale\">Promo\u00a0!<\/span>\n\t<img decoding=\"async\" width=\"300\" height=\"300\" src=\"https:\/\/neylaropadedanza.es\/wp-content\/uploads\/2021\/12\/Ropa-Danza-del-Vientre-47-300x300.jpg\" class=\"attachment-woocommerce_thumbnail size-woocommerce_thumbnail\" alt=\"Robe Hator de Neyla Dancewear, coupe asym\u00e9trique avec imprim\u00e9 floral rouge sur fond noir, id\u00e9ale pour la danse orientale.\" srcset=\"https:\/\/neylaropadedanza.es\/wp-content\/uploads\/2021\/12\/Ropa-Danza-del-Vientre-47-300x300.jpg 300w, https:\/\/neylaropadedanza.es\/wp-content\/uploads\/2021\/12\/Ropa-Danza-del-Vientre-47-150x150.jpg 150w, https:\/\/neylaropadedanza.es\/wp-content\/uploads\/2021\/12\/Ropa-Danza-del-Vientre-47-100x100.jpg 100w\" sizes=\"(max-width: 300px) 100vw, 300px\" \/><h2 class=\"woocommerce-loop-product__title\">Hator<\/h2><div class=\"star-rating\" role=\"img\" aria-label=\"Note 5.00 sur 5\"><span style=\"width:100%\">Note <strong class=\"rating\">5.00<\/strong> sur 5<\/span><\/div>\n\t<span class=\"price\"><del aria-hidden=\"true\"><span class=\"woocommerce-Price-amount amount\"><bdi>48,00<span class=\"woocommerce-Price-currencySymbol\">&euro;<\/span><\/bdi><\/span><\/del> <span class=\"screen-reader-text\">Le prix initial \u00e9tait\u00a0: 48,00&euro;.<\/span><ins aria-hidden=\"true\"><span class=\"woocommerce-Price-amount amount\"><bdi>28,80<span class=\"woocommerce-Price-currencySymbol\">&euro;<\/span><\/bdi><\/span><\/ins><span class=\"screen-reader-text\">Le prix actuel est\u00a0: 28,80&euro;.<\/span> <small class=\"woocommerce-price-suffix\">TVA incluse<\/small><\/span>\n<\/a><a href=\"https:\/\/neylaropadedanza.es\/fr\/product\/hator\/\" aria-describedby=\"woocommerce_loop_add_to_cart_link_describedby_19171\" data-quantity=\"1\" class=\"button product_type_variable add_to_cart_button cfvsw_ajax_add_to_cart\" data-product_id=\"19171\" data-product_sku=\"V.03.01\" aria-label=\"S\u00e9lectionner les options pour &ldquo;Hator&rdquo;\" rel=\"nofollow\" data-add_to_cart_text=\"Add to Cart\" data-select_options_text=\"Choix des options\">Choix des options<\/a>\t<span id=\"woocommerce_loop_add_to_cart_link_describedby_19171\" class=\"screen-reader-text\">\n\t\tCe produit a plusieurs variations. Les options peuvent \u00eatre choisies sur la page du produit\t<\/span>\n<div class=\"yith-add-to-wishlist-button-block\" data-product-id=\"19171\" data-attributes=\"{&quot;kind&quot;:&quot;button&quot;}\"><\/div><\/li>\n<\/ul>\n<\/div>\t\t\t\t<\/div>\n\t\t\t\t<\/div>\n\t\t\t\t<\/div>\n\t\t\t\t<\/div>\n\t\t","protected":false},"excerpt":{"rendered":"<p>Robes de r\u00e9p\u00e9tition Les robes d&rsquo;entra\u00eenement de Neyla Ropa de Danza sont con\u00e7ues et fabriqu\u00e9es \u00e0 Barcelone, avec des tissus de haute qualit\u00e9 et des finitions soign\u00e9es pour vous offrir confort, l\u00e9g\u00e8ret\u00e9 et libert\u00e9 de mouvement pendant vos cours et r\u00e9p\u00e9titions. Chez Neyla, nous savons que chaque danseuse est unique. C\u2019est pourquoi nous proposons plusieurs [&hellip;]<\/p>\n","protected":false},"author":1,"featured_media":0,"parent":0,"menu_order":0,"comment_status":"closed","ping_status":"closed","template":"elementor_header_footer","meta":{"content-type":"","_monsterinsights_skip_tracking":false,"_monsterinsights_sitenote_active":false,"_monsterinsights_sitenote_note":"","_monsterinsights_sitenote_category":0,"_uf_show_specific_survey":0,"_uf_disable_surveys":false,"footnotes":""},"class_list":["post-1430","page","type-page","status-publish","hentry"],"yoast_head":"<!-- This site is optimized with the Yoast SEO plugin v27.4 - https:\/\/yoast.com\/product\/yoast-seo-wordpress\/ -->\n<title>robe d&#039;entrainement - Neyla Dancewear<\/title>\n<meta name=\"robots\" content=\"index, follow, max-snippet:-1, max-image-preview:large, max-video-preview:-1\" \/>\n<link rel=\"canonical\" href=\"https:\/\/neylaropadedanza.es\/fr\/robe-dentrainement\/\" \/>\n<meta property=\"og:locale\" content=\"fr_FR\" \/>\n<meta property=\"og:type\" content=\"article\" \/>\n<meta property=\"og:title\" content=\"robe d&#039;entrainement - Neyla Dancewear\" \/>\n<meta property=\"og:description\" content=\"Robes de r\u00e9p\u00e9tition Les robes d&rsquo;entra\u00eenement de Neyla Ropa de Danza sont con\u00e7ues et fabriqu\u00e9es \u00e0 Barcelone, avec des tissus de haute qualit\u00e9 et des finitions soign\u00e9es pour vous offrir confort, l\u00e9g\u00e8ret\u00e9 et libert\u00e9 de mouvement pendant vos cours et r\u00e9p\u00e9titions. Chez Neyla, nous savons que chaque danseuse est unique. C\u2019est pourquoi nous proposons plusieurs [&hellip;]\" \/>\n<meta property=\"og:url\" content=\"https:\/\/neylaropadedanza.es\/fr\/robe-dentrainement\/\" \/>\n<meta property=\"og:site_name\" content=\"Neyla Dancewear\" \/>\n<meta property=\"article:publisher\" content=\"https:\/\/www.facebook.com\/neyladancewear\/\" \/>\n<meta property=\"article:modified_time\" content=\"2025-05-19T11:33:31+00:00\" \/>\n<meta name=\"twitter:card\" content=\"summary_large_image\" \/>\n<meta name=\"twitter:label1\" content=\"Dur\u00e9e de lecture estim\u00e9e\" \/>\n\t<meta name=\"twitter:data1\" content=\"1 minute\" \/>\n<script type=\"application\/ld+json\" class=\"yoast-schema-graph\">{\"@context\":\"https:\\\/\\\/schema.org\",\"@graph\":[{\"@type\":\"WebPage\",\"@id\":\"https:\\\/\\\/neylaropadedanza.es\\\/fr\\\/robe-dentrainement\\\/\",\"url\":\"https:\\\/\\\/neylaropadedanza.es\\\/fr\\\/robe-dentrainement\\\/\",\"name\":\"robe d'entrainement - Neyla Dancewear\",\"isPartOf\":{\"@id\":\"https:\\\/\\\/neylaropadedanza.com\\\/#website\"},\"datePublished\":\"2025-04-22T11:47:36+00:00\",\"dateModified\":\"2025-05-19T11:33:31+00:00\",\"breadcrumb\":{\"@id\":\"https:\\\/\\\/neylaropadedanza.es\\\/fr\\\/robe-dentrainement\\\/#breadcrumb\"},\"inLanguage\":\"fr-FR\",\"potentialAction\":[{\"@type\":\"ReadAction\",\"target\":[\"https:\\\/\\\/neylaropadedanza.es\\\/fr\\\/robe-dentrainement\\\/\"]}]},{\"@type\":\"BreadcrumbList\",\"@id\":\"https:\\\/\\\/neylaropadedanza.es\\\/fr\\\/robe-dentrainement\\\/#breadcrumb\",\"itemListElement\":[{\"@type\":\"ListItem\",\"position\":1,\"name\":\"Home\",\"item\":\"https:\\\/\\\/neylaropadedanza.es\\\/fr\\\/\"},{\"@type\":\"ListItem\",\"position\":2,\"name\":\"robe d&#8217;entrainement\"}]},{\"@type\":\"WebSite\",\"@id\":\"https:\\\/\\\/neylaropadedanza.com\\\/#website\",\"url\":\"https:\\\/\\\/neylaropadedanza.com\\\/\",\"name\":\"NeylaRopaDeDanza\",\"description\":\"Ropa de Danza del Vientre, danza oriental, trajes, ropa de ensayo y mucho m\u00e1s!\",\"publisher\":{\"@id\":\"https:\\\/\\\/neylaropadedanza.com\\\/#organization\"},\"potentialAction\":[{\"@type\":\"SearchAction\",\"target\":{\"@type\":\"EntryPoint\",\"urlTemplate\":\"https:\\\/\\\/neylaropadedanza.com\\\/?s={search_term_string}\"},\"query-input\":{\"@type\":\"PropertyValueSpecification\",\"valueRequired\":true,\"valueName\":\"search_term_string\"}}],\"inLanguage\":\"fr-FR\"},{\"@type\":\"Organization\",\"@id\":\"https:\\\/\\\/neylaropadedanza.com\\\/#organization\",\"name\":\"NeylaRopaDeDanza\",\"url\":\"https:\\\/\\\/neylaropadedanza.com\\\/\",\"logo\":{\"@type\":\"ImageObject\",\"inLanguage\":\"fr-FR\",\"@id\":\"https:\\\/\\\/neylaropadedanza.com\\\/#\\\/schema\\\/logo\\\/image\\\/\",\"url\":\"https:\\\/\\\/neylaropadedanza.es\\\/wp-content\\\/uploads\\\/2025\\\/04\\\/Neyla-Blanc.webp\",\"contentUrl\":\"https:\\\/\\\/neylaropadedanza.es\\\/wp-content\\\/uploads\\\/2025\\\/04\\\/Neyla-Blanc.webp\",\"width\":1970,\"height\":936,\"caption\":\"NeylaRopaDeDanza\"},\"image\":{\"@id\":\"https:\\\/\\\/neylaropadedanza.com\\\/#\\\/schema\\\/logo\\\/image\\\/\"},\"sameAs\":[\"https:\\\/\\\/www.facebook.com\\\/neyladancewear\\\/\",\"https:\\\/\\\/www.instagram.com\\\/neyladancewear\\\/\",\"https:\\\/\\\/www.youtube.com\\\/channel\\\/UCKlqrANcZD0QqKXzpy4taWA?view_as=subscriber\"]}]}<\/script>\n<!-- \/ Yoast SEO plugin. -->","yoast_head_json":{"title":"robe d'entrainement - Neyla Dancewear","robots":{"index":"index","follow":"follow","max-snippet":"max-snippet:-1","max-image-preview":"max-image-preview:large","max-video-preview":"max-video-preview:-1"},"canonical":"https:\/\/neylaropadedanza.es\/fr\/robe-dentrainement\/","og_locale":"fr_FR","og_type":"article","og_title":"robe d'entrainement - Neyla Dancewear","og_description":"Robes de r\u00e9p\u00e9tition Les robes d&rsquo;entra\u00eenement de Neyla Ropa de Danza sont con\u00e7ues et fabriqu\u00e9es \u00e0 Barcelone, avec des tissus de haute qualit\u00e9 et des finitions soign\u00e9es pour vous offrir confort, l\u00e9g\u00e8ret\u00e9 et libert\u00e9 de mouvement pendant vos cours et r\u00e9p\u00e9titions. Chez Neyla, nous savons que chaque danseuse est unique. C\u2019est pourquoi nous proposons plusieurs [&hellip;]","og_url":"https:\/\/neylaropadedanza.es\/fr\/robe-dentrainement\/","og_site_name":"Neyla Dancewear","article_publisher":"https:\/\/www.facebook.com\/neyladancewear\/","article_modified_time":"2025-05-19T11:33:31+00:00","twitter_card":"summary_large_image","twitter_misc":{"Dur\u00e9e de lecture estim\u00e9e":"1 minute"},"schema":{"@context":"https:\/\/schema.org","@graph":[{"@type":"WebPage","@id":"https:\/\/neylaropadedanza.es\/fr\/robe-dentrainement\/","url":"https:\/\/neylaropadedanza.es\/fr\/robe-dentrainement\/","name":"robe d'entrainement - Neyla Dancewear","isPartOf":{"@id":"https:\/\/neylaropadedanza.com\/#website"},"datePublished":"2025-04-22T11:47:36+00:00","dateModified":"2025-05-19T11:33:31+00:00","breadcrumb":{"@id":"https:\/\/neylaropadedanza.es\/fr\/robe-dentrainement\/#breadcrumb"},"inLanguage":"fr-FR","potentialAction":[{"@type":"ReadAction","target":["https:\/\/neylaropadedanza.es\/fr\/robe-dentrainement\/"]}]},{"@type":"BreadcrumbList","@id":"https:\/\/neylaropadedanza.es\/fr\/robe-dentrainement\/#breadcrumb","itemListElement":[{"@type":"ListItem","position":1,"name":"Home","item":"https:\/\/neylaropadedanza.es\/fr\/"},{"@type":"ListItem","position":2,"name":"robe d&#8217;entrainement"}]},{"@type":"WebSite","@id":"https:\/\/neylaropadedanza.com\/#website","url":"https:\/\/neylaropadedanza.com\/","name":"NeylaRopaDeDanza","description":"Ropa de Danza del Vientre, danza oriental, trajes, ropa de ensayo y mucho m\u00e1s!","publisher":{"@id":"https:\/\/neylaropadedanza.com\/#organization"},"potentialAction":[{"@type":"SearchAction","target":{"@type":"EntryPoint","urlTemplate":"https:\/\/neylaropadedanza.com\/?s={search_term_string}"},"query-input":{"@type":"PropertyValueSpecification","valueRequired":true,"valueName":"search_term_string"}}],"inLanguage":"fr-FR"},{"@type":"Organization","@id":"https:\/\/neylaropadedanza.com\/#organization","name":"NeylaRopaDeDanza","url":"https:\/\/neylaropadedanza.com\/","logo":{"@type":"ImageObject","inLanguage":"fr-FR","@id":"https:\/\/neylaropadedanza.com\/#\/schema\/logo\/image\/","url":"https:\/\/neylaropadedanza.es\/wp-content\/uploads\/2025\/04\/Neyla-Blanc.webp","contentUrl":"https:\/\/neylaropadedanza.es\/wp-content\/uploads\/2025\/04\/Neyla-Blanc.webp","width":1970,"height":936,"caption":"NeylaRopaDeDanza"},"image":{"@id":"https:\/\/neylaropadedanza.com\/#\/schema\/logo\/image\/"},"sameAs":["https:\/\/www.facebook.com\/neyladancewear\/","https:\/\/www.instagram.com\/neyladancewear\/","https:\/\/www.youtube.com\/channel\/UCKlqrANcZD0QqKXzpy4taWA?view_as=subscriber"]}]}},"_links":{"self":[{"href":"https:\/\/neylaropadedanza.es\/fr\/wp-json\/wp\/v2\/pages\/1430","targetHints":{"allow":["GET"]}}],"collection":[{"href":"https:\/\/neylaropadedanza.es\/fr\/wp-json\/wp\/v2\/pages"}],"about":[{"href":"https:\/\/neylaropadedanza.es\/fr\/wp-json\/wp\/v2\/types\/page"}],"author":[{"embeddable":true,"href":"https:\/\/neylaropadedanza.es\/fr\/wp-json\/wp\/v2\/users\/1"}],"replies":[{"embeddable":true,"href":"https:\/\/neylaropadedanza.es\/fr\/wp-json\/wp\/v2\/comments?post=1430"}],"version-history":[{"count":5,"href":"https:\/\/neylaropadedanza.es\/fr\/wp-json\/wp\/v2\/pages\/1430\/revisions"}],"predecessor-version":[{"id":17293,"href":"https:\/\/neylaropadedanza.es\/fr\/wp-json\/wp\/v2\/pages\/1430\/revisions\/17293"}],"wp:attachment":[{"href":"https:\/\/neylaropadedanza.es\/fr\/wp-json\/wp\/v2\/media?parent=1430"}],"curies":[{"name":"wp","href":"https:\/\/api.w.org\/{rel}","templated":true}]}}