{"id":1421,"date":"2025-04-22T11:51:58","date_gmt":"2025-04-22T11:51:58","guid":{"rendered":"https:\/\/neylaropadedanza.es\/foulard-de-hanches\/"},"modified":"2025-05-19T11:33:21","modified_gmt":"2025-05-19T11:33:21","slug":"foulard-de-hanches","status":"publish","type":"page","link":"https:\/\/neylaropadedanza.es\/fr\/foulard-de-hanches\/","title":{"rendered":"Foulard de Hanches"},"content":{"rendered":"\t\t<div data-elementor-type=\"wp-page\" data-elementor-id=\"1421\" class=\"elementor elementor-1421 elementor-621\" data-elementor-post-type=\"page\">\n\t\t\t\t<div class=\"elementor-element elementor-element-49f8bd39 e-con-full e-flex e-con e-parent\" data-id=\"49f8bd39\" data-element_type=\"container\" data-e-type=\"container\">\n\t\t<div class=\"elementor-element elementor-element-39f1fa01 e-con-full e-flex e-con e-child\" data-id=\"39f1fa01\" data-element_type=\"container\" data-e-type=\"container\" data-settings=\"{&quot;background_background&quot;:&quot;classic&quot;}\">\n\t\t\t\t<div class=\"elementor-element elementor-element-c80db84 elementor-widget elementor-widget-heading\" data-id=\"c80db84\" data-element_type=\"widget\" data-e-type=\"widget\" data-widget_type=\"heading.default\">\n\t\t\t\t<div class=\"elementor-widget-container\">\n\t\t\t\t\t<h2 class=\"elementor-heading-title elementor-size-default\">FOULARDS DE HANCHES<\/h2>\t\t\t\t<\/div>\n\t\t\t\t<\/div>\n\t\t\t\t<div class=\"elementor-element elementor-element-7ad3ac4 elementor-widget elementor-widget-heading\" data-id=\"7ad3ac4\" data-element_type=\"widget\" data-e-type=\"widget\" data-widget_type=\"heading.default\">\n\t\t\t\t<div class=\"elementor-widget-container\">\n\t\t\t\t\t<h1 class=\"elementor-heading-title elementor-size-default\">Les foulards de hanches sont un accessoire indispensable pour la danse orientale, la danse du ventre et d'autres styles mettant en valeur le mouvement des hanches. Chez Neyla Dancewear, nous avons s\u00e9lectionn\u00e9 avec soin des mod\u00e8les qui allient confort, \u00e9l\u00e9gance et fluidit\u00e9, pour vous faire briller lors de chaque r\u00e9p\u00e9tition ou repr\u00e9sentation.<br>\nNous proposons des foulards avec ou sans pi\u00e8ces, orn\u00e9s de strass, broderies, franges ou d\u00e9tails m\u00e9talliques, qui apportent rythme visuel et sonore \u00e0 votre danse. <br>\nConfectionn\u00e9s avec des mat\u00e9riaux de haute qualit\u00e9, nos foulards s\u2019adaptent parfaitement \u00e0 votre taille, sans glisser ni g\u00eaner vos mouvements. Plusieurs mod\u00e8les sont ajustables, avec cordons ou ceintures \u00e9lastiques.<br>\nLooking for a custom design or need scarves for your school or troupe? Contact us at atencionalcliente@neylaropadedanza.es and we\u2019ll be happy to help!<\/h1>\t\t\t\t<\/div>\n\t\t\t\t<\/div>\n\t\t\t\t<\/div>\n\t\t\t\t<\/div>\n\t\t<div class=\"elementor-element elementor-element-a2897e2 e-con-full e-flex e-con e-parent\" data-id=\"a2897e2\" data-element_type=\"container\" data-e-type=\"container\">\n\t\t\t\t<div class=\"elementor-element elementor-element-930d7a5 elementor-grid-mobile-1 elementor-product-loop-item--align-center elementor-grid-tablet-2 elementor-widget-mobile__width-initial elementor-grid-4 elementor-products-grid elementor-wc-products elementor-widget elementor-widget-woocommerce-products\" data-id=\"930d7a5\" data-element_type=\"widget\" data-e-type=\"widget\" data-widget_type=\"woocommerce-products.default\">\n\t\t\t\t<div class=\"elementor-widget-container\">\n\t\t\t\t\t<div class=\"woocommerce columns-4 \"><div class=\"woocommerce-notices-wrapper\"><\/div><p class=\"woocommerce-result-count\" role=\"alert\" aria-relevant=\"all\" >\n\t4\u00a0r\u00e9sultats affich\u00e9s<\/p>\n<form class=\"woocommerce-ordering\" method=\"get\">\n\t\t<select\n\t\tname=\"orderby\"\n\t\tclass=\"orderby\"\n\t\t\t\t\taria-label=\"Commande\"\n\t\t\t>\n\t\t\t\t\t<option value=\"menu_order\"  selected='selected'>Tri par d\u00e9faut<\/option>\n\t\t\t\t\t<option value=\"popularity\" >Tri par popularit\u00e9<\/option>\n\t\t\t\t\t<option value=\"rating\" >Tri par notes moyennes<\/option>\n\t\t\t\t\t<option value=\"date\" >Tri du plus r\u00e9cent au plus ancien<\/option>\n\t\t\t\t\t<option value=\"price\" >Tri par tarif croissant<\/option>\n\t\t\t\t\t<option value=\"price-desc\" >Tri par tarif d\u00e9croissant<\/option>\n\t\t\t<\/select>\n\t<input type=\"hidden\" name=\"paged\" value=\"1\" \/>\n\t<\/form>\n<ul class=\"products elementor-grid columns-4\">\n<li class=\"add-to-wishlist-after_add_to_cart product type-product post-20712 status-publish first instock product_cat-foulards product_cat-vetements-dentrainement has-post-thumbnail sale taxable shipping-taxable purchasable product-type-variable\">\n\t<a href=\"https:\/\/neylaropadedanza.es\/fr\/product\/abeer-2\/\" class=\"woocommerce-LoopProduct-link woocommerce-loop-product__link\">\n\t<span class=\"onsale\">Promo\u00a0!<\/span>\n\t<img fetchpriority=\"high\" decoding=\"async\" width=\"300\" height=\"300\" src=\"https:\/\/neylaropadedanza.es\/wp-content\/uploads\/2024\/03\/Ropa-de-Danza-del-Vientre-5-1-300x300.jpg\" class=\"attachment-woocommerce_thumbnail size-woocommerce_thumbnail\" alt=\"Foulard de danse orientale en tulle turquoise avec sequins brillants et longues franges, design triangulaire nou\u00e9 sur le c\u00f4t\u00e9 pour mettre en valeur le mouvement.\" srcset=\"https:\/\/neylaropadedanza.es\/wp-content\/uploads\/2024\/03\/Ropa-de-Danza-del-Vientre-5-1-300x300.jpg 300w, https:\/\/neylaropadedanza.es\/wp-content\/uploads\/2024\/03\/Ropa-de-Danza-del-Vientre-5-1-150x150.jpg 150w, https:\/\/neylaropadedanza.es\/wp-content\/uploads\/2024\/03\/Ropa-de-Danza-del-Vientre-5-1-100x100.jpg 100w\" sizes=\"(max-width: 300px) 100vw, 300px\" \/><h2 class=\"woocommerce-loop-product__title\">Abeer<\/h2>\n\t<span class=\"price\"><del aria-hidden=\"true\"><span class=\"woocommerce-Price-amount amount\"><bdi>16,00<span class=\"woocommerce-Price-currencySymbol\">&euro;<\/span><\/bdi><\/span><\/del> <span class=\"screen-reader-text\">Le prix initial \u00e9tait\u00a0: 16,00&euro;.<\/span><ins aria-hidden=\"true\"><span class=\"woocommerce-Price-amount amount\"><bdi>9,60<span class=\"woocommerce-Price-currencySymbol\">&euro;<\/span><\/bdi><\/span><\/ins><span class=\"screen-reader-text\">Le prix actuel est\u00a0: 9,60&euro;.<\/span> <small class=\"woocommerce-price-suffix\">TVA incluse<\/small><\/span>\n<\/a><a href=\"https:\/\/neylaropadedanza.es\/fr\/product\/abeer-2\/\" aria-describedby=\"woocommerce_loop_add_to_cart_link_describedby_20712\" data-quantity=\"1\" class=\"button product_type_variable add_to_cart_button cfvsw_ajax_add_to_cart\" data-product_id=\"20712\" data-product_sku=\"\" aria-label=\"S\u00e9lectionner les options pour &ldquo;Abeer&rdquo;\" rel=\"nofollow\" data-add_to_cart_text=\"Add to Cart\" data-select_options_text=\"Choix des options\">Choix des options<\/a>\t<span id=\"woocommerce_loop_add_to_cart_link_describedby_20712\" class=\"screen-reader-text\">\n\t\tCe produit a plusieurs variations. Les options peuvent \u00eatre choisies sur la page du produit\t<\/span>\n<div class=\"yith-add-to-wishlist-button-block\" data-product-id=\"20712\" data-attributes=\"{&quot;kind&quot;:&quot;button&quot;}\"><\/div><\/li>\n<li class=\"add-to-wishlist-after_add_to_cart product type-product post-20039 status-publish instock product_cat-foulards product_cat-vetements-dentrainement product_tag-accessoires-danse-du-ventre product_tag-accessoires-de-danse-du-ventre product_tag-ceinture-de-danse-scintillante product_tag-foulard-a-strass-violet-clair product_tag-foulard-de-danse-du-ventre product_tag-foulard-de-danse-tribal product_tag-foulard-de-danse-violet-clair product_tag-foulard-de-hanche-danse-du-ventre product_tag-foulard-en-resille-avec-strass product_tag-panuelo-de-hip-scarf-danza-oriental-fr has-post-thumbnail sale taxable shipping-taxable purchasable product-type-variable\">\n\t<a href=\"https:\/\/neylaropadedanza.es\/fr\/product\/basma\/\" class=\"woocommerce-LoopProduct-link woocommerce-loop-product__link\">\n\t<span class=\"onsale\">Promo\u00a0!<\/span>\n\t<img decoding=\"async\" width=\"300\" height=\"300\" src=\"https:\/\/neylaropadedanza.es\/wp-content\/uploads\/2025\/08\/Ropa-de-Danza-del-Vientre-12-1-300x300.jpg\" class=\"attachment-woocommerce_thumbnail size-woocommerce_thumbnail\" alt=\"Foulard Basma violet clair orn\u00e9 de strass pour danse du ventre et danse orientale.\" srcset=\"https:\/\/neylaropadedanza.es\/wp-content\/uploads\/2025\/08\/Ropa-de-Danza-del-Vientre-12-1-300x300.jpg 300w, https:\/\/neylaropadedanza.es\/wp-content\/uploads\/2025\/08\/Ropa-de-Danza-del-Vientre-12-1-150x150.jpg 150w, https:\/\/neylaropadedanza.es\/wp-content\/uploads\/2025\/08\/Ropa-de-Danza-del-Vientre-12-1-100x100.jpg 100w\" sizes=\"(max-width: 300px) 100vw, 300px\" \/><h2 class=\"woocommerce-loop-product__title\">Basma<\/h2>\n\t<span class=\"price\"><del aria-hidden=\"true\"><span class=\"woocommerce-Price-amount amount\"><bdi>38,00<span class=\"woocommerce-Price-currencySymbol\">&euro;<\/span><\/bdi><\/span><\/del> <span class=\"screen-reader-text\">Le prix initial \u00e9tait\u00a0: 38,00&euro;.<\/span><ins aria-hidden=\"true\"><span class=\"woocommerce-Price-amount amount\"><bdi>22,80<span class=\"woocommerce-Price-currencySymbol\">&euro;<\/span><\/bdi><\/span><\/ins><span class=\"screen-reader-text\">Le prix actuel est\u00a0: 22,80&euro;.<\/span> <small class=\"woocommerce-price-suffix\">TVA incluse<\/small><\/span>\n<\/a><a href=\"https:\/\/neylaropadedanza.es\/fr\/product\/basma\/\" aria-describedby=\"woocommerce_loop_add_to_cart_link_describedby_20039\" data-quantity=\"1\" class=\"button product_type_variable add_to_cart_button cfvsw_ajax_add_to_cart\" data-product_id=\"20039\" data-product_sku=\"\" aria-label=\"S\u00e9lectionner les options pour &ldquo;Basma&rdquo;\" rel=\"nofollow\" data-add_to_cart_text=\"Add to Cart\" data-select_options_text=\"Choix des options\">Choix des options<\/a>\t<span id=\"woocommerce_loop_add_to_cart_link_describedby_20039\" class=\"screen-reader-text\">\n\t\tCe produit a plusieurs variations. Les options peuvent \u00eatre choisies sur la page du produit\t<\/span>\n<div class=\"yith-add-to-wishlist-button-block\" data-product-id=\"20039\" data-attributes=\"{&quot;kind&quot;:&quot;button&quot;}\"><\/div><\/li>\n<li class=\"add-to-wishlist-after_add_to_cart product type-product post-18919 status-publish instock product_cat-foulards product_cat-vetements-dentrainement product_tag-colore product_tag-danse-du-ventre product_tag-danse-orientale product_tag-foulard product_tag-foulard-de-danse-du-ventre product_tag-foulard-de-hanche product_tag-noir product_tag-paillettes product_tag-vetements-dentrainement product_tag-vetements-de-danse-du-ventre-fr has-post-thumbnail sale taxable shipping-taxable purchasable product-type-variable\">\n\t<a href=\"https:\/\/neylaropadedanza.es\/fr\/product\/hiranur\/\" class=\"woocommerce-LoopProduct-link woocommerce-loop-product__link\">\n\t<span class=\"onsale\">Promo\u00a0!<\/span>\n\t<img decoding=\"async\" width=\"300\" height=\"300\" src=\"https:\/\/neylaropadedanza.es\/wp-content\/uploads\/2024\/11\/Ropa-de-Danza-del-Vientre-45-300x300.jpg\" class=\"attachment-woocommerce_thumbnail size-woocommerce_thumbnail\" alt=\"Jupe de danse du ventre \u2013 R\u00e9p\u00e9tition de danse \u2013 Danse\" srcset=\"https:\/\/neylaropadedanza.es\/wp-content\/uploads\/2024\/11\/Ropa-de-Danza-del-Vientre-45-300x300.jpg 300w, https:\/\/neylaropadedanza.es\/wp-content\/uploads\/2024\/11\/Ropa-de-Danza-del-Vientre-45-150x150.jpg 150w, https:\/\/neylaropadedanza.es\/wp-content\/uploads\/2024\/11\/Ropa-de-Danza-del-Vientre-45-100x100.jpg 100w\" sizes=\"(max-width: 300px) 100vw, 300px\" \/><h2 class=\"woocommerce-loop-product__title\">Hiranur<\/h2>\n\t<span class=\"price\"><del aria-hidden=\"true\"><span class=\"woocommerce-Price-amount amount\"><bdi>16,00<span class=\"woocommerce-Price-currencySymbol\">&euro;<\/span><\/bdi><\/span><\/del> <span class=\"screen-reader-text\">Le prix initial \u00e9tait\u00a0: 16,00&euro;.<\/span><ins aria-hidden=\"true\"><span class=\"woocommerce-Price-amount amount\"><bdi>9,60<span class=\"woocommerce-Price-currencySymbol\">&euro;<\/span><\/bdi><\/span><\/ins><span class=\"screen-reader-text\">Le prix actuel est\u00a0: 9,60&euro;.<\/span> <small class=\"woocommerce-price-suffix\">TVA incluse<\/small><\/span>\n<\/a><a href=\"https:\/\/neylaropadedanza.es\/fr\/product\/hiranur\/\" aria-describedby=\"woocommerce_loop_add_to_cart_link_describedby_18919\" data-quantity=\"1\" class=\"button product_type_variable add_to_cart_button cfvsw_ajax_add_to_cart\" data-product_id=\"18919\" data-product_sku=\"PAN.16\" aria-label=\"S\u00e9lectionner les options pour &ldquo;Hiranur&rdquo;\" rel=\"nofollow\" data-add_to_cart_text=\"Add to Cart\" data-select_options_text=\"Choix des options\">Choix des options<\/a>\t<span id=\"woocommerce_loop_add_to_cart_link_describedby_18919\" class=\"screen-reader-text\">\n\t\tCe produit a plusieurs variations. Les options peuvent \u00eatre choisies sur la page du produit\t<\/span>\n<div class=\"yith-add-to-wishlist-button-block\" data-product-id=\"18919\" data-attributes=\"{&quot;kind&quot;:&quot;button&quot;}\"><\/div><\/li>\n<li class=\"add-to-wishlist-after_add_to_cart product type-product post-20058 status-publish last instock product_cat-foulards product_cat-vetements-dentrainement product_tag-accessoires-de-danse-du-ventre-fr product_tag-accessoires-de-danse-orientale product_tag-ceinture-a-strass product_tag-ceinture-de-danse-du-ventre product_tag-ceinture-de-danse-orientale product_tag-ceinture-de-strass-fr product_tag-ceinture-de-strass product_tag-ceinture-fuchsia-fluo product_tag-foulard-brillant product_tag-foulard-de-danse-du-ventre product_tag-foulard-de-danse-orientale product_tag-foulard-de-hanche product_tag-foulard-zulaija product_tag-vetements-de-danse-du-ventre-fr has-post-thumbnail sale taxable shipping-taxable purchasable product-type-variable\">\n\t<a href=\"https:\/\/neylaropadedanza.es\/fr\/product\/zulaija\/\" class=\"woocommerce-LoopProduct-link woocommerce-loop-product__link\">\n\t<span class=\"onsale\">Promo\u00a0!<\/span>\n\t<img loading=\"lazy\" decoding=\"async\" width=\"300\" height=\"300\" src=\"https:\/\/neylaropadedanza.es\/wp-content\/uploads\/2025\/08\/Ropa-de-Danza-del-Vientre-20-1-300x300.jpg\" class=\"attachment-woocommerce_thumbnail size-woocommerce_thumbnail\" alt=\"Ceinture de hanche Zulaija en fuchsia fluo avec strass scintillants pour danse orientale.\" srcset=\"https:\/\/neylaropadedanza.es\/wp-content\/uploads\/2025\/08\/Ropa-de-Danza-del-Vientre-20-1-300x300.jpg 300w, https:\/\/neylaropadedanza.es\/wp-content\/uploads\/2025\/08\/Ropa-de-Danza-del-Vientre-20-1-150x150.jpg 150w, https:\/\/neylaropadedanza.es\/wp-content\/uploads\/2025\/08\/Ropa-de-Danza-del-Vientre-20-1-100x100.jpg 100w\" sizes=\"(max-width: 300px) 100vw, 300px\" \/><h2 class=\"woocommerce-loop-product__title\">Zulaija<\/h2>\n\t<span class=\"price\"><del aria-hidden=\"true\"><span class=\"woocommerce-Price-amount amount\"><bdi>30,00<span class=\"woocommerce-Price-currencySymbol\">&euro;<\/span><\/bdi><\/span><\/del> <span class=\"screen-reader-text\">Le prix initial \u00e9tait\u00a0: 30,00&euro;.<\/span><ins aria-hidden=\"true\"><span class=\"woocommerce-Price-amount amount\"><bdi>18,00<span class=\"woocommerce-Price-currencySymbol\">&euro;<\/span><\/bdi><\/span><\/ins><span class=\"screen-reader-text\">Le prix actuel est\u00a0: 18,00&euro;.<\/span> <small class=\"woocommerce-price-suffix\">TVA incluse<\/small><\/span>\n<\/a><a href=\"https:\/\/neylaropadedanza.es\/fr\/product\/zulaija\/\" aria-describedby=\"woocommerce_loop_add_to_cart_link_describedby_20058\" data-quantity=\"1\" class=\"button product_type_variable add_to_cart_button cfvsw_ajax_add_to_cart\" data-product_id=\"20058\" data-product_sku=\"\" aria-label=\"S\u00e9lectionner les options pour &ldquo;Zulaija&rdquo;\" rel=\"nofollow\" data-add_to_cart_text=\"Add to Cart\" data-select_options_text=\"Choix des options\">Choix des options<\/a>\t<span id=\"woocommerce_loop_add_to_cart_link_describedby_20058\" class=\"screen-reader-text\">\n\t\tCe produit a plusieurs variations. Les options peuvent \u00eatre choisies sur la page du produit\t<\/span>\n<div class=\"yith-add-to-wishlist-button-block\" data-product-id=\"20058\" data-attributes=\"{&quot;kind&quot;:&quot;button&quot;}\"><\/div><\/li>\n<\/ul>\n<\/div>\t\t\t\t<\/div>\n\t\t\t\t<\/div>\n\t\t\t\t<\/div>\n\t\t\t\t<\/div>\n\t\t","protected":false},"excerpt":{"rendered":"<p>FOULARDS DE HANCHES Les foulards de hanches sont un accessoire indispensable pour la danse orientale, la danse du ventre et d&rsquo;autres styles mettant en valeur le mouvement des hanches. Chez Neyla Dancewear, nous avons s\u00e9lectionn\u00e9 avec soin des mod\u00e8les qui allient confort, \u00e9l\u00e9gance et fluidit\u00e9, pour vous faire briller lors de chaque r\u00e9p\u00e9tition ou repr\u00e9sentation. [&hellip;]<\/p>\n","protected":false},"author":1,"featured_media":0,"parent":0,"menu_order":0,"comment_status":"closed","ping_status":"closed","template":"elementor_header_footer","meta":{"content-type":"","_monsterinsights_skip_tracking":false,"_monsterinsights_sitenote_active":false,"_monsterinsights_sitenote_note":"","_monsterinsights_sitenote_category":0,"_uf_show_specific_survey":0,"_uf_disable_surveys":false,"footnotes":""},"class_list":["post-1421","page","type-page","status-publish","hentry"],"yoast_head":"<!-- This site is optimized with the Yoast SEO plugin v27.4 - https:\/\/yoast.com\/product\/yoast-seo-wordpress\/ -->\n<title>Foulard de Hanches - Neyla Dancewear<\/title>\n<meta name=\"robots\" content=\"index, follow, max-snippet:-1, max-image-preview:large, max-video-preview:-1\" \/>\n<link rel=\"canonical\" href=\"https:\/\/neylaropadedanza.es\/fr\/foulard-de-hanches\/\" \/>\n<meta property=\"og:locale\" content=\"fr_FR\" \/>\n<meta property=\"og:type\" content=\"article\" \/>\n<meta property=\"og:title\" content=\"Foulard de Hanches - Neyla Dancewear\" \/>\n<meta property=\"og:description\" content=\"FOULARDS DE HANCHES Les foulards de hanches sont un accessoire indispensable pour la danse orientale, la danse du ventre et d&rsquo;autres styles mettant en valeur le mouvement des hanches. Chez Neyla Dancewear, nous avons s\u00e9lectionn\u00e9 avec soin des mod\u00e8les qui allient confort, \u00e9l\u00e9gance et fluidit\u00e9, pour vous faire briller lors de chaque r\u00e9p\u00e9tition ou repr\u00e9sentation. [&hellip;]\" \/>\n<meta property=\"og:url\" content=\"https:\/\/neylaropadedanza.es\/fr\/foulard-de-hanches\/\" \/>\n<meta property=\"og:site_name\" content=\"Neyla Dancewear\" \/>\n<meta property=\"article:publisher\" content=\"https:\/\/www.facebook.com\/neyladancewear\/\" \/>\n<meta property=\"article:modified_time\" content=\"2025-05-19T11:33:21+00:00\" \/>\n<meta name=\"twitter:card\" content=\"summary_large_image\" \/>\n<meta name=\"twitter:label1\" content=\"Dur\u00e9e de lecture estim\u00e9e\" \/>\n\t<meta name=\"twitter:data1\" content=\"1 minute\" \/>\n<script type=\"application\/ld+json\" class=\"yoast-schema-graph\">{\"@context\":\"https:\\\/\\\/schema.org\",\"@graph\":[{\"@type\":\"WebPage\",\"@id\":\"https:\\\/\\\/neylaropadedanza.es\\\/fr\\\/foulard-de-hanches\\\/\",\"url\":\"https:\\\/\\\/neylaropadedanza.es\\\/fr\\\/foulard-de-hanches\\\/\",\"name\":\"Foulard de Hanches - Neyla Dancewear\",\"isPartOf\":{\"@id\":\"https:\\\/\\\/neylaropadedanza.com\\\/#website\"},\"datePublished\":\"2025-04-22T11:51:58+00:00\",\"dateModified\":\"2025-05-19T11:33:21+00:00\",\"breadcrumb\":{\"@id\":\"https:\\\/\\\/neylaropadedanza.es\\\/fr\\\/foulard-de-hanches\\\/#breadcrumb\"},\"inLanguage\":\"fr-FR\",\"potentialAction\":[{\"@type\":\"ReadAction\",\"target\":[\"https:\\\/\\\/neylaropadedanza.es\\\/fr\\\/foulard-de-hanches\\\/\"]}]},{\"@type\":\"BreadcrumbList\",\"@id\":\"https:\\\/\\\/neylaropadedanza.es\\\/fr\\\/foulard-de-hanches\\\/#breadcrumb\",\"itemListElement\":[{\"@type\":\"ListItem\",\"position\":1,\"name\":\"Home\",\"item\":\"https:\\\/\\\/neylaropadedanza.es\\\/fr\\\/\"},{\"@type\":\"ListItem\",\"position\":2,\"name\":\"Foulard de Hanches\"}]},{\"@type\":\"WebSite\",\"@id\":\"https:\\\/\\\/neylaropadedanza.com\\\/#website\",\"url\":\"https:\\\/\\\/neylaropadedanza.com\\\/\",\"name\":\"NeylaRopaDeDanza\",\"description\":\"Ropa de Danza del Vientre, danza oriental, trajes, ropa de ensayo y mucho m\u00e1s!\",\"publisher\":{\"@id\":\"https:\\\/\\\/neylaropadedanza.com\\\/#organization\"},\"potentialAction\":[{\"@type\":\"SearchAction\",\"target\":{\"@type\":\"EntryPoint\",\"urlTemplate\":\"https:\\\/\\\/neylaropadedanza.com\\\/?s={search_term_string}\"},\"query-input\":{\"@type\":\"PropertyValueSpecification\",\"valueRequired\":true,\"valueName\":\"search_term_string\"}}],\"inLanguage\":\"fr-FR\"},{\"@type\":\"Organization\",\"@id\":\"https:\\\/\\\/neylaropadedanza.com\\\/#organization\",\"name\":\"NeylaRopaDeDanza\",\"url\":\"https:\\\/\\\/neylaropadedanza.com\\\/\",\"logo\":{\"@type\":\"ImageObject\",\"inLanguage\":\"fr-FR\",\"@id\":\"https:\\\/\\\/neylaropadedanza.com\\\/#\\\/schema\\\/logo\\\/image\\\/\",\"url\":\"https:\\\/\\\/neylaropadedanza.es\\\/wp-content\\\/uploads\\\/2025\\\/04\\\/Neyla-Blanc.webp\",\"contentUrl\":\"https:\\\/\\\/neylaropadedanza.es\\\/wp-content\\\/uploads\\\/2025\\\/04\\\/Neyla-Blanc.webp\",\"width\":1970,\"height\":936,\"caption\":\"NeylaRopaDeDanza\"},\"image\":{\"@id\":\"https:\\\/\\\/neylaropadedanza.com\\\/#\\\/schema\\\/logo\\\/image\\\/\"},\"sameAs\":[\"https:\\\/\\\/www.facebook.com\\\/neyladancewear\\\/\",\"https:\\\/\\\/www.instagram.com\\\/neyladancewear\\\/\",\"https:\\\/\\\/www.youtube.com\\\/channel\\\/UCKlqrANcZD0QqKXzpy4taWA?view_as=subscriber\"]}]}<\/script>\n<!-- \/ Yoast SEO plugin. -->","yoast_head_json":{"title":"Foulard de Hanches - Neyla Dancewear","robots":{"index":"index","follow":"follow","max-snippet":"max-snippet:-1","max-image-preview":"max-image-preview:large","max-video-preview":"max-video-preview:-1"},"canonical":"https:\/\/neylaropadedanza.es\/fr\/foulard-de-hanches\/","og_locale":"fr_FR","og_type":"article","og_title":"Foulard de Hanches - Neyla Dancewear","og_description":"FOULARDS DE HANCHES Les foulards de hanches sont un accessoire indispensable pour la danse orientale, la danse du ventre et d&rsquo;autres styles mettant en valeur le mouvement des hanches. Chez Neyla Dancewear, nous avons s\u00e9lectionn\u00e9 avec soin des mod\u00e8les qui allient confort, \u00e9l\u00e9gance et fluidit\u00e9, pour vous faire briller lors de chaque r\u00e9p\u00e9tition ou repr\u00e9sentation. [&hellip;]","og_url":"https:\/\/neylaropadedanza.es\/fr\/foulard-de-hanches\/","og_site_name":"Neyla Dancewear","article_publisher":"https:\/\/www.facebook.com\/neyladancewear\/","article_modified_time":"2025-05-19T11:33:21+00:00","twitter_card":"summary_large_image","twitter_misc":{"Dur\u00e9e de lecture estim\u00e9e":"1 minute"},"schema":{"@context":"https:\/\/schema.org","@graph":[{"@type":"WebPage","@id":"https:\/\/neylaropadedanza.es\/fr\/foulard-de-hanches\/","url":"https:\/\/neylaropadedanza.es\/fr\/foulard-de-hanches\/","name":"Foulard de Hanches - Neyla Dancewear","isPartOf":{"@id":"https:\/\/neylaropadedanza.com\/#website"},"datePublished":"2025-04-22T11:51:58+00:00","dateModified":"2025-05-19T11:33:21+00:00","breadcrumb":{"@id":"https:\/\/neylaropadedanza.es\/fr\/foulard-de-hanches\/#breadcrumb"},"inLanguage":"fr-FR","potentialAction":[{"@type":"ReadAction","target":["https:\/\/neylaropadedanza.es\/fr\/foulard-de-hanches\/"]}]},{"@type":"BreadcrumbList","@id":"https:\/\/neylaropadedanza.es\/fr\/foulard-de-hanches\/#breadcrumb","itemListElement":[{"@type":"ListItem","position":1,"name":"Home","item":"https:\/\/neylaropadedanza.es\/fr\/"},{"@type":"ListItem","position":2,"name":"Foulard de Hanches"}]},{"@type":"WebSite","@id":"https:\/\/neylaropadedanza.com\/#website","url":"https:\/\/neylaropadedanza.com\/","name":"NeylaRopaDeDanza","description":"Ropa de Danza del Vientre, danza oriental, trajes, ropa de ensayo y mucho m\u00e1s!","publisher":{"@id":"https:\/\/neylaropadedanza.com\/#organization"},"potentialAction":[{"@type":"SearchAction","target":{"@type":"EntryPoint","urlTemplate":"https:\/\/neylaropadedanza.com\/?s={search_term_string}"},"query-input":{"@type":"PropertyValueSpecification","valueRequired":true,"valueName":"search_term_string"}}],"inLanguage":"fr-FR"},{"@type":"Organization","@id":"https:\/\/neylaropadedanza.com\/#organization","name":"NeylaRopaDeDanza","url":"https:\/\/neylaropadedanza.com\/","logo":{"@type":"ImageObject","inLanguage":"fr-FR","@id":"https:\/\/neylaropadedanza.com\/#\/schema\/logo\/image\/","url":"https:\/\/neylaropadedanza.es\/wp-content\/uploads\/2025\/04\/Neyla-Blanc.webp","contentUrl":"https:\/\/neylaropadedanza.es\/wp-content\/uploads\/2025\/04\/Neyla-Blanc.webp","width":1970,"height":936,"caption":"NeylaRopaDeDanza"},"image":{"@id":"https:\/\/neylaropadedanza.com\/#\/schema\/logo\/image\/"},"sameAs":["https:\/\/www.facebook.com\/neyladancewear\/","https:\/\/www.instagram.com\/neyladancewear\/","https:\/\/www.youtube.com\/channel\/UCKlqrANcZD0QqKXzpy4taWA?view_as=subscriber"]}]}},"_links":{"self":[{"href":"https:\/\/neylaropadedanza.es\/fr\/wp-json\/wp\/v2\/pages\/1421","targetHints":{"allow":["GET"]}}],"collection":[{"href":"https:\/\/neylaropadedanza.es\/fr\/wp-json\/wp\/v2\/pages"}],"about":[{"href":"https:\/\/neylaropadedanza.es\/fr\/wp-json\/wp\/v2\/types\/page"}],"author":[{"embeddable":true,"href":"https:\/\/neylaropadedanza.es\/fr\/wp-json\/wp\/v2\/users\/1"}],"replies":[{"embeddable":true,"href":"https:\/\/neylaropadedanza.es\/fr\/wp-json\/wp\/v2\/comments?post=1421"}],"version-history":[{"count":6,"href":"https:\/\/neylaropadedanza.es\/fr\/wp-json\/wp\/v2\/pages\/1421\/revisions"}],"predecessor-version":[{"id":17288,"href":"https:\/\/neylaropadedanza.es\/fr\/wp-json\/wp\/v2\/pages\/1421\/revisions\/17288"}],"wp:attachment":[{"href":"https:\/\/neylaropadedanza.es\/fr\/wp-json\/wp\/v2\/media?parent=1421"}],"curies":[{"name":"wp","href":"https:\/\/api.w.org\/{rel}","templated":true}]}}