{"id":1394,"date":"2025-04-22T11:17:30","date_gmt":"2025-04-22T11:17:30","guid":{"rendered":"https:\/\/neylaropadedanza.es\/vetements-dentrainement\/"},"modified":"2025-05-19T11:34:37","modified_gmt":"2025-05-19T11:34:37","slug":"vetements-dentrainement","status":"publish","type":"page","link":"https:\/\/neylaropadedanza.es\/fr\/vetements-dentrainement\/","title":{"rendered":"Vetements d&rsquo;entrainement"},"content":{"rendered":"\t\t<div data-elementor-type=\"wp-page\" data-elementor-id=\"1394\" class=\"elementor elementor-1394 elementor-576\" data-elementor-post-type=\"page\">\n\t\t\t\t<div class=\"elementor-element elementor-element-49f8bd39 e-con-full e-flex e-con e-parent\" data-id=\"49f8bd39\" data-element_type=\"container\" data-settings=\"{&quot;background_background&quot;:&quot;classic&quot;}\">\n\t\t<div class=\"elementor-element elementor-element-39f1fa01 e-con-full e-flex e-con e-child\" data-id=\"39f1fa01\" data-element_type=\"container\" data-settings=\"{&quot;background_background&quot;:&quot;classic&quot;}\">\n\t\t\t\t<div class=\"elementor-element elementor-element-c80db84 elementor-widget elementor-widget-heading\" data-id=\"c80db84\" data-element_type=\"widget\" data-widget_type=\"heading.default\">\n\t\t\t\t<div class=\"elementor-widget-container\">\n\t\t\t\t\t<h1 class=\"elementor-heading-title elementor-size-default\">V\u00caTEMENTS D'ENTRA\u00ceNEMENT<\/h1>\t\t\t\t<\/div>\n\t\t\t\t<\/div>\n\t\t\t\t<div class=\"elementor-element elementor-element-7ad3ac4 elementor-widget elementor-widget-heading\" data-id=\"7ad3ac4\" data-element_type=\"widget\" data-widget_type=\"heading.default\">\n\t\t\t\t<div class=\"elementor-widget-container\">\n\t\t\t\t\t<h2 class=\"elementor-heading-title elementor-size-default\">\ud83e\ude70 V\u00caTEMENTS D'ENTRA\u00ceNEMENT \u2013 CONFORT ET STYLE POUR VOS R\u00c9P\u00c9TITIONS\nNos v\u00eatements d'entra\u00eenement sont con\u00e7us et fabriqu\u00e9s \u00e0 la main \u00e0 Barcelone, avec des tissus de haute qualit\u00e9 soigneusement s\u00e9lectionn\u00e9s pour vous offrir un confort maximal, un ajustement parfait et une grande libert\u00e9 de mouvement.<br>\n\nChez Neyla Dancewear, nous utilisons des lycras unis et imprim\u00e9s, ainsi que d\u2019autres mati\u00e8res extensibles et respirantes, id\u00e9ales pour la danse orientale, la danse tribale fusion, le fitness ou toute autre activit\u00e9 de danse. <br>\n\ud83d\udc5a Que trouverez-vous dans cette section ?\nDes tenues sp\u00e9cialement pens\u00e9es pour vos cours et r\u00e9p\u00e9titions, telles que :\n\nCombinaisons\n\nTops\n\nPantalons\n\nJupes d'entra\u00eenement\n\nEnsembles top + pantalon\n\nEnsembles top + jupe\n\nTous les mod\u00e8les sont propos\u00e9s en taille unique, gr\u00e2ce \u00e0 leur design polyvalent et leurs tissus extensibles.<br>\n\n\u2702\ufe0f Besoin d'une taille personnalis\u00e9e ?\nToutes nos pi\u00e8ces sont faites \u00e0 la main et con\u00e7ues pour s\u2019adapter \u00e0 la plupart des morphologies. Cependant, si vous avez besoin d\u2019une taille sp\u00e9ciale, nous pouvons la confectionner sur mesure. Contactez-nous \u00e0 l\u2019adresse atencionalcliente@neylaropadedanza.es et nous vous aiderons avec plaisir.  <br>\n\nD\u00e9couvrez la combinaison parfaite de style, fonctionnalit\u00e9 et confort pour r\u00e9p\u00e9ter en toute confiance et briller \u00e0 chaque mouvement.<\/h2>\t\t\t\t<\/div>\n\t\t\t\t<\/div>\n\t\t\t\t<\/div>\n\t\t\t\t<\/div>\n\t\t<div class=\"elementor-element elementor-element-a2897e2 e-con-full e-flex e-con e-parent\" data-id=\"a2897e2\" data-element_type=\"container\">\n\t\t\t\t<\/div>\n\t\t\t\t<\/div>\n\t\t","protected":false},"excerpt":{"rendered":"<p>V\u00caTEMENTS D&rsquo;ENTRA\u00ceNEMENT \ud83e\ude70 V\u00caTEMENTS D&rsquo;ENTRA\u00ceNEMENT \u2013 CONFORT ET STYLE POUR VOS R\u00c9P\u00c9TITIONS Nos v\u00eatements d&rsquo;entra\u00eenement sont con\u00e7us et fabriqu\u00e9s \u00e0 la main \u00e0 Barcelone, avec des tissus de haute qualit\u00e9 soigneusement s\u00e9lectionn\u00e9s pour vous offrir un confort maximal, un ajustement parfait et une grande libert\u00e9 de mouvement. Chez Neyla Dancewear, nous utilisons des lycras unis [&hellip;]<\/p>\n","protected":false},"author":1,"featured_media":0,"parent":0,"menu_order":0,"comment_status":"closed","ping_status":"closed","template":"elementor_header_footer","meta":{"content-type":"","_monsterinsights_skip_tracking":false,"_monsterinsights_sitenote_active":false,"_monsterinsights_sitenote_note":"","_monsterinsights_sitenote_category":0,"_uf_show_specific_survey":0,"_uf_disable_surveys":false,"footnotes":""},"class_list":["post-1394","page","type-page","status-publish","hentry"],"yoast_head":"<!-- This site is optimized with the Yoast SEO plugin v26.6 - https:\/\/yoast.com\/wordpress\/plugins\/seo\/ -->\n<title>Vetements d&#039;entrainement - Neyla Dancewear<\/title>\n<meta name=\"robots\" content=\"index, follow, max-snippet:-1, max-image-preview:large, max-video-preview:-1\" \/>\n<link rel=\"canonical\" href=\"https:\/\/neylaropadedanza.es\/fr\/vetements-dentrainement\/\" \/>\n<meta property=\"og:locale\" content=\"fr_FR\" \/>\n<meta property=\"og:type\" content=\"article\" \/>\n<meta property=\"og:title\" content=\"Vetements d&#039;entrainement - Neyla Dancewear\" \/>\n<meta property=\"og:description\" content=\"V\u00caTEMENTS D&rsquo;ENTRA\u00ceNEMENT \ud83e\ude70 V\u00caTEMENTS D&rsquo;ENTRA\u00ceNEMENT \u2013 CONFORT ET STYLE POUR VOS R\u00c9P\u00c9TITIONS Nos v\u00eatements d&rsquo;entra\u00eenement sont con\u00e7us et fabriqu\u00e9s \u00e0 la main \u00e0 Barcelone, avec des tissus de haute qualit\u00e9 soigneusement s\u00e9lectionn\u00e9s pour vous offrir un confort maximal, un ajustement parfait et une grande libert\u00e9 de mouvement. Chez Neyla Dancewear, nous utilisons des lycras unis [&hellip;]\" \/>\n<meta property=\"og:url\" content=\"https:\/\/neylaropadedanza.es\/fr\/vetements-dentrainement\/\" \/>\n<meta property=\"og:site_name\" content=\"Neyla Dancewear\" \/>\n<meta property=\"article:publisher\" content=\"https:\/\/www.facebook.com\/neyladancewear\/\" \/>\n<meta property=\"article:modified_time\" content=\"2025-05-19T11:34:37+00:00\" \/>\n<meta name=\"twitter:card\" content=\"summary_large_image\" \/>\n<meta name=\"twitter:label1\" content=\"Dur\u00e9e de lecture estim\u00e9e\" \/>\n\t<meta name=\"twitter:data1\" content=\"1 minute\" \/>\n<script type=\"application\/ld+json\" class=\"yoast-schema-graph\">{\"@context\":\"https:\/\/schema.org\",\"@graph\":[{\"@type\":\"WebPage\",\"@id\":\"https:\/\/neylaropadedanza.es\/fr\/vetements-dentrainement\/\",\"url\":\"https:\/\/neylaropadedanza.es\/fr\/vetements-dentrainement\/\",\"name\":\"Vetements d'entrainement - Neyla Dancewear\",\"isPartOf\":{\"@id\":\"https:\/\/neylaropadedanza.com\/#website\"},\"datePublished\":\"2025-04-22T11:17:30+00:00\",\"dateModified\":\"2025-05-19T11:34:37+00:00\",\"breadcrumb\":{\"@id\":\"https:\/\/neylaropadedanza.es\/fr\/vetements-dentrainement\/#breadcrumb\"},\"inLanguage\":\"fr-FR\",\"potentialAction\":[{\"@type\":\"ReadAction\",\"target\":[\"https:\/\/neylaropadedanza.es\/fr\/vetements-dentrainement\/\"]}]},{\"@type\":\"BreadcrumbList\",\"@id\":\"https:\/\/neylaropadedanza.es\/fr\/vetements-dentrainement\/#breadcrumb\",\"itemListElement\":[{\"@type\":\"ListItem\",\"position\":1,\"name\":\"Home\",\"item\":\"https:\/\/neylaropadedanza.es\/fr\/\"},{\"@type\":\"ListItem\",\"position\":2,\"name\":\"Vetements d&#8217;entrainement\"}]},{\"@type\":\"WebSite\",\"@id\":\"https:\/\/neylaropadedanza.com\/#website\",\"url\":\"https:\/\/neylaropadedanza.com\/\",\"name\":\"NeylaRopaDeDanza\",\"description\":\"Ropa de Danza del Vientre, danza oriental, trajes, ropa de ensayo y mucho m\u00e1s!\",\"publisher\":{\"@id\":\"https:\/\/neylaropadedanza.com\/#organization\"},\"potentialAction\":[{\"@type\":\"SearchAction\",\"target\":{\"@type\":\"EntryPoint\",\"urlTemplate\":\"https:\/\/neylaropadedanza.com\/?s={search_term_string}\"},\"query-input\":{\"@type\":\"PropertyValueSpecification\",\"valueRequired\":true,\"valueName\":\"search_term_string\"}}],\"inLanguage\":\"fr-FR\"},{\"@type\":\"Organization\",\"@id\":\"https:\/\/neylaropadedanza.com\/#organization\",\"name\":\"NeylaRopaDeDanza\",\"url\":\"https:\/\/neylaropadedanza.com\/\",\"logo\":{\"@type\":\"ImageObject\",\"inLanguage\":\"fr-FR\",\"@id\":\"https:\/\/neylaropadedanza.com\/#\/schema\/logo\/image\/\",\"url\":\"https:\/\/neylaropadedanza.es\/wp-content\/uploads\/2025\/04\/Neyla-Blanc.webp\",\"contentUrl\":\"https:\/\/neylaropadedanza.es\/wp-content\/uploads\/2025\/04\/Neyla-Blanc.webp\",\"width\":1970,\"height\":936,\"caption\":\"NeylaRopaDeDanza\"},\"image\":{\"@id\":\"https:\/\/neylaropadedanza.com\/#\/schema\/logo\/image\/\"},\"sameAs\":[\"https:\/\/www.facebook.com\/neyladancewear\/\",\"https:\/\/www.instagram.com\/neyladancewear\/\",\"https:\/\/www.youtube.com\/channel\/UCKlqrANcZD0QqKXzpy4taWA?view_as=subscriber\"]}]}<\/script>\n<!-- \/ Yoast SEO plugin. -->","yoast_head_json":{"title":"Vetements d'entrainement - Neyla Dancewear","robots":{"index":"index","follow":"follow","max-snippet":"max-snippet:-1","max-image-preview":"max-image-preview:large","max-video-preview":"max-video-preview:-1"},"canonical":"https:\/\/neylaropadedanza.es\/fr\/vetements-dentrainement\/","og_locale":"fr_FR","og_type":"article","og_title":"Vetements d'entrainement - Neyla Dancewear","og_description":"V\u00caTEMENTS D&rsquo;ENTRA\u00ceNEMENT \ud83e\ude70 V\u00caTEMENTS D&rsquo;ENTRA\u00ceNEMENT \u2013 CONFORT ET STYLE POUR VOS R\u00c9P\u00c9TITIONS Nos v\u00eatements d&rsquo;entra\u00eenement sont con\u00e7us et fabriqu\u00e9s \u00e0 la main \u00e0 Barcelone, avec des tissus de haute qualit\u00e9 soigneusement s\u00e9lectionn\u00e9s pour vous offrir un confort maximal, un ajustement parfait et une grande libert\u00e9 de mouvement. Chez Neyla Dancewear, nous utilisons des lycras unis [&hellip;]","og_url":"https:\/\/neylaropadedanza.es\/fr\/vetements-dentrainement\/","og_site_name":"Neyla Dancewear","article_publisher":"https:\/\/www.facebook.com\/neyladancewear\/","article_modified_time":"2025-05-19T11:34:37+00:00","twitter_card":"summary_large_image","twitter_misc":{"Dur\u00e9e de lecture estim\u00e9e":"1 minute"},"schema":{"@context":"https:\/\/schema.org","@graph":[{"@type":"WebPage","@id":"https:\/\/neylaropadedanza.es\/fr\/vetements-dentrainement\/","url":"https:\/\/neylaropadedanza.es\/fr\/vetements-dentrainement\/","name":"Vetements d'entrainement - Neyla Dancewear","isPartOf":{"@id":"https:\/\/neylaropadedanza.com\/#website"},"datePublished":"2025-04-22T11:17:30+00:00","dateModified":"2025-05-19T11:34:37+00:00","breadcrumb":{"@id":"https:\/\/neylaropadedanza.es\/fr\/vetements-dentrainement\/#breadcrumb"},"inLanguage":"fr-FR","potentialAction":[{"@type":"ReadAction","target":["https:\/\/neylaropadedanza.es\/fr\/vetements-dentrainement\/"]}]},{"@type":"BreadcrumbList","@id":"https:\/\/neylaropadedanza.es\/fr\/vetements-dentrainement\/#breadcrumb","itemListElement":[{"@type":"ListItem","position":1,"name":"Home","item":"https:\/\/neylaropadedanza.es\/fr\/"},{"@type":"ListItem","position":2,"name":"Vetements d&#8217;entrainement"}]},{"@type":"WebSite","@id":"https:\/\/neylaropadedanza.com\/#website","url":"https:\/\/neylaropadedanza.com\/","name":"NeylaRopaDeDanza","description":"Ropa de Danza del Vientre, danza oriental, trajes, ropa de ensayo y mucho m\u00e1s!","publisher":{"@id":"https:\/\/neylaropadedanza.com\/#organization"},"potentialAction":[{"@type":"SearchAction","target":{"@type":"EntryPoint","urlTemplate":"https:\/\/neylaropadedanza.com\/?s={search_term_string}"},"query-input":{"@type":"PropertyValueSpecification","valueRequired":true,"valueName":"search_term_string"}}],"inLanguage":"fr-FR"},{"@type":"Organization","@id":"https:\/\/neylaropadedanza.com\/#organization","name":"NeylaRopaDeDanza","url":"https:\/\/neylaropadedanza.com\/","logo":{"@type":"ImageObject","inLanguage":"fr-FR","@id":"https:\/\/neylaropadedanza.com\/#\/schema\/logo\/image\/","url":"https:\/\/neylaropadedanza.es\/wp-content\/uploads\/2025\/04\/Neyla-Blanc.webp","contentUrl":"https:\/\/neylaropadedanza.es\/wp-content\/uploads\/2025\/04\/Neyla-Blanc.webp","width":1970,"height":936,"caption":"NeylaRopaDeDanza"},"image":{"@id":"https:\/\/neylaropadedanza.com\/#\/schema\/logo\/image\/"},"sameAs":["https:\/\/www.facebook.com\/neyladancewear\/","https:\/\/www.instagram.com\/neyladancewear\/","https:\/\/www.youtube.com\/channel\/UCKlqrANcZD0QqKXzpy4taWA?view_as=subscriber"]}]}},"_links":{"self":[{"href":"https:\/\/neylaropadedanza.es\/fr\/wp-json\/wp\/v2\/pages\/1394","targetHints":{"allow":["GET"]}}],"collection":[{"href":"https:\/\/neylaropadedanza.es\/fr\/wp-json\/wp\/v2\/pages"}],"about":[{"href":"https:\/\/neylaropadedanza.es\/fr\/wp-json\/wp\/v2\/types\/page"}],"author":[{"embeddable":true,"href":"https:\/\/neylaropadedanza.es\/fr\/wp-json\/wp\/v2\/users\/1"}],"replies":[{"embeddable":true,"href":"https:\/\/neylaropadedanza.es\/fr\/wp-json\/wp\/v2\/comments?post=1394"}],"version-history":[{"count":6,"href":"https:\/\/neylaropadedanza.es\/fr\/wp-json\/wp\/v2\/pages\/1394\/revisions"}],"predecessor-version":[{"id":17318,"href":"https:\/\/neylaropadedanza.es\/fr\/wp-json\/wp\/v2\/pages\/1394\/revisions\/17318"}],"wp:attachment":[{"href":"https:\/\/neylaropadedanza.es\/fr\/wp-json\/wp\/v2\/media?parent=1394"}],"curies":[{"name":"wp","href":"https:\/\/api.w.org\/{rel}","templated":true}]}}