{"id":1382,"date":"2025-04-23T10:49:05","date_gmt":"2025-04-23T10:49:05","guid":{"rendered":"https:\/\/neylaropadedanza.es\/jupes-indiennes\/"},"modified":"2025-05-19T11:41:13","modified_gmt":"2025-05-19T11:41:13","slug":"jupes-indiennes","status":"publish","type":"page","link":"https:\/\/neylaropadedanza.es\/fr\/jupes-indiennes\/","title":{"rendered":"Jupes Indiennes"},"content":{"rendered":"\t\t<div data-elementor-type=\"wp-page\" data-elementor-id=\"1382\" class=\"elementor elementor-1382 elementor-728\" data-elementor-post-type=\"page\">\n\t\t\t\t<div class=\"elementor-element elementor-element-49f8bd39 e-con-full e-flex e-con e-parent\" data-id=\"49f8bd39\" data-element_type=\"container\" data-e-type=\"container\" data-settings=\"{&quot;background_background&quot;:&quot;classic&quot;}\">\n\t\t<div class=\"elementor-element elementor-element-39f1fa01 e-con-full e-flex e-con e-child\" data-id=\"39f1fa01\" data-element_type=\"container\" data-e-type=\"container\" data-settings=\"{&quot;background_background&quot;:&quot;classic&quot;}\">\n\t\t\t\t<div class=\"elementor-element elementor-element-c80db84 elementor-widget elementor-widget-heading\" data-id=\"c80db84\" data-element_type=\"widget\" data-e-type=\"widget\" data-widget_type=\"heading.default\">\n\t\t\t\t<div class=\"elementor-widget-container\">\n\t\t\t\t\t<h1 class=\"elementor-heading-title elementor-size-default\">Jupes Indiennes<\/h1>\t\t\t\t<\/div>\n\t\t\t\t<\/div>\n\t\t\t\t<div class=\"elementor-element elementor-element-7ad3ac4 elementor-widget elementor-widget-heading\" data-id=\"7ad3ac4\" data-element_type=\"widget\" data-e-type=\"widget\" data-widget_type=\"heading.default\">\n\t\t\t\t<div class=\"elementor-widget-container\">\n\t\t\t\t\t<h2 class=\"elementor-heading-title elementor-size-default\">JUPES INDIENNES \u2013 COULEUR ET MOUVEMENT POUR VOTRE DANSE<br>D\u00e9couvrez nos jupes indiennes artisanales, confectionn\u00e9es \u00e0 la main en Inde \u00e0 partir de tissus l\u00e9gers, color\u00e9s et pleins de caract\u00e8re. Ces jupes longues sont en 100 % mousseline de soie, orn\u00e9es de paillettes argent\u00e9es, et disponibles dans une large gamme de couleurs \u00e9clatantes. <br>\nGr\u00e2ce \u00e0 leur taille unique avec ceinture \u00e9lastique et cordons de serrage, elles conviennent confortablement aux tailles 34 \u00e0 42, offrant une grande libert\u00e9 de mouvement et un ajustement parfait.<br>\nId\u00e9ales pour le Bollywood, les danses traditionnelles indiennes ou toute chor\u00e9graphie qui n\u00e9cessite une touche exotique, \u00e9l\u00e9gante et expressive.<br>\nChez Neyla Dancewear, nous s\u00e9lectionnons chaque produit avec soin, en alliant toujours qualit\u00e9, design et prix juste. Trouvez la jupe id\u00e9ale pour sublimer vos mouvements et donner vie et couleur \u00e0 vos prestations. <\/h2>\t\t\t\t<\/div>\n\t\t\t\t<\/div>\n\t\t\t\t<\/div>\n\t\t\t\t<\/div>\n\t\t<div class=\"elementor-element elementor-element-a2897e2 e-con-full e-flex e-con e-parent\" data-id=\"a2897e2\" data-element_type=\"container\" data-e-type=\"container\">\n\t\t\t\t<div class=\"elementor-element elementor-element-930d7a5 elementor-grid-mobile-1 elementor-product-loop-item--align-center elementor-grid-tablet-2 elementor-widget-mobile__width-initial elementor-grid-4 elementor-products-grid elementor-wc-products elementor-widget elementor-widget-woocommerce-products\" data-id=\"930d7a5\" data-element_type=\"widget\" data-e-type=\"widget\" data-widget_type=\"woocommerce-products.default\">\n\t\t\t\t<div class=\"elementor-widget-container\">\n\t\t\t\t\t<div class=\"woocommerce columns-4 \"><div class=\"woocommerce-notices-wrapper\"><\/div><p class=\"woocommerce-result-count\" role=\"alert\" aria-relevant=\"all\" >\n\t3\u00a0r\u00e9sultats affich\u00e9s<\/p>\n<form class=\"woocommerce-ordering\" method=\"get\">\n\t\t<select\n\t\tname=\"orderby\"\n\t\tclass=\"orderby\"\n\t\t\t\t\taria-label=\"Commande\"\n\t\t\t>\n\t\t\t\t\t<option value=\"menu_order\"  selected='selected'>Tri par d\u00e9faut<\/option>\n\t\t\t\t\t<option value=\"popularity\" >Tri par popularit\u00e9<\/option>\n\t\t\t\t\t<option value=\"rating\" >Tri par notes moyennes<\/option>\n\t\t\t\t\t<option value=\"date\" >Tri du plus r\u00e9cent au plus ancien<\/option>\n\t\t\t\t\t<option value=\"price\" >Tri par tarif croissant<\/option>\n\t\t\t\t\t<option value=\"price-desc\" >Tri par tarif d\u00e9croissant<\/option>\n\t\t\t<\/select>\n\t<input type=\"hidden\" name=\"paged\" value=\"1\" \/>\n\t<\/form>\n<ul class=\"products elementor-grid columns-4\">\n<li class=\"add-to-wishlist-after_add_to_cart product type-product post-19228 status-publish first instock product_cat-jupes-indiennes product_tag-bollywood-fr product_tag-danse-bollywood product_tag-danse-du-ventre product_tag-danse-orientale product_tag-india-fr product_tag-jupe product_tag-jupe-indienne product_tag-orange-fr product_tag-paillettes product_tag-turquoise-fr product_tag-vert-pistache product_tag-vetements-dentrainement product_tag-vetements-de-danse-du-ventre-fr has-post-thumbnail sale taxable shipping-taxable purchasable product-type-simple\">\n\t<a href=\"https:\/\/neylaropadedanza.es\/fr\/product\/kinari\/\" class=\"woocommerce-LoopProduct-link woocommerce-loop-product__link\">\n\t<span class=\"onsale\">Promo\u00a0!<\/span>\n\t<img fetchpriority=\"high\" decoding=\"async\" width=\"300\" height=\"300\" src=\"https:\/\/neylaropadedanza.es\/wp-content\/uploads\/2020\/03\/Falda-India-10-300x300.jpg\" class=\"attachment-woocommerce_thumbnail size-woocommerce_thumbnail\" alt=\"Jupe indienne longue en chiffon vert, orange et marron avec broderies artisanales et d\u00e9tails en sequins argent\u00e9s.\" srcset=\"https:\/\/neylaropadedanza.es\/wp-content\/uploads\/2020\/03\/Falda-India-10-300x300.jpg 300w, https:\/\/neylaropadedanza.es\/wp-content\/uploads\/2020\/03\/Falda-India-10-150x150.jpg 150w, https:\/\/neylaropadedanza.es\/wp-content\/uploads\/2020\/03\/Falda-India-10-100x100.jpg 100w\" sizes=\"(max-width: 300px) 100vw, 300px\" \/><h2 class=\"woocommerce-loop-product__title\">Kinari<\/h2>\n\t<span class=\"price\"><del aria-hidden=\"true\"><span class=\"woocommerce-Price-amount amount\"><bdi>19,00<span class=\"woocommerce-Price-currencySymbol\">&euro;<\/span><\/bdi><\/span><\/del> <span class=\"screen-reader-text\">Le prix initial \u00e9tait\u00a0: 19,00&euro;.<\/span><ins aria-hidden=\"true\"><span class=\"woocommerce-Price-amount amount\"><bdi>11,40<span class=\"woocommerce-Price-currencySymbol\">&euro;<\/span><\/bdi><\/span><\/ins><span class=\"screen-reader-text\">Le prix actuel est\u00a0: 11,40&euro;.<\/span> <small class=\"woocommerce-price-suffix\">TVA incluse<\/small><\/span>\n<\/a><a href=\"\/fr\/wp-json\/wp\/v2\/pages\/1382?add-to-cart=19228\" aria-describedby=\"woocommerce_loop_add_to_cart_link_describedby_19228\" data-quantity=\"1\" class=\"button product_type_simple add_to_cart_button ajax_add_to_cart\" data-product_id=\"19228\" data-product_sku=\"F.IND.09\" aria-label=\"Ajouter au panier\u00a0: &ldquo;Kinari&rdquo;\" rel=\"nofollow\" data-success_message=\"\u00ab\u00a0Kinari\u00a0\u00bb a \u00e9t\u00e9 ajout\u00e9 \u00e0 votre panier\" role=\"button\">Ajouter au panier<\/a>\t<span id=\"woocommerce_loop_add_to_cart_link_describedby_19228\" class=\"screen-reader-text\">\n\t\t\t<\/span>\n<div class=\"yith-add-to-wishlist-button-block\" data-product-id=\"19228\" data-attributes=\"{&quot;kind&quot;:&quot;button&quot;}\"><\/div><\/li>\n<li class=\"add-to-wishlist-after_add_to_cart product type-product post-19222 status-publish instock product_cat-jupes-indiennes product_tag-bleu product_tag-bleu-fonce product_tag-bollywood-fr product_tag-danse-bollywood product_tag-danse-du-ventre product_tag-danse-orientale product_tag-dore product_tag-india-fr product_tag-jupe product_tag-jupe-indienne product_tag-paillettes product_tag-vert product_tag-vetements-dentrainement product_tag-vetements-de-danse-du-ventre-fr has-post-thumbnail sale taxable shipping-taxable purchasable product-type-simple\">\n\t<a href=\"https:\/\/neylaropadedanza.es\/fr\/product\/kiran\/\" class=\"woocommerce-LoopProduct-link woocommerce-loop-product__link\">\n\t<span class=\"onsale\">Promo\u00a0!<\/span>\n\t<img decoding=\"async\" width=\"300\" height=\"300\" src=\"https:\/\/neylaropadedanza.es\/wp-content\/uploads\/2020\/03\/Falda-India-21-300x300.jpg\" class=\"attachment-woocommerce_thumbnail size-woocommerce_thumbnail\" alt=\"Jupe longue en mousseline bleu ciel avec broderies bleu fonc\u00e9, vertes et dor\u00e9es et d\u00e9tails en sequins argent\u00e9s.\" srcset=\"https:\/\/neylaropadedanza.es\/wp-content\/uploads\/2020\/03\/Falda-India-21-300x300.jpg 300w, https:\/\/neylaropadedanza.es\/wp-content\/uploads\/2020\/03\/Falda-India-21-150x150.jpg 150w, https:\/\/neylaropadedanza.es\/wp-content\/uploads\/2020\/03\/Falda-India-21-100x100.jpg 100w\" sizes=\"(max-width: 300px) 100vw, 300px\" \/><h2 class=\"woocommerce-loop-product__title\">Kiran<\/h2>\n\t<span class=\"price\"><del aria-hidden=\"true\"><span class=\"woocommerce-Price-amount amount\"><bdi>19,00<span class=\"woocommerce-Price-currencySymbol\">&euro;<\/span><\/bdi><\/span><\/del> <span class=\"screen-reader-text\">Le prix initial \u00e9tait\u00a0: 19,00&euro;.<\/span><ins aria-hidden=\"true\"><span class=\"woocommerce-Price-amount amount\"><bdi>11,40<span class=\"woocommerce-Price-currencySymbol\">&euro;<\/span><\/bdi><\/span><\/ins><span class=\"screen-reader-text\">Le prix actuel est\u00a0: 11,40&euro;.<\/span> <small class=\"woocommerce-price-suffix\">TVA incluse<\/small><\/span>\n<\/a><a href=\"\/fr\/wp-json\/wp\/v2\/pages\/1382?add-to-cart=19222\" aria-describedby=\"woocommerce_loop_add_to_cart_link_describedby_19222\" data-quantity=\"1\" class=\"button product_type_simple add_to_cart_button ajax_add_to_cart\" data-product_id=\"19222\" data-product_sku=\"F.IND.19\" aria-label=\"Ajouter au panier\u00a0: &ldquo;Kiran&rdquo;\" rel=\"nofollow\" data-success_message=\"\u00ab\u00a0Kiran\u00a0\u00bb a \u00e9t\u00e9 ajout\u00e9 \u00e0 votre panier\" role=\"button\">Ajouter au panier<\/a>\t<span id=\"woocommerce_loop_add_to_cart_link_describedby_19222\" class=\"screen-reader-text\">\n\t\t\t<\/span>\n<div class=\"yith-add-to-wishlist-button-block\" data-product-id=\"19222\" data-attributes=\"{&quot;kind&quot;:&quot;button&quot;}\"><\/div><\/li>\n<li class=\"add-to-wishlist-after_add_to_cart product type-product post-19231 status-publish outofstock product_cat-jupes-indiennes product_tag-bollywood-fr product_tag-danse-bollywood product_tag-danse-du-ventre product_tag-danse-orientale product_tag-dore product_tag-india-fr product_tag-jupe product_tag-jupe-indienne product_tag-paillettes product_tag-vert-kaki product_tag-vetements-dentrainement product_tag-vetements-de-danse-du-ventre-fr has-post-thumbnail sale taxable shipping-taxable purchasable product-type-simple\">\n\t<a href=\"https:\/\/neylaropadedanza.es\/fr\/product\/mayanin\/\" class=\"woocommerce-LoopProduct-link woocommerce-loop-product__link\">\n\t<span class=\"onsale\">Promo\u00a0!<\/span>\n\t<img decoding=\"async\" width=\"300\" height=\"300\" src=\"https:\/\/neylaropadedanza.es\/wp-content\/uploads\/2020\/03\/Falda-India-5-300x300.jpg\" class=\"attachment-woocommerce_thumbnail size-woocommerce_thumbnail\" alt=\"Jupe longue en mousseline vert fonc\u00e9 avec broderies traditionnelles et sequins argent\u00e9s.\" srcset=\"https:\/\/neylaropadedanza.es\/wp-content\/uploads\/2020\/03\/Falda-India-5-300x300.jpg 300w, https:\/\/neylaropadedanza.es\/wp-content\/uploads\/2020\/03\/Falda-India-5-150x150.jpg 150w, https:\/\/neylaropadedanza.es\/wp-content\/uploads\/2020\/03\/Falda-India-5-100x100.jpg 100w\" sizes=\"(max-width: 300px) 100vw, 300px\" \/><h2 class=\"woocommerce-loop-product__title\">Mayanin<\/h2>\n\t<span class=\"price\"><del aria-hidden=\"true\"><span class=\"woocommerce-Price-amount amount\"><bdi>19,00<span class=\"woocommerce-Price-currencySymbol\">&euro;<\/span><\/bdi><\/span><\/del> <span class=\"screen-reader-text\">Le prix initial \u00e9tait\u00a0: 19,00&euro;.<\/span><ins aria-hidden=\"true\"><span class=\"woocommerce-Price-amount amount\"><bdi>11,40<span class=\"woocommerce-Price-currencySymbol\">&euro;<\/span><\/bdi><\/span><\/ins><span class=\"screen-reader-text\">Le prix actuel est\u00a0: 11,40&euro;.<\/span> <small class=\"woocommerce-price-suffix\">TVA incluse<\/small><\/span>\n<\/a><a href=\"https:\/\/neylaropadedanza.es\/fr\/product\/mayanin\/\" aria-describedby=\"woocommerce_loop_add_to_cart_link_describedby_19231\" data-quantity=\"1\" class=\"button product_type_simple\" data-product_id=\"19231\" data-product_sku=\"F.IND.04\" aria-label=\"En savoir plus sur &ldquo;Mayanin&rdquo;\" rel=\"nofollow\" data-success_message=\"\">Lire la suite<\/a>\t<span id=\"woocommerce_loop_add_to_cart_link_describedby_19231\" class=\"screen-reader-text\">\n\t\t\t<\/span>\n<div class=\"yith-add-to-wishlist-button-block\" data-product-id=\"19231\" data-attributes=\"{&quot;kind&quot;:&quot;button&quot;}\"><\/div><\/li>\n<\/ul>\n<\/div>\t\t\t\t<\/div>\n\t\t\t\t<\/div>\n\t\t\t\t<\/div>\n\t\t\t\t<\/div>\n\t\t","protected":false},"excerpt":{"rendered":"<p>Jupes Indiennes JUPES INDIENNES \u2013 COULEUR ET MOUVEMENT POUR VOTRE DANSED\u00e9couvrez nos jupes indiennes artisanales, confectionn\u00e9es \u00e0 la main en Inde \u00e0 partir de tissus l\u00e9gers, color\u00e9s et pleins de caract\u00e8re. Ces jupes longues sont en 100 % mousseline de soie, orn\u00e9es de paillettes argent\u00e9es, et disponibles dans une large gamme de couleurs \u00e9clatantes. Gr\u00e2ce [&hellip;]<\/p>\n","protected":false},"author":1,"featured_media":0,"parent":0,"menu_order":0,"comment_status":"closed","ping_status":"closed","template":"elementor_header_footer","meta":{"content-type":"","_monsterinsights_skip_tracking":false,"_monsterinsights_sitenote_active":false,"_monsterinsights_sitenote_note":"","_monsterinsights_sitenote_category":0,"_uf_show_specific_survey":0,"_uf_disable_surveys":false,"footnotes":""},"class_list":["post-1382","page","type-page","status-publish","hentry"],"yoast_head":"<!-- This site is optimized with the Yoast SEO plugin v27.4 - https:\/\/yoast.com\/product\/yoast-seo-wordpress\/ -->\n<title>Jupes Indiennes - Neyla Dancewear<\/title>\n<meta name=\"robots\" content=\"index, follow, max-snippet:-1, max-image-preview:large, max-video-preview:-1\" \/>\n<link rel=\"canonical\" href=\"https:\/\/neylaropadedanza.es\/fr\/jupes-indiennes\/\" \/>\n<meta property=\"og:locale\" content=\"fr_FR\" \/>\n<meta property=\"og:type\" content=\"article\" \/>\n<meta property=\"og:title\" content=\"Jupes Indiennes - Neyla Dancewear\" \/>\n<meta property=\"og:description\" content=\"Jupes Indiennes JUPES INDIENNES \u2013 COULEUR ET MOUVEMENT POUR VOTRE DANSED\u00e9couvrez nos jupes indiennes artisanales, confectionn\u00e9es \u00e0 la main en Inde \u00e0 partir de tissus l\u00e9gers, color\u00e9s et pleins de caract\u00e8re. Ces jupes longues sont en 100 % mousseline de soie, orn\u00e9es de paillettes argent\u00e9es, et disponibles dans une large gamme de couleurs \u00e9clatantes. Gr\u00e2ce [&hellip;]\" \/>\n<meta property=\"og:url\" content=\"https:\/\/neylaropadedanza.es\/fr\/jupes-indiennes\/\" \/>\n<meta property=\"og:site_name\" content=\"Neyla Dancewear\" \/>\n<meta property=\"article:publisher\" content=\"https:\/\/www.facebook.com\/neyladancewear\/\" \/>\n<meta property=\"article:modified_time\" content=\"2025-05-19T11:41:13+00:00\" \/>\n<meta name=\"twitter:card\" content=\"summary_large_image\" \/>\n<meta name=\"twitter:label1\" content=\"Dur\u00e9e de lecture estim\u00e9e\" \/>\n\t<meta name=\"twitter:data1\" content=\"1 minute\" \/>\n<script type=\"application\/ld+json\" class=\"yoast-schema-graph\">{\"@context\":\"https:\\\/\\\/schema.org\",\"@graph\":[{\"@type\":\"WebPage\",\"@id\":\"https:\\\/\\\/neylaropadedanza.es\\\/fr\\\/jupes-indiennes\\\/\",\"url\":\"https:\\\/\\\/neylaropadedanza.es\\\/fr\\\/jupes-indiennes\\\/\",\"name\":\"Jupes Indiennes - Neyla Dancewear\",\"isPartOf\":{\"@id\":\"https:\\\/\\\/neylaropadedanza.com\\\/#website\"},\"datePublished\":\"2025-04-23T10:49:05+00:00\",\"dateModified\":\"2025-05-19T11:41:13+00:00\",\"breadcrumb\":{\"@id\":\"https:\\\/\\\/neylaropadedanza.es\\\/fr\\\/jupes-indiennes\\\/#breadcrumb\"},\"inLanguage\":\"fr-FR\",\"potentialAction\":[{\"@type\":\"ReadAction\",\"target\":[\"https:\\\/\\\/neylaropadedanza.es\\\/fr\\\/jupes-indiennes\\\/\"]}]},{\"@type\":\"BreadcrumbList\",\"@id\":\"https:\\\/\\\/neylaropadedanza.es\\\/fr\\\/jupes-indiennes\\\/#breadcrumb\",\"itemListElement\":[{\"@type\":\"ListItem\",\"position\":1,\"name\":\"Home\",\"item\":\"https:\\\/\\\/neylaropadedanza.es\\\/fr\\\/\"},{\"@type\":\"ListItem\",\"position\":2,\"name\":\"Jupes Indiennes\"}]},{\"@type\":\"WebSite\",\"@id\":\"https:\\\/\\\/neylaropadedanza.com\\\/#website\",\"url\":\"https:\\\/\\\/neylaropadedanza.com\\\/\",\"name\":\"NeylaRopaDeDanza\",\"description\":\"Ropa de Danza del Vientre, danza oriental, trajes, ropa de ensayo y mucho m\u00e1s!\",\"publisher\":{\"@id\":\"https:\\\/\\\/neylaropadedanza.com\\\/#organization\"},\"potentialAction\":[{\"@type\":\"SearchAction\",\"target\":{\"@type\":\"EntryPoint\",\"urlTemplate\":\"https:\\\/\\\/neylaropadedanza.com\\\/?s={search_term_string}\"},\"query-input\":{\"@type\":\"PropertyValueSpecification\",\"valueRequired\":true,\"valueName\":\"search_term_string\"}}],\"inLanguage\":\"fr-FR\"},{\"@type\":\"Organization\",\"@id\":\"https:\\\/\\\/neylaropadedanza.com\\\/#organization\",\"name\":\"NeylaRopaDeDanza\",\"url\":\"https:\\\/\\\/neylaropadedanza.com\\\/\",\"logo\":{\"@type\":\"ImageObject\",\"inLanguage\":\"fr-FR\",\"@id\":\"https:\\\/\\\/neylaropadedanza.com\\\/#\\\/schema\\\/logo\\\/image\\\/\",\"url\":\"https:\\\/\\\/neylaropadedanza.es\\\/wp-content\\\/uploads\\\/2025\\\/04\\\/Neyla-Blanc.webp\",\"contentUrl\":\"https:\\\/\\\/neylaropadedanza.es\\\/wp-content\\\/uploads\\\/2025\\\/04\\\/Neyla-Blanc.webp\",\"width\":1970,\"height\":936,\"caption\":\"NeylaRopaDeDanza\"},\"image\":{\"@id\":\"https:\\\/\\\/neylaropadedanza.com\\\/#\\\/schema\\\/logo\\\/image\\\/\"},\"sameAs\":[\"https:\\\/\\\/www.facebook.com\\\/neyladancewear\\\/\",\"https:\\\/\\\/www.instagram.com\\\/neyladancewear\\\/\",\"https:\\\/\\\/www.youtube.com\\\/channel\\\/UCKlqrANcZD0QqKXzpy4taWA?view_as=subscriber\"]}]}<\/script>\n<!-- \/ Yoast SEO plugin. -->","yoast_head_json":{"title":"Jupes Indiennes - Neyla Dancewear","robots":{"index":"index","follow":"follow","max-snippet":"max-snippet:-1","max-image-preview":"max-image-preview:large","max-video-preview":"max-video-preview:-1"},"canonical":"https:\/\/neylaropadedanza.es\/fr\/jupes-indiennes\/","og_locale":"fr_FR","og_type":"article","og_title":"Jupes Indiennes - Neyla Dancewear","og_description":"Jupes Indiennes JUPES INDIENNES \u2013 COULEUR ET MOUVEMENT POUR VOTRE DANSED\u00e9couvrez nos jupes indiennes artisanales, confectionn\u00e9es \u00e0 la main en Inde \u00e0 partir de tissus l\u00e9gers, color\u00e9s et pleins de caract\u00e8re. Ces jupes longues sont en 100 % mousseline de soie, orn\u00e9es de paillettes argent\u00e9es, et disponibles dans une large gamme de couleurs \u00e9clatantes. Gr\u00e2ce [&hellip;]","og_url":"https:\/\/neylaropadedanza.es\/fr\/jupes-indiennes\/","og_site_name":"Neyla Dancewear","article_publisher":"https:\/\/www.facebook.com\/neyladancewear\/","article_modified_time":"2025-05-19T11:41:13+00:00","twitter_card":"summary_large_image","twitter_misc":{"Dur\u00e9e de lecture estim\u00e9e":"1 minute"},"schema":{"@context":"https:\/\/schema.org","@graph":[{"@type":"WebPage","@id":"https:\/\/neylaropadedanza.es\/fr\/jupes-indiennes\/","url":"https:\/\/neylaropadedanza.es\/fr\/jupes-indiennes\/","name":"Jupes Indiennes - Neyla Dancewear","isPartOf":{"@id":"https:\/\/neylaropadedanza.com\/#website"},"datePublished":"2025-04-23T10:49:05+00:00","dateModified":"2025-05-19T11:41:13+00:00","breadcrumb":{"@id":"https:\/\/neylaropadedanza.es\/fr\/jupes-indiennes\/#breadcrumb"},"inLanguage":"fr-FR","potentialAction":[{"@type":"ReadAction","target":["https:\/\/neylaropadedanza.es\/fr\/jupes-indiennes\/"]}]},{"@type":"BreadcrumbList","@id":"https:\/\/neylaropadedanza.es\/fr\/jupes-indiennes\/#breadcrumb","itemListElement":[{"@type":"ListItem","position":1,"name":"Home","item":"https:\/\/neylaropadedanza.es\/fr\/"},{"@type":"ListItem","position":2,"name":"Jupes Indiennes"}]},{"@type":"WebSite","@id":"https:\/\/neylaropadedanza.com\/#website","url":"https:\/\/neylaropadedanza.com\/","name":"NeylaRopaDeDanza","description":"Ropa de Danza del Vientre, danza oriental, trajes, ropa de ensayo y mucho m\u00e1s!","publisher":{"@id":"https:\/\/neylaropadedanza.com\/#organization"},"potentialAction":[{"@type":"SearchAction","target":{"@type":"EntryPoint","urlTemplate":"https:\/\/neylaropadedanza.com\/?s={search_term_string}"},"query-input":{"@type":"PropertyValueSpecification","valueRequired":true,"valueName":"search_term_string"}}],"inLanguage":"fr-FR"},{"@type":"Organization","@id":"https:\/\/neylaropadedanza.com\/#organization","name":"NeylaRopaDeDanza","url":"https:\/\/neylaropadedanza.com\/","logo":{"@type":"ImageObject","inLanguage":"fr-FR","@id":"https:\/\/neylaropadedanza.com\/#\/schema\/logo\/image\/","url":"https:\/\/neylaropadedanza.es\/wp-content\/uploads\/2025\/04\/Neyla-Blanc.webp","contentUrl":"https:\/\/neylaropadedanza.es\/wp-content\/uploads\/2025\/04\/Neyla-Blanc.webp","width":1970,"height":936,"caption":"NeylaRopaDeDanza"},"image":{"@id":"https:\/\/neylaropadedanza.com\/#\/schema\/logo\/image\/"},"sameAs":["https:\/\/www.facebook.com\/neyladancewear\/","https:\/\/www.instagram.com\/neyladancewear\/","https:\/\/www.youtube.com\/channel\/UCKlqrANcZD0QqKXzpy4taWA?view_as=subscriber"]}]}},"_links":{"self":[{"href":"https:\/\/neylaropadedanza.es\/fr\/wp-json\/wp\/v2\/pages\/1382","targetHints":{"allow":["GET"]}}],"collection":[{"href":"https:\/\/neylaropadedanza.es\/fr\/wp-json\/wp\/v2\/pages"}],"about":[{"href":"https:\/\/neylaropadedanza.es\/fr\/wp-json\/wp\/v2\/types\/page"}],"author":[{"embeddable":true,"href":"https:\/\/neylaropadedanza.es\/fr\/wp-json\/wp\/v2\/users\/1"}],"replies":[{"embeddable":true,"href":"https:\/\/neylaropadedanza.es\/fr\/wp-json\/wp\/v2\/comments?post=1382"}],"version-history":[{"count":5,"href":"https:\/\/neylaropadedanza.es\/fr\/wp-json\/wp\/v2\/pages\/1382\/revisions"}],"predecessor-version":[{"id":17373,"href":"https:\/\/neylaropadedanza.es\/fr\/wp-json\/wp\/v2\/pages\/1382\/revisions\/17373"}],"wp:attachment":[{"href":"https:\/\/neylaropadedanza.es\/fr\/wp-json\/wp\/v2\/media?parent=1382"}],"curies":[{"name":"wp","href":"https:\/\/api.w.org\/{rel}","templated":true}]}}