{"id":1373,"date":"2025-04-23T10:15:31","date_gmt":"2025-04-23T10:15:31","guid":{"rendered":"https:\/\/neylaropadedanza.es\/voiles-en-soie\/"},"modified":"2025-05-19T11:39:50","modified_gmt":"2025-05-19T11:39:50","slug":"voiles-en-soie","status":"publish","type":"page","link":"https:\/\/neylaropadedanza.es\/fr\/voiles-en-soie\/","title":{"rendered":"Voiles en Soie"},"content":{"rendered":"\t\t<div data-elementor-type=\"wp-page\" data-elementor-id=\"1373\" class=\"elementor elementor-1373 elementor-666\" data-elementor-post-type=\"page\">\n\t\t\t\t<div class=\"elementor-element elementor-element-49f8bd39 e-con-full e-flex e-con e-parent\" data-id=\"49f8bd39\" data-element_type=\"container\" data-e-type=\"container\" data-settings=\"{&quot;background_background&quot;:&quot;classic&quot;}\">\n\t\t<div class=\"elementor-element elementor-element-39f1fa01 e-con-full e-flex e-con e-child\" data-id=\"39f1fa01\" data-element_type=\"container\" data-e-type=\"container\" data-settings=\"{&quot;background_background&quot;:&quot;classic&quot;}\">\n\t\t\t\t<div class=\"elementor-element elementor-element-c80db84 elementor-widget elementor-widget-heading\" data-id=\"c80db84\" data-element_type=\"widget\" data-e-type=\"widget\" data-widget_type=\"heading.default\">\n\t\t\t\t<div class=\"elementor-widget-container\">\n\t\t\t\t\t<h1 class=\"elementor-heading-title elementor-size-default\">VOILES EN SOIE<\/h1>\t\t\t\t<\/div>\n\t\t\t\t<\/div>\n\t\t\t\t<div class=\"elementor-element elementor-element-7ad3ac4 elementor-widget elementor-widget-heading\" data-id=\"7ad3ac4\" data-element_type=\"widget\" data-e-type=\"widget\" data-widget_type=\"heading.default\">\n\t\t\t\t<div class=\"elementor-widget-container\">\n\t\t\t\t\t<h2 class=\"elementor-heading-title elementor-size-default\">VOILES EN SOIE \u2013 QUALIT\u00c9 EXCEPTIONNELLE POUR VOTRE DANSE<br>Chez Neyla Ropa de Danza, nous s\u00e9lectionnons avec soin nos voiles en soie naturelle 100% afin de vous garantir la meilleure qualit\u00e9 au meilleur prix. Chaque voile est choisi pour sa texture, sa l\u00e9g\u00e8ret\u00e9 et son \u00e9l\u00e9gance en mouvement, en faisant l\u2019accessoire id\u00e9al pour vos performances de danse orientale, tribale ou fusion.<br>\nNous proposons une large gamme de couleurs, de motifs et de finitions pour r\u00e9pondre \u00e0 tous les styles. Et si vous ne trouvez pas ce que vous recherchez, n\u2019h\u00e9sitez pas \u00e0 nous contacter ! Nous r\u00e9alisons \u00e9galement des commandes personnalis\u00e9es.<br>\n\ud83d\udc83 Remises sp\u00e9ciales pour les groupes :<br>\nQuantit\u00e9 de voiles Remise appliqu\u00e9e<br>De 5 \u00e0 9 voiles -5%<br>De 10 \u00e0 19 voiles -10%<br>Plus de 20 voiles -15%<br>Vous recherchez une couleur sp\u00e9cifique, un mod\u00e8le particulier ou une commande pour votre groupe ?<br>\u00c9crivez-nous \u00e0 atencionalcliente@neylaropadedanza.es ou via notre formulaire de contact, et nous vous proposerons des options sur mesure.\n\n\ud83c\udf80 Chez Neyla, votre style et votre expression artistique sont notre priorit\u00e9.<\/h2>\t\t\t\t<\/div>\n\t\t\t\t<\/div>\n\t\t\t\t<\/div>\n\t\t\t\t<\/div>\n\t\t<div class=\"elementor-element elementor-element-a2897e2 e-con-full e-flex e-con e-parent\" data-id=\"a2897e2\" data-element_type=\"container\" data-e-type=\"container\">\n\t\t\t\t<div class=\"elementor-element elementor-element-930d7a5 elementor-grid-mobile-1 elementor-product-loop-item--align-center elementor-grid-tablet-2 elementor-widget-mobile__width-initial elementor-grid-4 elementor-products-grid elementor-wc-products elementor-widget elementor-widget-woocommerce-products\" data-id=\"930d7a5\" data-element_type=\"widget\" data-e-type=\"widget\" data-widget_type=\"woocommerce-products.default\">\n\t\t\t\t<div class=\"elementor-widget-container\">\n\t\t\t\t\t<div class=\"woocommerce columns-4 \"><div class=\"woocommerce-notices-wrapper\"><\/div><p class=\"woocommerce-result-count\" role=\"alert\" aria-relevant=\"all\" >\n\t2\u00a0r\u00e9sultats affich\u00e9s<\/p>\n<form class=\"woocommerce-ordering\" method=\"get\">\n\t\t<select\n\t\tname=\"orderby\"\n\t\tclass=\"orderby\"\n\t\t\t\t\taria-label=\"Commande\"\n\t\t\t>\n\t\t\t\t\t<option value=\"menu_order\"  selected='selected'>Tri par d\u00e9faut<\/option>\n\t\t\t\t\t<option value=\"popularity\" >Tri par popularit\u00e9<\/option>\n\t\t\t\t\t<option value=\"rating\" >Tri par notes moyennes<\/option>\n\t\t\t\t\t<option value=\"date\" >Tri du plus r\u00e9cent au plus ancien<\/option>\n\t\t\t\t\t<option value=\"price\" >Tri par tarif croissant<\/option>\n\t\t\t\t\t<option value=\"price-desc\" >Tri par tarif d\u00e9croissant<\/option>\n\t\t\t<\/select>\n\t<input type=\"hidden\" name=\"paged\" value=\"1\" \/>\n\t<\/form>\n<ul class=\"products elementor-grid columns-4\">\n<li class=\"add-to-wishlist-after_add_to_cart product type-product post-19417 status-publish first instock product_cat-accessoires product_cat-voiles-en-soie product_tag-accessoires-de-danse-du-ventre product_tag-arc-en-ciel product_tag-bleu product_tag-danse-du-ventre product_tag-element-fr product_tag-elements-de-danse-du-ventre product_tag-jaune product_tag-lilas product_tag-neyla-dancewear-fr product_tag-rouge product_tag-soie product_tag-vert product_tag-voile product_tag-voile-en-soie has-post-thumbnail sale taxable shipping-taxable purchasable product-type-simple\">\n\t<a href=\"https:\/\/neylaropadedanza.es\/fr\/product\/voile-en-soie-arc-en-ciel\/\" class=\"woocommerce-LoopProduct-link woocommerce-loop-product__link\">\n\t<span class=\"onsale\">Promo\u00a0!<\/span>\n\t<img fetchpriority=\"high\" decoding=\"async\" width=\"300\" height=\"300\" src=\"https:\/\/neylaropadedanza.es\/wp-content\/uploads\/2018\/03\/P3030753-300x300.jpg\" class=\"attachment-woocommerce_thumbnail size-woocommerce_thumbnail\" alt=\"Voile en soie arc-en-ciel pour danse du ventre et danse orientale.\" srcset=\"https:\/\/neylaropadedanza.es\/wp-content\/uploads\/2018\/03\/P3030753-300x300.jpg 300w, https:\/\/neylaropadedanza.es\/wp-content\/uploads\/2018\/03\/P3030753-150x150.jpg 150w, https:\/\/neylaropadedanza.es\/wp-content\/uploads\/2018\/03\/P3030753-100x100.jpg 100w\" sizes=\"(max-width: 300px) 100vw, 300px\" \/><h2 class=\"woocommerce-loop-product__title\">Voile en soie arc-en-ciel<\/h2>\n\t<span class=\"price\"><del aria-hidden=\"true\"><span class=\"woocommerce-Price-amount amount\"><bdi>31,00<span class=\"woocommerce-Price-currencySymbol\">&euro;<\/span><\/bdi><\/span><\/del> <span class=\"screen-reader-text\">Le prix initial \u00e9tait\u00a0: 31,00&euro;.<\/span><ins aria-hidden=\"true\"><span class=\"woocommerce-Price-amount amount\"><bdi>18,60<span class=\"woocommerce-Price-currencySymbol\">&euro;<\/span><\/bdi><\/span><\/ins><span class=\"screen-reader-text\">Le prix actuel est\u00a0: 18,60&euro;.<\/span> <small class=\"woocommerce-price-suffix\">TVA incluse<\/small><\/span>\n<\/a><a href=\"\/fr\/wp-json\/wp\/v2\/pages\/1373?add-to-cart=19417\" aria-describedby=\"woocommerce_loop_add_to_cart_link_describedby_19417\" data-quantity=\"1\" class=\"button product_type_simple add_to_cart_button ajax_add_to_cart\" data-product_id=\"19417\" data-product_sku=\"086\" aria-label=\"Ajouter au panier\u00a0: &ldquo;Voile en soie arc-en-ciel&rdquo;\" rel=\"nofollow\" data-success_message=\"\u00ab\u00a0Voile en soie arc-en-ciel\u00a0\u00bb a \u00e9t\u00e9 ajout\u00e9 \u00e0 votre panier\" role=\"button\">Ajouter au panier<\/a>\t<span id=\"woocommerce_loop_add_to_cart_link_describedby_19417\" class=\"screen-reader-text\">\n\t\t\t<\/span>\n<div class=\"yith-add-to-wishlist-button-block\" data-product-id=\"19417\" data-attributes=\"{&quot;kind&quot;:&quot;button&quot;}\"><\/div><\/li>\n<li class=\"add-to-wishlist-after_add_to_cart product type-product post-19410 status-publish outofstock product_cat-accessoires product_cat-voiles-en-soie product_tag-blanc product_tag-degrade product_tag-lilas product_tag-neyla-dancewear-fr product_tag-soie product_tag-voile has-post-thumbnail sale taxable shipping-taxable purchasable product-type-simple\">\n\t<a href=\"https:\/\/neylaropadedanza.es\/fr\/product\/voile-en-soie-degrade-aux-tons-violets\/\" class=\"woocommerce-LoopProduct-link woocommerce-loop-product__link\">\n\t<span class=\"onsale\">Promo\u00a0!<\/span>\n\t<img decoding=\"async\" width=\"300\" height=\"300\" src=\"https:\/\/neylaropadedanza.es\/wp-content\/uploads\/2018\/03\/P3030741-300x300.jpg\" class=\"attachment-woocommerce_thumbnail size-woocommerce_thumbnail\" alt=\"Voile en soie d\u00e9grad\u00e9 violet pour danse du ventre et danse orientale.\" srcset=\"https:\/\/neylaropadedanza.es\/wp-content\/uploads\/2018\/03\/P3030741-300x300.jpg 300w, https:\/\/neylaropadedanza.es\/wp-content\/uploads\/2018\/03\/P3030741-150x150.jpg 150w, https:\/\/neylaropadedanza.es\/wp-content\/uploads\/2018\/03\/P3030741-100x100.jpg 100w\" sizes=\"(max-width: 300px) 100vw, 300px\" \/><h2 class=\"woocommerce-loop-product__title\">Voile en soie d\u00e9grad\u00e9 aux tons violets<\/h2>\n\t<span class=\"price\"><del aria-hidden=\"true\"><span class=\"woocommerce-Price-amount amount\"><bdi>31,00<span class=\"woocommerce-Price-currencySymbol\">&euro;<\/span><\/bdi><\/span><\/del> <span class=\"screen-reader-text\">Le prix initial \u00e9tait\u00a0: 31,00&euro;.<\/span><ins aria-hidden=\"true\"><span class=\"woocommerce-Price-amount amount\"><bdi>18,60<span class=\"woocommerce-Price-currencySymbol\">&euro;<\/span><\/bdi><\/span><\/ins><span class=\"screen-reader-text\">Le prix actuel est\u00a0: 18,60&euro;.<\/span> <small class=\"woocommerce-price-suffix\">TVA incluse<\/small><\/span>\n<\/a><a href=\"https:\/\/neylaropadedanza.es\/fr\/product\/voile-en-soie-degrade-aux-tons-violets\/\" aria-describedby=\"woocommerce_loop_add_to_cart_link_describedby_19410\" data-quantity=\"1\" class=\"button product_type_simple\" data-product_id=\"19410\" data-product_sku=\"088\" aria-label=\"En savoir plus sur &ldquo;Voile en soie d\u00e9grad\u00e9 aux tons violets&rdquo;\" rel=\"nofollow\" data-success_message=\"\">Lire la suite<\/a>\t<span id=\"woocommerce_loop_add_to_cart_link_describedby_19410\" class=\"screen-reader-text\">\n\t\t\t<\/span>\n<div class=\"yith-add-to-wishlist-button-block\" data-product-id=\"19410\" data-attributes=\"{&quot;kind&quot;:&quot;button&quot;}\"><\/div><\/li>\n<\/ul>\n<\/div>\t\t\t\t<\/div>\n\t\t\t\t<\/div>\n\t\t\t\t<\/div>\n\t\t\t\t<\/div>\n\t\t","protected":false},"excerpt":{"rendered":"<p>VOILES EN SOIE VOILES EN SOIE \u2013 QUALIT\u00c9 EXCEPTIONNELLE POUR VOTRE DANSEChez Neyla Ropa de Danza, nous s\u00e9lectionnons avec soin nos voiles en soie naturelle 100% afin de vous garantir la meilleure qualit\u00e9 au meilleur prix. Chaque voile est choisi pour sa texture, sa l\u00e9g\u00e8ret\u00e9 et son \u00e9l\u00e9gance en mouvement, en faisant l\u2019accessoire id\u00e9al pour [&hellip;]<\/p>\n","protected":false},"author":1,"featured_media":0,"parent":0,"menu_order":0,"comment_status":"closed","ping_status":"closed","template":"elementor_header_footer","meta":{"content-type":"","_monsterinsights_skip_tracking":false,"_monsterinsights_sitenote_active":false,"_monsterinsights_sitenote_note":"","_monsterinsights_sitenote_category":0,"_uf_show_specific_survey":0,"_uf_disable_surveys":false,"footnotes":""},"class_list":["post-1373","page","type-page","status-publish","hentry"],"yoast_head":"<!-- This site is optimized with the Yoast SEO plugin v27.4 - https:\/\/yoast.com\/product\/yoast-seo-wordpress\/ -->\n<title>Voiles en Soie - Neyla Dancewear<\/title>\n<meta name=\"robots\" content=\"index, follow, max-snippet:-1, max-image-preview:large, max-video-preview:-1\" \/>\n<link rel=\"canonical\" href=\"https:\/\/neylaropadedanza.es\/fr\/voiles-en-soie\/\" \/>\n<meta property=\"og:locale\" content=\"fr_FR\" \/>\n<meta property=\"og:type\" content=\"article\" \/>\n<meta property=\"og:title\" content=\"Voiles en Soie - Neyla Dancewear\" \/>\n<meta property=\"og:description\" content=\"VOILES EN SOIE VOILES EN SOIE \u2013 QUALIT\u00c9 EXCEPTIONNELLE POUR VOTRE DANSEChez Neyla Ropa de Danza, nous s\u00e9lectionnons avec soin nos voiles en soie naturelle 100% afin de vous garantir la meilleure qualit\u00e9 au meilleur prix. Chaque voile est choisi pour sa texture, sa l\u00e9g\u00e8ret\u00e9 et son \u00e9l\u00e9gance en mouvement, en faisant l\u2019accessoire id\u00e9al pour [&hellip;]\" \/>\n<meta property=\"og:url\" content=\"https:\/\/neylaropadedanza.es\/fr\/voiles-en-soie\/\" \/>\n<meta property=\"og:site_name\" content=\"Neyla Dancewear\" \/>\n<meta property=\"article:publisher\" content=\"https:\/\/www.facebook.com\/neyladancewear\/\" \/>\n<meta property=\"article:modified_time\" content=\"2025-05-19T11:39:50+00:00\" \/>\n<meta name=\"twitter:card\" content=\"summary_large_image\" \/>\n<meta name=\"twitter:label1\" content=\"Dur\u00e9e de lecture estim\u00e9e\" \/>\n\t<meta name=\"twitter:data1\" content=\"1 minute\" \/>\n<script type=\"application\/ld+json\" class=\"yoast-schema-graph\">{\"@context\":\"https:\\\/\\\/schema.org\",\"@graph\":[{\"@type\":\"WebPage\",\"@id\":\"https:\\\/\\\/neylaropadedanza.es\\\/fr\\\/voiles-en-soie\\\/\",\"url\":\"https:\\\/\\\/neylaropadedanza.es\\\/fr\\\/voiles-en-soie\\\/\",\"name\":\"Voiles en Soie - Neyla Dancewear\",\"isPartOf\":{\"@id\":\"https:\\\/\\\/neylaropadedanza.com\\\/#website\"},\"datePublished\":\"2025-04-23T10:15:31+00:00\",\"dateModified\":\"2025-05-19T11:39:50+00:00\",\"breadcrumb\":{\"@id\":\"https:\\\/\\\/neylaropadedanza.es\\\/fr\\\/voiles-en-soie\\\/#breadcrumb\"},\"inLanguage\":\"fr-FR\",\"potentialAction\":[{\"@type\":\"ReadAction\",\"target\":[\"https:\\\/\\\/neylaropadedanza.es\\\/fr\\\/voiles-en-soie\\\/\"]}]},{\"@type\":\"BreadcrumbList\",\"@id\":\"https:\\\/\\\/neylaropadedanza.es\\\/fr\\\/voiles-en-soie\\\/#breadcrumb\",\"itemListElement\":[{\"@type\":\"ListItem\",\"position\":1,\"name\":\"Home\",\"item\":\"https:\\\/\\\/neylaropadedanza.es\\\/fr\\\/\"},{\"@type\":\"ListItem\",\"position\":2,\"name\":\"Voiles en Soie\"}]},{\"@type\":\"WebSite\",\"@id\":\"https:\\\/\\\/neylaropadedanza.com\\\/#website\",\"url\":\"https:\\\/\\\/neylaropadedanza.com\\\/\",\"name\":\"NeylaRopaDeDanza\",\"description\":\"Ropa de Danza del Vientre, danza oriental, trajes, ropa de ensayo y mucho m\u00e1s!\",\"publisher\":{\"@id\":\"https:\\\/\\\/neylaropadedanza.com\\\/#organization\"},\"potentialAction\":[{\"@type\":\"SearchAction\",\"target\":{\"@type\":\"EntryPoint\",\"urlTemplate\":\"https:\\\/\\\/neylaropadedanza.com\\\/?s={search_term_string}\"},\"query-input\":{\"@type\":\"PropertyValueSpecification\",\"valueRequired\":true,\"valueName\":\"search_term_string\"}}],\"inLanguage\":\"fr-FR\"},{\"@type\":\"Organization\",\"@id\":\"https:\\\/\\\/neylaropadedanza.com\\\/#organization\",\"name\":\"NeylaRopaDeDanza\",\"url\":\"https:\\\/\\\/neylaropadedanza.com\\\/\",\"logo\":{\"@type\":\"ImageObject\",\"inLanguage\":\"fr-FR\",\"@id\":\"https:\\\/\\\/neylaropadedanza.com\\\/#\\\/schema\\\/logo\\\/image\\\/\",\"url\":\"https:\\\/\\\/neylaropadedanza.es\\\/wp-content\\\/uploads\\\/2025\\\/04\\\/Neyla-Blanc.webp\",\"contentUrl\":\"https:\\\/\\\/neylaropadedanza.es\\\/wp-content\\\/uploads\\\/2025\\\/04\\\/Neyla-Blanc.webp\",\"width\":1970,\"height\":936,\"caption\":\"NeylaRopaDeDanza\"},\"image\":{\"@id\":\"https:\\\/\\\/neylaropadedanza.com\\\/#\\\/schema\\\/logo\\\/image\\\/\"},\"sameAs\":[\"https:\\\/\\\/www.facebook.com\\\/neyladancewear\\\/\",\"https:\\\/\\\/www.instagram.com\\\/neyladancewear\\\/\",\"https:\\\/\\\/www.youtube.com\\\/channel\\\/UCKlqrANcZD0QqKXzpy4taWA?view_as=subscriber\"]}]}<\/script>\n<!-- \/ Yoast SEO plugin. -->","yoast_head_json":{"title":"Voiles en Soie - Neyla Dancewear","robots":{"index":"index","follow":"follow","max-snippet":"max-snippet:-1","max-image-preview":"max-image-preview:large","max-video-preview":"max-video-preview:-1"},"canonical":"https:\/\/neylaropadedanza.es\/fr\/voiles-en-soie\/","og_locale":"fr_FR","og_type":"article","og_title":"Voiles en Soie - Neyla Dancewear","og_description":"VOILES EN SOIE VOILES EN SOIE \u2013 QUALIT\u00c9 EXCEPTIONNELLE POUR VOTRE DANSEChez Neyla Ropa de Danza, nous s\u00e9lectionnons avec soin nos voiles en soie naturelle 100% afin de vous garantir la meilleure qualit\u00e9 au meilleur prix. Chaque voile est choisi pour sa texture, sa l\u00e9g\u00e8ret\u00e9 et son \u00e9l\u00e9gance en mouvement, en faisant l\u2019accessoire id\u00e9al pour [&hellip;]","og_url":"https:\/\/neylaropadedanza.es\/fr\/voiles-en-soie\/","og_site_name":"Neyla Dancewear","article_publisher":"https:\/\/www.facebook.com\/neyladancewear\/","article_modified_time":"2025-05-19T11:39:50+00:00","twitter_card":"summary_large_image","twitter_misc":{"Dur\u00e9e de lecture estim\u00e9e":"1 minute"},"schema":{"@context":"https:\/\/schema.org","@graph":[{"@type":"WebPage","@id":"https:\/\/neylaropadedanza.es\/fr\/voiles-en-soie\/","url":"https:\/\/neylaropadedanza.es\/fr\/voiles-en-soie\/","name":"Voiles en Soie - Neyla Dancewear","isPartOf":{"@id":"https:\/\/neylaropadedanza.com\/#website"},"datePublished":"2025-04-23T10:15:31+00:00","dateModified":"2025-05-19T11:39:50+00:00","breadcrumb":{"@id":"https:\/\/neylaropadedanza.es\/fr\/voiles-en-soie\/#breadcrumb"},"inLanguage":"fr-FR","potentialAction":[{"@type":"ReadAction","target":["https:\/\/neylaropadedanza.es\/fr\/voiles-en-soie\/"]}]},{"@type":"BreadcrumbList","@id":"https:\/\/neylaropadedanza.es\/fr\/voiles-en-soie\/#breadcrumb","itemListElement":[{"@type":"ListItem","position":1,"name":"Home","item":"https:\/\/neylaropadedanza.es\/fr\/"},{"@type":"ListItem","position":2,"name":"Voiles en Soie"}]},{"@type":"WebSite","@id":"https:\/\/neylaropadedanza.com\/#website","url":"https:\/\/neylaropadedanza.com\/","name":"NeylaRopaDeDanza","description":"Ropa de Danza del Vientre, danza oriental, trajes, ropa de ensayo y mucho m\u00e1s!","publisher":{"@id":"https:\/\/neylaropadedanza.com\/#organization"},"potentialAction":[{"@type":"SearchAction","target":{"@type":"EntryPoint","urlTemplate":"https:\/\/neylaropadedanza.com\/?s={search_term_string}"},"query-input":{"@type":"PropertyValueSpecification","valueRequired":true,"valueName":"search_term_string"}}],"inLanguage":"fr-FR"},{"@type":"Organization","@id":"https:\/\/neylaropadedanza.com\/#organization","name":"NeylaRopaDeDanza","url":"https:\/\/neylaropadedanza.com\/","logo":{"@type":"ImageObject","inLanguage":"fr-FR","@id":"https:\/\/neylaropadedanza.com\/#\/schema\/logo\/image\/","url":"https:\/\/neylaropadedanza.es\/wp-content\/uploads\/2025\/04\/Neyla-Blanc.webp","contentUrl":"https:\/\/neylaropadedanza.es\/wp-content\/uploads\/2025\/04\/Neyla-Blanc.webp","width":1970,"height":936,"caption":"NeylaRopaDeDanza"},"image":{"@id":"https:\/\/neylaropadedanza.com\/#\/schema\/logo\/image\/"},"sameAs":["https:\/\/www.facebook.com\/neyladancewear\/","https:\/\/www.instagram.com\/neyladancewear\/","https:\/\/www.youtube.com\/channel\/UCKlqrANcZD0QqKXzpy4taWA?view_as=subscriber"]}]}},"_links":{"self":[{"href":"https:\/\/neylaropadedanza.es\/fr\/wp-json\/wp\/v2\/pages\/1373","targetHints":{"allow":["GET"]}}],"collection":[{"href":"https:\/\/neylaropadedanza.es\/fr\/wp-json\/wp\/v2\/pages"}],"about":[{"href":"https:\/\/neylaropadedanza.es\/fr\/wp-json\/wp\/v2\/types\/page"}],"author":[{"embeddable":true,"href":"https:\/\/neylaropadedanza.es\/fr\/wp-json\/wp\/v2\/users\/1"}],"replies":[{"embeddable":true,"href":"https:\/\/neylaropadedanza.es\/fr\/wp-json\/wp\/v2\/comments?post=1373"}],"version-history":[{"count":5,"href":"https:\/\/neylaropadedanza.es\/fr\/wp-json\/wp\/v2\/pages\/1373\/revisions"}],"predecessor-version":[{"id":17350,"href":"https:\/\/neylaropadedanza.es\/fr\/wp-json\/wp\/v2\/pages\/1373\/revisions\/17350"}],"wp:attachment":[{"href":"https:\/\/neylaropadedanza.es\/fr\/wp-json\/wp\/v2\/media?parent=1373"}],"curies":[{"name":"wp","href":"https:\/\/api.w.org\/{rel}","templated":true}]}}