{"id":1365,"date":"2025-04-23T10:30:33","date_gmt":"2025-04-23T10:30:33","guid":{"rendered":"https:\/\/neylaropadedanza.es\/ceintures-en-strass\/"},"modified":"2025-05-19T11:39:52","modified_gmt":"2025-05-19T11:39:52","slug":"ceintures-en-strass","status":"publish","type":"page","link":"https:\/\/neylaropadedanza.es\/fr\/ceintures-en-strass\/","title":{"rendered":"Ceintures en Strass"},"content":{"rendered":"\t\t<div data-elementor-type=\"wp-page\" data-elementor-id=\"1365\" class=\"elementor elementor-1365 elementor-691\" data-elementor-post-type=\"page\">\n\t\t\t\t<div class=\"elementor-element elementor-element-49f8bd39 e-con-full e-flex e-con e-parent\" data-id=\"49f8bd39\" data-element_type=\"container\" data-settings=\"{&quot;background_background&quot;:&quot;classic&quot;}\">\n\t\t<div class=\"elementor-element elementor-element-39f1fa01 e-con-full e-flex e-con e-child\" data-id=\"39f1fa01\" data-element_type=\"container\" data-settings=\"{&quot;background_background&quot;:&quot;classic&quot;}\">\n\t\t\t\t<div class=\"elementor-element elementor-element-c80db84 elementor-widget elementor-widget-heading\" data-id=\"c80db84\" data-element_type=\"widget\" data-widget_type=\"heading.default\">\n\t\t\t\t<div class=\"elementor-widget-container\">\n\t\t\t\t\t<h1 class=\"elementor-heading-title elementor-size-default\">CEINTURES EN STRASS<\/h1>\t\t\t\t<\/div>\n\t\t\t\t<\/div>\n\t\t\t\t<div class=\"elementor-element elementor-element-7ad3ac4 elementor-widget elementor-widget-heading\" data-id=\"7ad3ac4\" data-element_type=\"widget\" data-widget_type=\"heading.default\">\n\t\t\t\t<div class=\"elementor-widget-container\">\n\t\t\t\t\t<h2 class=\"elementor-heading-title elementor-size-default\">\ud83d\udd39CEINTURES EN STRASS \u2013 BRILLEZ \u00c0 CHAQUE MOUVEMENT<br>Les ceintures en strass Neyla Dancewear sont l\u2019accessoire parfait pour sublimer votre tenue de danse orientale, fusion tribale ou tout autre style sc\u00e9nique.\n\nCon\u00e7ues avec des strass de haute qualit\u00e9, elles apportent \u00e9clat, \u00e9l\u00e9gance et f\u00e9minit\u00e9 \u00e0 votre look. En r\u00e9p\u00e9tition comme sur sc\u00e8ne, vous ne passerez pas inaper\u00e7ue.<br>\n\u2728 Pourquoi choisir nos ceintures en strass ?<br>\nDesigns exclusifs et \u00e9l\u00e9gants<br>\nBrillance maximale sur sc\u00e8ne<br>\nMat\u00e9riaux durables et confortables<br>\nFaciles \u00e0 assortir avec diff\u00e9rentes tenues<br>\nChez Neyla Dancewear, nous s\u00e9lectionnons chaque accessoire avec soin, qualit\u00e9 et professionnalisme. Toutes nos ceintures sont test\u00e9es pour garantir confort, r\u00e9sistance et style.<br>\nD\u00e9couvrez aussi notre collection de v\u00eatements de danse orientale, ensembles de sc\u00e8ne, voiles en soie, bijoux et bien plus encore.<br>\nBesoin de conseils pour choisir votre ceinture id\u00e9ale ? \u00c9crivez-nous \u00e0 atencionalcliente@neylaropadedanza.es ou via notre formulaire de contact. Nous serons ravies de vous aider !<\/h2>\t\t\t\t<\/div>\n\t\t\t\t<\/div>\n\t\t\t\t<\/div>\n\t\t\t\t<\/div>\n\t\t<div class=\"elementor-element elementor-element-a2897e2 e-con-full e-flex e-con e-parent\" data-id=\"a2897e2\" data-element_type=\"container\">\n\t\t\t\t<\/div>\n\t\t\t\t<\/div>\n\t\t","protected":false},"excerpt":{"rendered":"<p>CEINTURES EN STRASS \ud83d\udd39CEINTURES EN STRASS \u2013 BRILLEZ \u00c0 CHAQUE MOUVEMENTLes ceintures en strass Neyla Dancewear sont l\u2019accessoire parfait pour sublimer votre tenue de danse orientale, fusion tribale ou tout autre style sc\u00e9nique. Con\u00e7ues avec des strass de haute qualit\u00e9, elles apportent \u00e9clat, \u00e9l\u00e9gance et f\u00e9minit\u00e9 \u00e0 votre look. En r\u00e9p\u00e9tition comme sur sc\u00e8ne, vous [&hellip;]<\/p>\n","protected":false},"author":1,"featured_media":0,"parent":0,"menu_order":0,"comment_status":"closed","ping_status":"closed","template":"elementor_header_footer","meta":{"content-type":"","_monsterinsights_skip_tracking":false,"_monsterinsights_sitenote_active":false,"_monsterinsights_sitenote_note":"","_monsterinsights_sitenote_category":0,"_uf_show_specific_survey":0,"_uf_disable_surveys":false,"footnotes":""},"class_list":["post-1365","page","type-page","status-publish","hentry"],"yoast_head":"<!-- This site is optimized with the Yoast SEO plugin v26.6 - https:\/\/yoast.com\/wordpress\/plugins\/seo\/ -->\n<title>Ceintures en Strass - Neyla Dancewear<\/title>\n<meta name=\"robots\" content=\"index, follow, max-snippet:-1, max-image-preview:large, max-video-preview:-1\" \/>\n<link rel=\"canonical\" href=\"https:\/\/neylaropadedanza.es\/fr\/ceintures-en-strass\/\" \/>\n<meta property=\"og:locale\" content=\"fr_FR\" \/>\n<meta property=\"og:type\" content=\"article\" \/>\n<meta property=\"og:title\" content=\"Ceintures en Strass - Neyla Dancewear\" \/>\n<meta property=\"og:description\" content=\"CEINTURES EN STRASS \ud83d\udd39CEINTURES EN STRASS \u2013 BRILLEZ \u00c0 CHAQUE MOUVEMENTLes ceintures en strass Neyla Dancewear sont l\u2019accessoire parfait pour sublimer votre tenue de danse orientale, fusion tribale ou tout autre style sc\u00e9nique. Con\u00e7ues avec des strass de haute qualit\u00e9, elles apportent \u00e9clat, \u00e9l\u00e9gance et f\u00e9minit\u00e9 \u00e0 votre look. En r\u00e9p\u00e9tition comme sur sc\u00e8ne, vous [&hellip;]\" \/>\n<meta property=\"og:url\" content=\"https:\/\/neylaropadedanza.es\/fr\/ceintures-en-strass\/\" \/>\n<meta property=\"og:site_name\" content=\"Neyla Dancewear\" \/>\n<meta property=\"article:publisher\" content=\"https:\/\/www.facebook.com\/neyladancewear\/\" \/>\n<meta property=\"article:modified_time\" content=\"2025-05-19T11:39:52+00:00\" \/>\n<meta name=\"twitter:card\" content=\"summary_large_image\" \/>\n<meta name=\"twitter:label1\" content=\"Dur\u00e9e de lecture estim\u00e9e\" \/>\n\t<meta name=\"twitter:data1\" content=\"1 minute\" \/>\n<script type=\"application\/ld+json\" class=\"yoast-schema-graph\">{\"@context\":\"https:\/\/schema.org\",\"@graph\":[{\"@type\":\"WebPage\",\"@id\":\"https:\/\/neylaropadedanza.es\/fr\/ceintures-en-strass\/\",\"url\":\"https:\/\/neylaropadedanza.es\/fr\/ceintures-en-strass\/\",\"name\":\"Ceintures en Strass - Neyla Dancewear\",\"isPartOf\":{\"@id\":\"https:\/\/neylaropadedanza.com\/#website\"},\"datePublished\":\"2025-04-23T10:30:33+00:00\",\"dateModified\":\"2025-05-19T11:39:52+00:00\",\"breadcrumb\":{\"@id\":\"https:\/\/neylaropadedanza.es\/fr\/ceintures-en-strass\/#breadcrumb\"},\"inLanguage\":\"fr-FR\",\"potentialAction\":[{\"@type\":\"ReadAction\",\"target\":[\"https:\/\/neylaropadedanza.es\/fr\/ceintures-en-strass\/\"]}]},{\"@type\":\"BreadcrumbList\",\"@id\":\"https:\/\/neylaropadedanza.es\/fr\/ceintures-en-strass\/#breadcrumb\",\"itemListElement\":[{\"@type\":\"ListItem\",\"position\":1,\"name\":\"Home\",\"item\":\"https:\/\/neylaropadedanza.es\/fr\/\"},{\"@type\":\"ListItem\",\"position\":2,\"name\":\"Ceintures en Strass\"}]},{\"@type\":\"WebSite\",\"@id\":\"https:\/\/neylaropadedanza.com\/#website\",\"url\":\"https:\/\/neylaropadedanza.com\/\",\"name\":\"NeylaRopaDeDanza\",\"description\":\"Ropa de Danza del Vientre, danza oriental, trajes, ropa de ensayo y mucho m\u00e1s!\",\"publisher\":{\"@id\":\"https:\/\/neylaropadedanza.com\/#organization\"},\"potentialAction\":[{\"@type\":\"SearchAction\",\"target\":{\"@type\":\"EntryPoint\",\"urlTemplate\":\"https:\/\/neylaropadedanza.com\/?s={search_term_string}\"},\"query-input\":{\"@type\":\"PropertyValueSpecification\",\"valueRequired\":true,\"valueName\":\"search_term_string\"}}],\"inLanguage\":\"fr-FR\"},{\"@type\":\"Organization\",\"@id\":\"https:\/\/neylaropadedanza.com\/#organization\",\"name\":\"NeylaRopaDeDanza\",\"url\":\"https:\/\/neylaropadedanza.com\/\",\"logo\":{\"@type\":\"ImageObject\",\"inLanguage\":\"fr-FR\",\"@id\":\"https:\/\/neylaropadedanza.com\/#\/schema\/logo\/image\/\",\"url\":\"https:\/\/neylaropadedanza.es\/wp-content\/uploads\/2025\/04\/Neyla-Blanc.webp\",\"contentUrl\":\"https:\/\/neylaropadedanza.es\/wp-content\/uploads\/2025\/04\/Neyla-Blanc.webp\",\"width\":1970,\"height\":936,\"caption\":\"NeylaRopaDeDanza\"},\"image\":{\"@id\":\"https:\/\/neylaropadedanza.com\/#\/schema\/logo\/image\/\"},\"sameAs\":[\"https:\/\/www.facebook.com\/neyladancewear\/\",\"https:\/\/www.instagram.com\/neyladancewear\/\",\"https:\/\/www.youtube.com\/channel\/UCKlqrANcZD0QqKXzpy4taWA?view_as=subscriber\"]}]}<\/script>\n<!-- \/ Yoast SEO plugin. -->","yoast_head_json":{"title":"Ceintures en Strass - Neyla Dancewear","robots":{"index":"index","follow":"follow","max-snippet":"max-snippet:-1","max-image-preview":"max-image-preview:large","max-video-preview":"max-video-preview:-1"},"canonical":"https:\/\/neylaropadedanza.es\/fr\/ceintures-en-strass\/","og_locale":"fr_FR","og_type":"article","og_title":"Ceintures en Strass - Neyla Dancewear","og_description":"CEINTURES EN STRASS \ud83d\udd39CEINTURES EN STRASS \u2013 BRILLEZ \u00c0 CHAQUE MOUVEMENTLes ceintures en strass Neyla Dancewear sont l\u2019accessoire parfait pour sublimer votre tenue de danse orientale, fusion tribale ou tout autre style sc\u00e9nique. Con\u00e7ues avec des strass de haute qualit\u00e9, elles apportent \u00e9clat, \u00e9l\u00e9gance et f\u00e9minit\u00e9 \u00e0 votre look. En r\u00e9p\u00e9tition comme sur sc\u00e8ne, vous [&hellip;]","og_url":"https:\/\/neylaropadedanza.es\/fr\/ceintures-en-strass\/","og_site_name":"Neyla Dancewear","article_publisher":"https:\/\/www.facebook.com\/neyladancewear\/","article_modified_time":"2025-05-19T11:39:52+00:00","twitter_card":"summary_large_image","twitter_misc":{"Dur\u00e9e de lecture estim\u00e9e":"1 minute"},"schema":{"@context":"https:\/\/schema.org","@graph":[{"@type":"WebPage","@id":"https:\/\/neylaropadedanza.es\/fr\/ceintures-en-strass\/","url":"https:\/\/neylaropadedanza.es\/fr\/ceintures-en-strass\/","name":"Ceintures en Strass - Neyla Dancewear","isPartOf":{"@id":"https:\/\/neylaropadedanza.com\/#website"},"datePublished":"2025-04-23T10:30:33+00:00","dateModified":"2025-05-19T11:39:52+00:00","breadcrumb":{"@id":"https:\/\/neylaropadedanza.es\/fr\/ceintures-en-strass\/#breadcrumb"},"inLanguage":"fr-FR","potentialAction":[{"@type":"ReadAction","target":["https:\/\/neylaropadedanza.es\/fr\/ceintures-en-strass\/"]}]},{"@type":"BreadcrumbList","@id":"https:\/\/neylaropadedanza.es\/fr\/ceintures-en-strass\/#breadcrumb","itemListElement":[{"@type":"ListItem","position":1,"name":"Home","item":"https:\/\/neylaropadedanza.es\/fr\/"},{"@type":"ListItem","position":2,"name":"Ceintures en Strass"}]},{"@type":"WebSite","@id":"https:\/\/neylaropadedanza.com\/#website","url":"https:\/\/neylaropadedanza.com\/","name":"NeylaRopaDeDanza","description":"Ropa de Danza del Vientre, danza oriental, trajes, ropa de ensayo y mucho m\u00e1s!","publisher":{"@id":"https:\/\/neylaropadedanza.com\/#organization"},"potentialAction":[{"@type":"SearchAction","target":{"@type":"EntryPoint","urlTemplate":"https:\/\/neylaropadedanza.com\/?s={search_term_string}"},"query-input":{"@type":"PropertyValueSpecification","valueRequired":true,"valueName":"search_term_string"}}],"inLanguage":"fr-FR"},{"@type":"Organization","@id":"https:\/\/neylaropadedanza.com\/#organization","name":"NeylaRopaDeDanza","url":"https:\/\/neylaropadedanza.com\/","logo":{"@type":"ImageObject","inLanguage":"fr-FR","@id":"https:\/\/neylaropadedanza.com\/#\/schema\/logo\/image\/","url":"https:\/\/neylaropadedanza.es\/wp-content\/uploads\/2025\/04\/Neyla-Blanc.webp","contentUrl":"https:\/\/neylaropadedanza.es\/wp-content\/uploads\/2025\/04\/Neyla-Blanc.webp","width":1970,"height":936,"caption":"NeylaRopaDeDanza"},"image":{"@id":"https:\/\/neylaropadedanza.com\/#\/schema\/logo\/image\/"},"sameAs":["https:\/\/www.facebook.com\/neyladancewear\/","https:\/\/www.instagram.com\/neyladancewear\/","https:\/\/www.youtube.com\/channel\/UCKlqrANcZD0QqKXzpy4taWA?view_as=subscriber"]}]}},"_links":{"self":[{"href":"https:\/\/neylaropadedanza.es\/fr\/wp-json\/wp\/v2\/pages\/1365","targetHints":{"allow":["GET"]}}],"collection":[{"href":"https:\/\/neylaropadedanza.es\/fr\/wp-json\/wp\/v2\/pages"}],"about":[{"href":"https:\/\/neylaropadedanza.es\/fr\/wp-json\/wp\/v2\/types\/page"}],"author":[{"embeddable":true,"href":"https:\/\/neylaropadedanza.es\/fr\/wp-json\/wp\/v2\/users\/1"}],"replies":[{"embeddable":true,"href":"https:\/\/neylaropadedanza.es\/fr\/wp-json\/wp\/v2\/comments?post=1365"}],"version-history":[{"count":5,"href":"https:\/\/neylaropadedanza.es\/fr\/wp-json\/wp\/v2\/pages\/1365\/revisions"}],"predecessor-version":[{"id":17358,"href":"https:\/\/neylaropadedanza.es\/fr\/wp-json\/wp\/v2\/pages\/1365\/revisions\/17358"}],"wp:attachment":[{"href":"https:\/\/neylaropadedanza.es\/fr\/wp-json\/wp\/v2\/media?parent=1365"}],"curies":[{"name":"wp","href":"https:\/\/api.w.org\/{rel}","templated":true}]}}