{"id":20543,"date":"2025-09-02T15:41:21","date_gmt":"2025-09-02T15:41:21","guid":{"rendered":"https:\/\/neylaropadedanza.es\/product\/samara\/"},"modified":"2025-09-02T15:41:21","modified_gmt":"2025-09-02T15:41:21","slug":"samara","status":"publish","type":"product","link":"https:\/\/neylaropadedanza.es\/en\/product\/samara\/","title":{"rendered":"Samara"},"content":{"rendered":"<h2 data-start=\"103\" data-end=\"166\">\ud83c\udf1f Samara Skirt \u2013 Wild Elegance with Animal Print \ud83c\udf1f<\/h2>\n<p data-start=\"168\" data-end=\"521\">The<strong data-start=\"171\" data-end=\"187\"> Samara skirt<\/strong> is a unique piece designed to highlight your strength, style, and sensuality in every movement of <strong data-start=\"284\" data-end=\"349\">belly dance, oriental dance, tribal, or modern fusions.<\/strong> Made of stretch fabric with an animal print in brown tones, this skirt combines comfort and design so you can shine both on stage and in the studio. <\/p>\n<h3 data-start=\"523\" data-end=\"549\">\ud83d\udc8e <strong data-start=\"526\" data-end=\"547\">Design and Details<\/strong><\/h3>\n<ul data-start=\"550\" data-end=\"964\">\n<li data-start=\"550\" data-end=\"685\">\n<p data-start=\"552\" data-end=\"685\">Its <strong data-start=\"555\" data-end=\"598\">asymmetrical cut with side ruffles <\/strong>adds dynamism and enhances movement, creating a flowing effect with every turn.<\/p>\n<\/li>\n<li data-start=\"686\" data-end=\"823\">\n<p data-start=\"688\" data-end=\"823\">Th<strong data-start=\"691\" data-end=\"717\">e animal print pattern <\/strong>adds a touch of wild sophistication, perfect for dancers who want to stand out with personality.<\/p>\n<\/li>\n<li data-start=\"824\" data-end=\"964\">\n<p data-start=\"826\" data-end=\"964\">With its <strong data-start=\"839\" data-end=\"859\">elastic waistband<\/strong>, it adapts easily to different body shapes, ensuring comfort and full freedom of movement.<\/p>\n<\/li>\n<\/ul>\n<h3 data-start=\"966\" data-end=\"1006\">\ud83c\udf1f<strong data-start=\"969\" data-end=\"1004\"> Why choose the Samara skirt:<\/strong><\/h3>\n<ul data-start=\"1007\" data-end=\"1287\">\n<li data-start=\"1007\" data-end=\"1053\">\n<p data-start=\"1009\" data-end=\"1053\">Modern and elegant animal print.<\/p>\n<\/li>\n<li data-start=\"1054\" data-end=\"1093\">\n<p data-start=\"1056\" data-end=\"1093\">Lightweight and stretchy fabric.<\/p>\n<\/li>\n<li data-start=\"1094\" data-end=\"1155\">\n<p data-start=\"1096\" data-end=\"1155\">Asymmetrical design with ruffles that highlight movement.<\/p>\n<\/li>\n<li data-start=\"1156\" data-end=\"1228\">\n<p data-start=\"1158\" data-end=\"1228\">Perfect for classes, rehearsals, shows, and photoshoots.<\/p>\n<\/li>\n<li data-start=\"1229\" data-end=\"1287\">\n<p data-start=\"1231\" data-end=\"1287\">Comfort and style in a versatile and eye-catching skirt.<\/p>\n<\/li>\n<\/ul>\n<h3 data-start=\"1289\" data-end=\"1476\">\ud83d\udd17 <strong data-start=\"1292\" data-end=\"1316\">Style it your way<\/strong><\/h3>\n<p data-start=\"1289\" data-end=\"1476\"><br data-start=\"1316\" data-end=\"1319\">The Samara skirt pairs beautifully with plain <a href=\"https:\/\/neylaropadedanza.es\/en\/bodys-tops-and-leggins\/\">tops in neutral or vibrant tones<\/a>, as well as with <a href=\"https:\/\/neylaropadedanza.es\/en\/accesories\/\">rhinestone belts<\/a> that enhance its shine and elegance.<\/p>\n<p data-start=\"1478\" data-end=\"1592\">\u27a1\ufe0f <strong data-start=\"1481\" data-end=\"1590\">Make the Samara skirt yours and shine with strength, style, and sensuality in every performance.<\/strong><\/p>\n","protected":false},"excerpt":{"rendered":"<p>\ud83c\udf1f Samara Skirt \u2013 Wild Elegance with Animal Print \ud83c\udf1f The Samara skirt is a unique piece designed to highlight your strength, style, and sensuality in every movement of belly dance, oriental dance, tribal, or modern fusions. Made of stretch fabric with an animal print in brown tones, this skirt combines comfort and design so [&hellip;]<\/p>\n","protected":false},"featured_media":20534,"comment_status":"open","ping_status":"closed","template":"","meta":{"content-type":"","_monsterinsights_skip_tracking":false,"_monsterinsights_sitenote_active":false,"_monsterinsights_sitenote_note":"","_monsterinsights_sitenote_category":0,"_uf_show_specific_survey":0,"_uf_disable_surveys":false},"product_brand":[],"product_cat":[974,968],"product_tag":[2002,1021,1304,1169,2050,2051,2052,1966,1298,1868,2040,2053],"class_list":{"0":"post-20543","1":"product","2":"type-product","3":"status-publish","4":"has-post-thumbnail","6":"product_cat-skirts","7":"product_cat-training-wear","8":"product_tag-asymmetrical-dance-skirt","9":"product_tag-bellydance-accessories-en","10":"product_tag-bellydance-costumes-en-2","11":"product_tag-bellydance-skirt","12":"product_tag-jupe-de-danse-imprime-animal-en","13":"product_tag-jupe-de-danse-marron","14":"product_tag-jupe-samara","15":"product_tag-oriental-dance-accessories","16":"product_tag-oriental-dance-costumes","17":"product_tag-oriental-dance-skirt","18":"product_tag-ruffled-dance-skirt","19":"product_tag-vetements-de-tribal-fusion","20":"product_shipping_class-standard","22":"first","23":"instock","24":"sale","25":"taxable","26":"shipping-taxable","27":"purchasable","28":"product-type-variable","29":"add-to-wishlist-after_add_to_cart"},"yoast_head":"<!-- This site is optimized with the Yoast SEO plugin v26.6 - https:\/\/yoast.com\/wordpress\/plugins\/seo\/ -->\n<title>Samara - Neyla Dancewear - Bellydance costumes<\/title>\n<meta name=\"robots\" content=\"index, follow, max-snippet:-1, max-image-preview:large, max-video-preview:-1\" \/>\n<link rel=\"canonical\" href=\"https:\/\/neylaropadedanza.es\/en\/product\/samara\/\" \/>\n<meta property=\"og:locale\" content=\"en_US\" \/>\n<meta property=\"og:type\" content=\"article\" \/>\n<meta property=\"og:title\" content=\"Samara - Neyla Dancewear - Bellydance costumes\" \/>\n<meta property=\"og:description\" content=\"\ud83c\udf1f Samara Skirt \u2013 Wild Elegance with Animal Print \ud83c\udf1f The Samara skirt is a unique piece designed to highlight your strength, style, and sensuality in every movement of belly dance, oriental dance, tribal, or modern fusions. Made of stretch fabric with an animal print in brown tones, this skirt combines comfort and design so [&hellip;]\" \/>\n<meta property=\"og:url\" content=\"https:\/\/neylaropadedanza.es\/en\/product\/samara\/\" \/>\n<meta property=\"og:site_name\" content=\"Neyla Dancewear\" \/>\n<meta property=\"article:publisher\" content=\"https:\/\/www.facebook.com\/neyladancewear\/\" \/>\n<meta property=\"og:image\" content=\"https:\/\/neylaropadedanza.com\/wp-content\/uploads\/2025\/09\/Ropa-Danza-del-Vientre-10.jpg\" \/>\n\t<meta property=\"og:image:width\" content=\"968\" \/>\n\t<meta property=\"og:image:height\" content=\"1100\" \/>\n\t<meta property=\"og:image:type\" content=\"image\/jpeg\" \/>\n<meta name=\"twitter:card\" content=\"summary_large_image\" \/>\n<meta name=\"twitter:label1\" content=\"Est. reading time\" \/>\n\t<meta name=\"twitter:data1\" content=\"1 minute\" \/>\n<script type=\"application\/ld+json\" class=\"yoast-schema-graph\">{\"@context\":\"https:\/\/schema.org\",\"@graph\":[{\"@type\":\"WebPage\",\"@id\":\"https:\/\/neylaropadedanza.es\/en\/product\/samara\/\",\"url\":\"https:\/\/neylaropadedanza.es\/en\/product\/samara\/\",\"name\":\"Samara - Neyla Dancewear - Bellydance costumes\",\"isPartOf\":{\"@id\":\"https:\/\/neylaropadedanza.com\/#website\"},\"primaryImageOfPage\":{\"@id\":\"https:\/\/neylaropadedanza.es\/en\/product\/samara\/#primaryimage\"},\"image\":{\"@id\":\"https:\/\/neylaropadedanza.es\/en\/product\/samara\/#primaryimage\"},\"thumbnailUrl\":\"https:\/\/neylaropadedanza.es\/wp-content\/uploads\/2025\/09\/Ropa-Danza-del-Vientre-10.jpg\",\"datePublished\":\"2025-09-02T15:41:21+00:00\",\"breadcrumb\":{\"@id\":\"https:\/\/neylaropadedanza.es\/en\/product\/samara\/#breadcrumb\"},\"inLanguage\":\"en-US\",\"potentialAction\":[{\"@type\":\"ReadAction\",\"target\":[\"https:\/\/neylaropadedanza.es\/en\/product\/samara\/\"]}]},{\"@type\":\"ImageObject\",\"inLanguage\":\"en-US\",\"@id\":\"https:\/\/neylaropadedanza.es\/en\/product\/samara\/#primaryimage\",\"url\":\"https:\/\/neylaropadedanza.es\/wp-content\/uploads\/2025\/09\/Ropa-Danza-del-Vientre-10.jpg\",\"contentUrl\":\"https:\/\/neylaropadedanza.es\/wp-content\/uploads\/2025\/09\/Ropa-Danza-del-Vientre-10.jpg\",\"width\":968,\"height\":1100,\"caption\":\"Jupe Samara marron \u00e0 imprim\u00e9 animal avec coupe asym\u00e9trique et volants pour danse du ventre.\"},{\"@type\":\"BreadcrumbList\",\"@id\":\"https:\/\/neylaropadedanza.es\/en\/product\/samara\/#breadcrumb\",\"itemListElement\":[{\"@type\":\"ListItem\",\"position\":1,\"name\":\"Home\",\"item\":\"https:\/\/neylaropadedanza.es\/en\/\"},{\"@type\":\"ListItem\",\"position\":2,\"name\":\"Products\",\"item\":\"https:\/\/neylaropadedanza.es\/en\/shop\/\"},{\"@type\":\"ListItem\",\"position\":3,\"name\":\"Samara\"}]},{\"@type\":\"WebSite\",\"@id\":\"https:\/\/neylaropadedanza.com\/#website\",\"url\":\"https:\/\/neylaropadedanza.com\/\",\"name\":\"NeylaRopaDeDanza\",\"description\":\"Ropa de Danza del Vientre, danza oriental, trajes, ropa de ensayo y mucho m\u00e1s!\",\"publisher\":{\"@id\":\"https:\/\/neylaropadedanza.com\/#organization\"},\"potentialAction\":[{\"@type\":\"SearchAction\",\"target\":{\"@type\":\"EntryPoint\",\"urlTemplate\":\"https:\/\/neylaropadedanza.com\/?s={search_term_string}\"},\"query-input\":{\"@type\":\"PropertyValueSpecification\",\"valueRequired\":true,\"valueName\":\"search_term_string\"}}],\"inLanguage\":\"en-US\"},{\"@type\":\"Organization\",\"@id\":\"https:\/\/neylaropadedanza.com\/#organization\",\"name\":\"NeylaRopaDeDanza\",\"url\":\"https:\/\/neylaropadedanza.com\/\",\"logo\":{\"@type\":\"ImageObject\",\"inLanguage\":\"en-US\",\"@id\":\"https:\/\/neylaropadedanza.com\/#\/schema\/logo\/image\/\",\"url\":\"https:\/\/neylaropadedanza.es\/wp-content\/uploads\/2025\/04\/Neyla-Blanc.webp\",\"contentUrl\":\"https:\/\/neylaropadedanza.es\/wp-content\/uploads\/2025\/04\/Neyla-Blanc.webp\",\"width\":1970,\"height\":936,\"caption\":\"NeylaRopaDeDanza\"},\"image\":{\"@id\":\"https:\/\/neylaropadedanza.com\/#\/schema\/logo\/image\/\"},\"sameAs\":[\"https:\/\/www.facebook.com\/neyladancewear\/\",\"https:\/\/www.instagram.com\/neyladancewear\/\",\"https:\/\/www.youtube.com\/channel\/UCKlqrANcZD0QqKXzpy4taWA?view_as=subscriber\"]}]}<\/script>\n<!-- \/ Yoast SEO plugin. -->","yoast_head_json":{"title":"Samara - Neyla Dancewear - Bellydance costumes","robots":{"index":"index","follow":"follow","max-snippet":"max-snippet:-1","max-image-preview":"max-image-preview:large","max-video-preview":"max-video-preview:-1"},"canonical":"https:\/\/neylaropadedanza.es\/en\/product\/samara\/","og_locale":"en_US","og_type":"article","og_title":"Samara - Neyla Dancewear - Bellydance costumes","og_description":"\ud83c\udf1f Samara Skirt \u2013 Wild Elegance with Animal Print \ud83c\udf1f The Samara skirt is a unique piece designed to highlight your strength, style, and sensuality in every movement of belly dance, oriental dance, tribal, or modern fusions. Made of stretch fabric with an animal print in brown tones, this skirt combines comfort and design so [&hellip;]","og_url":"https:\/\/neylaropadedanza.es\/en\/product\/samara\/","og_site_name":"Neyla Dancewear","article_publisher":"https:\/\/www.facebook.com\/neyladancewear\/","og_image":[{"width":968,"height":1100,"url":"https:\/\/neylaropadedanza.com\/wp-content\/uploads\/2025\/09\/Ropa-Danza-del-Vientre-10.jpg","type":"image\/jpeg"}],"twitter_card":"summary_large_image","twitter_misc":{"Est. reading time":"1 minute"},"schema":{"@context":"https:\/\/schema.org","@graph":[{"@type":"WebPage","@id":"https:\/\/neylaropadedanza.es\/en\/product\/samara\/","url":"https:\/\/neylaropadedanza.es\/en\/product\/samara\/","name":"Samara - Neyla Dancewear - Bellydance costumes","isPartOf":{"@id":"https:\/\/neylaropadedanza.com\/#website"},"primaryImageOfPage":{"@id":"https:\/\/neylaropadedanza.es\/en\/product\/samara\/#primaryimage"},"image":{"@id":"https:\/\/neylaropadedanza.es\/en\/product\/samara\/#primaryimage"},"thumbnailUrl":"https:\/\/neylaropadedanza.es\/wp-content\/uploads\/2025\/09\/Ropa-Danza-del-Vientre-10.jpg","datePublished":"2025-09-02T15:41:21+00:00","breadcrumb":{"@id":"https:\/\/neylaropadedanza.es\/en\/product\/samara\/#breadcrumb"},"inLanguage":"en-US","potentialAction":[{"@type":"ReadAction","target":["https:\/\/neylaropadedanza.es\/en\/product\/samara\/"]}]},{"@type":"ImageObject","inLanguage":"en-US","@id":"https:\/\/neylaropadedanza.es\/en\/product\/samara\/#primaryimage","url":"https:\/\/neylaropadedanza.es\/wp-content\/uploads\/2025\/09\/Ropa-Danza-del-Vientre-10.jpg","contentUrl":"https:\/\/neylaropadedanza.es\/wp-content\/uploads\/2025\/09\/Ropa-Danza-del-Vientre-10.jpg","width":968,"height":1100,"caption":"Jupe Samara marron \u00e0 imprim\u00e9 animal avec coupe asym\u00e9trique et volants pour danse du ventre."},{"@type":"BreadcrumbList","@id":"https:\/\/neylaropadedanza.es\/en\/product\/samara\/#breadcrumb","itemListElement":[{"@type":"ListItem","position":1,"name":"Home","item":"https:\/\/neylaropadedanza.es\/en\/"},{"@type":"ListItem","position":2,"name":"Products","item":"https:\/\/neylaropadedanza.es\/en\/shop\/"},{"@type":"ListItem","position":3,"name":"Samara"}]},{"@type":"WebSite","@id":"https:\/\/neylaropadedanza.com\/#website","url":"https:\/\/neylaropadedanza.com\/","name":"NeylaRopaDeDanza","description":"Ropa de Danza del Vientre, danza oriental, trajes, ropa de ensayo y mucho m\u00e1s!","publisher":{"@id":"https:\/\/neylaropadedanza.com\/#organization"},"potentialAction":[{"@type":"SearchAction","target":{"@type":"EntryPoint","urlTemplate":"https:\/\/neylaropadedanza.com\/?s={search_term_string}"},"query-input":{"@type":"PropertyValueSpecification","valueRequired":true,"valueName":"search_term_string"}}],"inLanguage":"en-US"},{"@type":"Organization","@id":"https:\/\/neylaropadedanza.com\/#organization","name":"NeylaRopaDeDanza","url":"https:\/\/neylaropadedanza.com\/","logo":{"@type":"ImageObject","inLanguage":"en-US","@id":"https:\/\/neylaropadedanza.com\/#\/schema\/logo\/image\/","url":"https:\/\/neylaropadedanza.es\/wp-content\/uploads\/2025\/04\/Neyla-Blanc.webp","contentUrl":"https:\/\/neylaropadedanza.es\/wp-content\/uploads\/2025\/04\/Neyla-Blanc.webp","width":1970,"height":936,"caption":"NeylaRopaDeDanza"},"image":{"@id":"https:\/\/neylaropadedanza.com\/#\/schema\/logo\/image\/"},"sameAs":["https:\/\/www.facebook.com\/neyladancewear\/","https:\/\/www.instagram.com\/neyladancewear\/","https:\/\/www.youtube.com\/channel\/UCKlqrANcZD0QqKXzpy4taWA?view_as=subscriber"]}]}},"_links":{"self":[{"href":"https:\/\/neylaropadedanza.es\/en\/wp-json\/wp\/v2\/product\/20543","targetHints":{"allow":["GET"]}}],"collection":[{"href":"https:\/\/neylaropadedanza.es\/en\/wp-json\/wp\/v2\/product"}],"about":[{"href":"https:\/\/neylaropadedanza.es\/en\/wp-json\/wp\/v2\/types\/product"}],"replies":[{"embeddable":true,"href":"https:\/\/neylaropadedanza.es\/en\/wp-json\/wp\/v2\/comments?post=20543"}],"version-history":[{"count":0,"href":"https:\/\/neylaropadedanza.es\/en\/wp-json\/wp\/v2\/product\/20543\/revisions"}],"wp:featuredmedia":[{"embeddable":true,"href":"https:\/\/neylaropadedanza.es\/en\/wp-json\/wp\/v2\/media\/20534"}],"wp:attachment":[{"href":"https:\/\/neylaropadedanza.es\/en\/wp-json\/wp\/v2\/media?parent=20543"}],"wp:term":[{"taxonomy":"product_brand","embeddable":true,"href":"https:\/\/neylaropadedanza.es\/en\/wp-json\/wp\/v2\/product_brand?post=20543"},{"taxonomy":"product_cat","embeddable":true,"href":"https:\/\/neylaropadedanza.es\/en\/wp-json\/wp\/v2\/product_cat?post=20543"},{"taxonomy":"product_tag","embeddable":true,"href":"https:\/\/neylaropadedanza.es\/en\/wp-json\/wp\/v2\/product_tag?post=20543"}],"curies":[{"name":"wp","href":"https:\/\/api.w.org\/{rel}","templated":true}]}}