{"id":18761,"date":"2025-04-29T21:12:06","date_gmt":"2025-04-29T21:12:06","guid":{"rendered":"https:\/\/neylaropadedanza.es\/product\/halima\/"},"modified":"2025-07-14T20:13:43","modified_gmt":"2025-07-14T20:13:43","slug":"halima","status":"publish","type":"product","link":"https:\/\/neylaropadedanza.es\/en\/product\/halima\/","title":{"rendered":"Halima"},"content":{"rendered":"<h2><strong data-start=\"343\" data-end=\"411\">Halima Skirt \u2013 Metallic Shine and Asymmetrical Design for Your Dance<\/strong><\/h2>\n<p class=\"\" data-start=\"413\" data-end=\"734\">The Halima skirt by Neyla Dancewear is synonymous with elegance, modernity, and freedom of movement. Made from stretchy fabric with a black metallic finish, this garment fits perfectly to the body, flatters the figure, and adds a sophisticated touch to any look for oriental dance, tribal fusion, or contemporary styles. <\/p>\n<p class=\"\" data-start=\"736\" data-end=\"1032\">Its asymmetrical cut, longer on one side, creates a dynamic visual line that highlights the silhouette and enhances every step, turn, or movement. The satin fabric with a shiny effect reflects light elegantly, making it a perfect skirt for the stage, rehearsals, or photo sessions. <\/p>\n<p class=\"\" data-start=\"1034\" data-end=\"1310\">Incluye una <strong data-start=\"1046\" data-end=\"1095\">cintura ancha que ofrece sujeci\u00f3n sin oprimir<\/strong>, adapt\u00e1ndose c\u00f3modamente a diferentes morfolog\u00edas. La falda Halima es vers\u00e1til y se puede combinar con tops de lentejuelas, pedrer\u00eda, encaje o b\u00e1sicos seg\u00fan el estilo y ocasi\u00f3n. Ya sea en actuaciones, competiciones o clases, esta prenda aporta estilo, seguridad y libertad.  <\/p>\n<p class=\"\" data-start=\"1536\" data-end=\"1722\"><strong data-start=\"1536\" data-end=\"1558\">English SEO Keywords:<\/strong><br \/>Black Belly Dance Skirt, Asymmetrical Skirt with Shorts, Metallic Skirt Neyla Dancewear, Tribal Fusion Clothing, Elastic Oriental Skirt, Shiny Dance Skirt<\/p>\n","protected":false},"excerpt":{"rendered":"<p><a href=\"https:\/\/neylaropadedanza.es\/en\/size-guide\/\">Size Guide<\/a><\/p>\n","protected":false},"featured_media":18729,"comment_status":"open","ping_status":"closed","template":"","meta":{"content-type":"","_monsterinsights_skip_tracking":false,"_monsterinsights_sitenote_active":false,"_monsterinsights_sitenote_note":"","_monsterinsights_sitenote_category":0,"_uf_show_specific_survey":0,"_uf_disable_surveys":false},"product_brand":[],"product_cat":[974,968],"product_tag":[1406,1412,1431,938,1459],"class_list":{"0":"post-18761","1":"product","2":"type-product","3":"status-publish","4":"has-post-thumbnail","6":"product_cat-skirts","7":"product_cat-training-wear","8":"product_tag-asymmetrical-skirt","9":"product_tag-bellydance-skirt-en","10":"product_tag-contemporary-dance-costume","11":"product_tag-neyla-dancewear-en","12":"product_tag-tribal-fusion-clothing","13":"product_shipping_class-standard","15":"first","16":"instock","17":"sale","18":"taxable","19":"shipping-taxable","20":"purchasable","21":"product-type-variable","22":"add-to-wishlist-after_add_to_cart"},"yoast_head":"<!-- This site is optimized with the Yoast SEO plugin v26.6 - https:\/\/yoast.com\/wordpress\/plugins\/seo\/ -->\n<title>Halima - Neyla Dancewear<\/title>\n<meta name=\"robots\" content=\"index, follow, max-snippet:-1, max-image-preview:large, max-video-preview:-1\" \/>\n<link rel=\"canonical\" href=\"https:\/\/neylaropadedanza.es\/en\/product\/halima\/\" \/>\n<meta property=\"og:locale\" content=\"en_US\" \/>\n<meta property=\"og:type\" content=\"article\" \/>\n<meta property=\"og:title\" content=\"Halima - Neyla Dancewear\" \/>\n<meta property=\"og:description\" content=\"Size Guide\" \/>\n<meta property=\"og:url\" content=\"https:\/\/neylaropadedanza.es\/en\/product\/halima\/\" \/>\n<meta property=\"og:site_name\" content=\"Neyla Dancewear\" \/>\n<meta property=\"article:publisher\" content=\"https:\/\/www.facebook.com\/neyladancewear\/\" \/>\n<meta property=\"article:modified_time\" content=\"2025-07-14T20:13:43+00:00\" \/>\n<meta property=\"og:image\" content=\"https:\/\/neylaropadedanza.com\/wp-content\/uploads\/2025\/04\/Danza-del-vientre-4.jpg\" \/>\n\t<meta property=\"og:image:width\" content=\"976\" \/>\n\t<meta property=\"og:image:height\" content=\"1100\" \/>\n\t<meta property=\"og:image:type\" content=\"image\/jpeg\" \/>\n<meta name=\"twitter:card\" content=\"summary_large_image\" \/>\n<meta name=\"twitter:label1\" content=\"Est. reading time\" \/>\n\t<meta name=\"twitter:data1\" content=\"1 minute\" \/>\n<script type=\"application\/ld+json\" class=\"yoast-schema-graph\">{\"@context\":\"https:\/\/schema.org\",\"@graph\":[{\"@type\":\"WebPage\",\"@id\":\"https:\/\/neylaropadedanza.es\/en\/product\/halima\/\",\"url\":\"https:\/\/neylaropadedanza.es\/en\/product\/halima\/\",\"name\":\"Halima - Neyla Dancewear\",\"isPartOf\":{\"@id\":\"https:\/\/neylaropadedanza.com\/#website\"},\"primaryImageOfPage\":{\"@id\":\"https:\/\/neylaropadedanza.es\/en\/product\/halima\/#primaryimage\"},\"image\":{\"@id\":\"https:\/\/neylaropadedanza.es\/en\/product\/halima\/#primaryimage\"},\"thumbnailUrl\":\"https:\/\/neylaropadedanza.es\/wp-content\/uploads\/2025\/04\/Danza-del-vientre-4.jpg\",\"datePublished\":\"2025-04-29T21:12:06+00:00\",\"dateModified\":\"2025-07-14T20:13:43+00:00\",\"breadcrumb\":{\"@id\":\"https:\/\/neylaropadedanza.es\/en\/product\/halima\/#breadcrumb\"},\"inLanguage\":\"en-US\",\"potentialAction\":[{\"@type\":\"ReadAction\",\"target\":[\"https:\/\/neylaropadedanza.es\/en\/product\/halima\/\"]}]},{\"@type\":\"ImageObject\",\"inLanguage\":\"en-US\",\"@id\":\"https:\/\/neylaropadedanza.es\/en\/product\/halima\/#primaryimage\",\"url\":\"https:\/\/neylaropadedanza.es\/wp-content\/uploads\/2025\/04\/Danza-del-vientre-4.jpg\",\"contentUrl\":\"https:\/\/neylaropadedanza.es\/wp-content\/uploads\/2025\/04\/Danza-del-vientre-4.jpg\",\"width\":976,\"height\":1100,\"caption\":\"Asymmetrical black skirt with shorts for belly dance.\"},{\"@type\":\"BreadcrumbList\",\"@id\":\"https:\/\/neylaropadedanza.es\/en\/product\/halima\/#breadcrumb\",\"itemListElement\":[{\"@type\":\"ListItem\",\"position\":1,\"name\":\"Home\",\"item\":\"https:\/\/neylaropadedanza.es\/en\/\"},{\"@type\":\"ListItem\",\"position\":2,\"name\":\"Products\",\"item\":\"https:\/\/neylaropadedanza.es\/en\/shop\/\"},{\"@type\":\"ListItem\",\"position\":3,\"name\":\"Halima\"}]},{\"@type\":\"WebSite\",\"@id\":\"https:\/\/neylaropadedanza.com\/#website\",\"url\":\"https:\/\/neylaropadedanza.com\/\",\"name\":\"NeylaRopaDeDanza\",\"description\":\"Ropa de Danza del Vientre, danza oriental, trajes, ropa de ensayo y mucho m\u00e1s!\",\"publisher\":{\"@id\":\"https:\/\/neylaropadedanza.com\/#organization\"},\"potentialAction\":[{\"@type\":\"SearchAction\",\"target\":{\"@type\":\"EntryPoint\",\"urlTemplate\":\"https:\/\/neylaropadedanza.com\/?s={search_term_string}\"},\"query-input\":{\"@type\":\"PropertyValueSpecification\",\"valueRequired\":true,\"valueName\":\"search_term_string\"}}],\"inLanguage\":\"en-US\"},{\"@type\":\"Organization\",\"@id\":\"https:\/\/neylaropadedanza.com\/#organization\",\"name\":\"NeylaRopaDeDanza\",\"url\":\"https:\/\/neylaropadedanza.com\/\",\"logo\":{\"@type\":\"ImageObject\",\"inLanguage\":\"en-US\",\"@id\":\"https:\/\/neylaropadedanza.com\/#\/schema\/logo\/image\/\",\"url\":\"https:\/\/neylaropadedanza.es\/wp-content\/uploads\/2025\/04\/Neyla-Blanc.webp\",\"contentUrl\":\"https:\/\/neylaropadedanza.es\/wp-content\/uploads\/2025\/04\/Neyla-Blanc.webp\",\"width\":1970,\"height\":936,\"caption\":\"NeylaRopaDeDanza\"},\"image\":{\"@id\":\"https:\/\/neylaropadedanza.com\/#\/schema\/logo\/image\/\"},\"sameAs\":[\"https:\/\/www.facebook.com\/neyladancewear\/\",\"https:\/\/www.instagram.com\/neyladancewear\/\",\"https:\/\/www.youtube.com\/channel\/UCKlqrANcZD0QqKXzpy4taWA?view_as=subscriber\"]}]}<\/script>\n<!-- \/ Yoast SEO plugin. -->","yoast_head_json":{"title":"Halima - Neyla Dancewear","robots":{"index":"index","follow":"follow","max-snippet":"max-snippet:-1","max-image-preview":"max-image-preview:large","max-video-preview":"max-video-preview:-1"},"canonical":"https:\/\/neylaropadedanza.es\/en\/product\/halima\/","og_locale":"en_US","og_type":"article","og_title":"Halima - Neyla Dancewear","og_description":"Size Guide","og_url":"https:\/\/neylaropadedanza.es\/en\/product\/halima\/","og_site_name":"Neyla Dancewear","article_publisher":"https:\/\/www.facebook.com\/neyladancewear\/","article_modified_time":"2025-07-14T20:13:43+00:00","og_image":[{"width":976,"height":1100,"url":"https:\/\/neylaropadedanza.com\/wp-content\/uploads\/2025\/04\/Danza-del-vientre-4.jpg","type":"image\/jpeg"}],"twitter_card":"summary_large_image","twitter_misc":{"Est. reading time":"1 minute"},"schema":{"@context":"https:\/\/schema.org","@graph":[{"@type":"WebPage","@id":"https:\/\/neylaropadedanza.es\/en\/product\/halima\/","url":"https:\/\/neylaropadedanza.es\/en\/product\/halima\/","name":"Halima - Neyla Dancewear","isPartOf":{"@id":"https:\/\/neylaropadedanza.com\/#website"},"primaryImageOfPage":{"@id":"https:\/\/neylaropadedanza.es\/en\/product\/halima\/#primaryimage"},"image":{"@id":"https:\/\/neylaropadedanza.es\/en\/product\/halima\/#primaryimage"},"thumbnailUrl":"https:\/\/neylaropadedanza.es\/wp-content\/uploads\/2025\/04\/Danza-del-vientre-4.jpg","datePublished":"2025-04-29T21:12:06+00:00","dateModified":"2025-07-14T20:13:43+00:00","breadcrumb":{"@id":"https:\/\/neylaropadedanza.es\/en\/product\/halima\/#breadcrumb"},"inLanguage":"en-US","potentialAction":[{"@type":"ReadAction","target":["https:\/\/neylaropadedanza.es\/en\/product\/halima\/"]}]},{"@type":"ImageObject","inLanguage":"en-US","@id":"https:\/\/neylaropadedanza.es\/en\/product\/halima\/#primaryimage","url":"https:\/\/neylaropadedanza.es\/wp-content\/uploads\/2025\/04\/Danza-del-vientre-4.jpg","contentUrl":"https:\/\/neylaropadedanza.es\/wp-content\/uploads\/2025\/04\/Danza-del-vientre-4.jpg","width":976,"height":1100,"caption":"Asymmetrical black skirt with shorts for belly dance."},{"@type":"BreadcrumbList","@id":"https:\/\/neylaropadedanza.es\/en\/product\/halima\/#breadcrumb","itemListElement":[{"@type":"ListItem","position":1,"name":"Home","item":"https:\/\/neylaropadedanza.es\/en\/"},{"@type":"ListItem","position":2,"name":"Products","item":"https:\/\/neylaropadedanza.es\/en\/shop\/"},{"@type":"ListItem","position":3,"name":"Halima"}]},{"@type":"WebSite","@id":"https:\/\/neylaropadedanza.com\/#website","url":"https:\/\/neylaropadedanza.com\/","name":"NeylaRopaDeDanza","description":"Ropa de Danza del Vientre, danza oriental, trajes, ropa de ensayo y mucho m\u00e1s!","publisher":{"@id":"https:\/\/neylaropadedanza.com\/#organization"},"potentialAction":[{"@type":"SearchAction","target":{"@type":"EntryPoint","urlTemplate":"https:\/\/neylaropadedanza.com\/?s={search_term_string}"},"query-input":{"@type":"PropertyValueSpecification","valueRequired":true,"valueName":"search_term_string"}}],"inLanguage":"en-US"},{"@type":"Organization","@id":"https:\/\/neylaropadedanza.com\/#organization","name":"NeylaRopaDeDanza","url":"https:\/\/neylaropadedanza.com\/","logo":{"@type":"ImageObject","inLanguage":"en-US","@id":"https:\/\/neylaropadedanza.com\/#\/schema\/logo\/image\/","url":"https:\/\/neylaropadedanza.es\/wp-content\/uploads\/2025\/04\/Neyla-Blanc.webp","contentUrl":"https:\/\/neylaropadedanza.es\/wp-content\/uploads\/2025\/04\/Neyla-Blanc.webp","width":1970,"height":936,"caption":"NeylaRopaDeDanza"},"image":{"@id":"https:\/\/neylaropadedanza.com\/#\/schema\/logo\/image\/"},"sameAs":["https:\/\/www.facebook.com\/neyladancewear\/","https:\/\/www.instagram.com\/neyladancewear\/","https:\/\/www.youtube.com\/channel\/UCKlqrANcZD0QqKXzpy4taWA?view_as=subscriber"]}]}},"_links":{"self":[{"href":"https:\/\/neylaropadedanza.es\/en\/wp-json\/wp\/v2\/product\/18761","targetHints":{"allow":["GET"]}}],"collection":[{"href":"https:\/\/neylaropadedanza.es\/en\/wp-json\/wp\/v2\/product"}],"about":[{"href":"https:\/\/neylaropadedanza.es\/en\/wp-json\/wp\/v2\/types\/product"}],"replies":[{"embeddable":true,"href":"https:\/\/neylaropadedanza.es\/en\/wp-json\/wp\/v2\/comments?post=18761"}],"version-history":[{"count":0,"href":"https:\/\/neylaropadedanza.es\/en\/wp-json\/wp\/v2\/product\/18761\/revisions"}],"wp:featuredmedia":[{"embeddable":true,"href":"https:\/\/neylaropadedanza.es\/en\/wp-json\/wp\/v2\/media\/18729"}],"wp:attachment":[{"href":"https:\/\/neylaropadedanza.es\/en\/wp-json\/wp\/v2\/media?parent=18761"}],"wp:term":[{"taxonomy":"product_brand","embeddable":true,"href":"https:\/\/neylaropadedanza.es\/en\/wp-json\/wp\/v2\/product_brand?post=18761"},{"taxonomy":"product_cat","embeddable":true,"href":"https:\/\/neylaropadedanza.es\/en\/wp-json\/wp\/v2\/product_cat?post=18761"},{"taxonomy":"product_tag","embeddable":true,"href":"https:\/\/neylaropadedanza.es\/en\/wp-json\/wp\/v2\/product_tag?post=18761"}],"curies":[{"name":"wp","href":"https:\/\/api.w.org\/{rel}","templated":true}]}}